{"id":125252,"date":"2024-02-12T10:23:32","date_gmt":"2024-02-12T09:23:32","guid":{"rendered":"https:\/\/www.fabioferro.eu\/madi-nuvole-collection-armband-mit-fuenffarbigem-hydrothermalquarz.html"},"modified":"2025-03-11T18:09:22","modified_gmt":"2025-03-11T17:09:22","slug":"madi-nuvole-collection-armband-mit-fuenffarbigem-hydrothermalquarz","status":"publish","type":"product","link":"https:\/\/www.fabioferro.eu\/de\/madi-nuvole-collection-armband-mit-fuenffarbigem-hydrothermalquarz.html","title":{"rendered":"Madi Nuvole Collection Armband mit f\u00fcnffarbigem Hydrothermalquarz"},"content":{"rendered":"<p>Armband aus 925er Silber, versilbert in einem Bad aus Ros\u00e9gold.<\/p>\n<p>Das Armband besteht aus f\u00fcnf \u00f6kologischen hydrothermalen Quarzsteinen mit abgerundetem Schliff in Blaut\u00f6nen.<\/p>\n<p>Die Gr\u00f6\u00dfe kann dank der speziellen Ringe am Ende zwischen 17 cm und 21 cm eingestellt werden.<\/p>\n<p>Handgefertigt in Italien, Made in Italy.<\/p>\n<p>Einfacher und sicherer Klickverschluss.<\/p>\n<p>Armband wird mit offizieller Mad\u00ec-Box, zwei Jahren Garantie und Einkaufstasche geliefert.<\/p>\n","protected":false},"excerpt":{"rendered":"<p>F\u00fcnf funkelnde Quarzsteine tanzen in diesem faszinierenden Schmuckst\u00fcck aus der Kollektion Mad\u00ec.<\/p>\n","protected":false},"featured_media":125029,"comment_status":"open","ping_status":"closed","template":"","meta":[],"product_brand":[],"product_cat":[5954],"product_tag":[],"class_list":{"0":"post-125252","1":"product","2":"type-product","3":"status-publish","4":"has-post-thumbnail","6":"product_cat-madi-armbander","8":"first","9":"instock","10":"sale","11":"taxable","12":"shipping-taxable","13":"purchasable","14":"product-type-simple"},"exclude_global_add_ons":[],"addons":[],"df_price":160.2,"df_sale_price":160.2,"df_regular_price":178,"df_image_link":"https:\/\/cdn02.fabioferro.eu\/wp-content\/uploads\/Bracciale-Madi-Collezione-Nuvole-con-Cinque-Quarzi-Idrotermali-Colorati.jpg","_links":{"self":[{"href":"https:\/\/www.fabioferro.eu\/de\/wp-json\/wp\/v2\/product\/125252","targetHints":{"allow":["GET"]}}],"collection":[{"href":"https:\/\/www.fabioferro.eu\/de\/wp-json\/wp\/v2\/product"}],"about":[{"href":"https:\/\/www.fabioferro.eu\/de\/wp-json\/wp\/v2\/types\/product"}],"replies":[{"embeddable":true,"href":"https:\/\/www.fabioferro.eu\/de\/wp-json\/wp\/v2\/comments?post=125252"}],"version-history":[{"count":0,"href":"https:\/\/www.fabioferro.eu\/de\/wp-json\/wp\/v2\/product\/125252\/revisions"}],"wp:featuredmedia":[{"embeddable":true,"href":"https:\/\/www.fabioferro.eu\/de\/wp-json\/wp\/v2\/media\/125029"}],"wp:attachment":[{"href":"https:\/\/www.fabioferro.eu\/de\/wp-json\/wp\/v2\/media?parent=125252"}],"wp:term":[{"taxonomy":"product_brand","embeddable":true,"href":"https:\/\/www.fabioferro.eu\/de\/wp-json\/wp\/v2\/product_brand?post=125252"},{"taxonomy":"product_cat","embeddable":true,"href":"https:\/\/www.fabioferro.eu\/de\/wp-json\/wp\/v2\/product_cat?post=125252"},{"taxonomy":"product_tag","embeddable":true,"href":"https:\/\/www.fabioferro.eu\/de\/wp-json\/wp\/v2\/product_tag?post=125252"}],"curies":[{"name":"wp","href":"https:\/\/api.w.org\/{rel}","templated":true}]}}