{"id":125254,"date":"2024-02-12T10:23:43","date_gmt":"2024-02-12T09:23:43","guid":{"rendered":"https:\/\/www.fabioferro.eu\/madi-nuvole-armband-mit-mehrfarbigem-hydrothermalquarz.html"},"modified":"2025-08-06T13:07:18","modified_gmt":"2025-08-06T11:07:18","slug":"madi-nuvole-armband-mit-mehrfarbigem-hydrothermalquarz","status":"publish","type":"product","link":"https:\/\/www.fabioferro.eu\/de\/madi-nuvole-armband-mit-mehrfarbigem-hydrothermalquarz.html","title":{"rendered":"Madi Nuvole Armband mit mehrfarbigem Hydrothermalquarz"},"content":{"rendered":"<p>Armband aus der Nuvole Kollektion aus ros\u00e9farbenem 925er Silber mit vier \u00f6kologischen hydrothermalen Quarzen in Blaut\u00f6nen. Die Gr\u00f6\u00dfe des Schmuckst\u00fccks kann mit den entsprechenden Ringen zwischen 17 cm und 21 cm verstellt werden. Handgefertigt, Made in Italy. Das Armband wird mit der offiziellen Mad\u00ec Box, einer Einkaufstasche und zwei Jahren Garantie geliefert.<\/p>\n","protected":false},"excerpt":{"rendered":"<p>Verschiedene Blaut\u00f6ne mischen sich harmonisch in diesem lebendigen Armband mit jugendlichem Stil.<\/p>\n","protected":false},"featured_media":125040,"comment_status":"open","ping_status":"closed","template":"","meta":[],"product_brand":[],"product_cat":[5954],"product_tag":[],"class_list":{"0":"post-125254","1":"product","2":"type-product","3":"status-publish","4":"has-post-thumbnail","6":"product_cat-madi-armbander","8":"first","9":"instock","10":"sale","11":"taxable","12":"shipping-taxable","13":"purchasable","14":"product-type-simple"},"exclude_global_add_ons":[],"addons":[],"df_price":152.1,"df_sale_price":152.1,"df_regular_price":169,"df_image_link":"https:\/\/cdn02.fabioferro.eu\/wp-content\/uploads\/Bracciale-Madi-Nuvole-con-Quarzi-Idrotermali-Multicolor.jpg","_links":{"self":[{"href":"https:\/\/www.fabioferro.eu\/de\/wp-json\/wp\/v2\/product\/125254","targetHints":{"allow":["GET"]}}],"collection":[{"href":"https:\/\/www.fabioferro.eu\/de\/wp-json\/wp\/v2\/product"}],"about":[{"href":"https:\/\/www.fabioferro.eu\/de\/wp-json\/wp\/v2\/types\/product"}],"replies":[{"embeddable":true,"href":"https:\/\/www.fabioferro.eu\/de\/wp-json\/wp\/v2\/comments?post=125254"}],"version-history":[{"count":1,"href":"https:\/\/www.fabioferro.eu\/de\/wp-json\/wp\/v2\/product\/125254\/revisions"}],"predecessor-version":[{"id":193035,"href":"https:\/\/www.fabioferro.eu\/de\/wp-json\/wp\/v2\/product\/125254\/revisions\/193035"}],"wp:featuredmedia":[{"embeddable":true,"href":"https:\/\/www.fabioferro.eu\/de\/wp-json\/wp\/v2\/media\/125040"}],"wp:attachment":[{"href":"https:\/\/www.fabioferro.eu\/de\/wp-json\/wp\/v2\/media?parent=125254"}],"wp:term":[{"taxonomy":"product_brand","embeddable":true,"href":"https:\/\/www.fabioferro.eu\/de\/wp-json\/wp\/v2\/product_brand?post=125254"},{"taxonomy":"product_cat","embeddable":true,"href":"https:\/\/www.fabioferro.eu\/de\/wp-json\/wp\/v2\/product_cat?post=125254"},{"taxonomy":"product_tag","embeddable":true,"href":"https:\/\/www.fabioferro.eu\/de\/wp-json\/wp\/v2\/product_tag?post=125254"}],"curies":[{"name":"wp","href":"https:\/\/api.w.org\/{rel}","templated":true}]}}