{"id":125257,"date":"2024-02-12T10:24:39","date_gmt":"2024-02-12T09:24:39","guid":{"rendered":"https:\/\/www.fabioferro.eu\/madi-nuvole-collection-halskette-mit-sechs-hydrothermalquarzen.html"},"modified":"2025-03-11T18:09:24","modified_gmt":"2025-03-11T17:09:24","slug":"madi-nuvole-collection-halskette-mit-sechs-hydrothermalquarzen","status":"publish","type":"product","link":"https:\/\/www.fabioferro.eu\/de\/madi-nuvole-collection-halskette-mit-sechs-hydrothermalquarzen.html","title":{"rendered":"Madi Nuvole Collection Halskette mit sechs Hydrothermalquarzen"},"content":{"rendered":"<p>Die Mad\u00ec Halskette ist komplett aus 925er Silber gefertigt und in Ros\u00e9gold gebadet.<\/p>\n<p>Die sechs Steine, aus denen die Halskette besteht, sind \u00f6kologische hydrothermale Quarze in verschiedenen Formen und Blaut\u00f6nen.<\/p>\n<p>Die L\u00e4nge der Halskette ist dank der Endringe von 44 cm bis 48 cm verstellbar.<\/p>\n<p>Vollst\u00e4ndig von Kunsthandwerkern hergestellt, Made in Italy.<\/p>\n<p>Schneller und sicherer Verschluss durch einen speziellen Karabinerhaken.<\/p>\n<p>Die Halskette wird mit der offiziellen Mad\u00ec Box, einer Einkaufstasche und zwei Jahren Garantie geliefert.<\/p>\n","protected":false},"excerpt":{"rendered":"<p>Bezaubernde Edelsteine in zartem Blau f\u00fcgen sich harmonisch ineinander und machen diese Halskette zu einem Schmuckst\u00fcck f\u00fcr jede Gelegenheit.<\/p>\n","protected":false},"featured_media":125067,"comment_status":"open","ping_status":"closed","template":"","meta":[],"product_brand":[],"product_cat":[5951],"product_tag":[],"class_list":{"0":"post-125257","1":"product","2":"type-product","3":"status-publish","4":"has-post-thumbnail","6":"product_cat-madi-halsketten","8":"first","9":"instock","10":"sale","11":"taxable","12":"shipping-taxable","13":"purchasable","14":"product-type-simple"},"exclude_global_add_ons":[],"addons":[],"df_price":188.1,"df_sale_price":188.1,"df_regular_price":209,"df_image_link":"https:\/\/cdn02.fabioferro.eu\/wp-content\/uploads\/Collana-Madi-Collezione-Nuvole-con-Sei-Quarzi-Idrotermali.jpg","_links":{"self":[{"href":"https:\/\/www.fabioferro.eu\/de\/wp-json\/wp\/v2\/product\/125257","targetHints":{"allow":["GET"]}}],"collection":[{"href":"https:\/\/www.fabioferro.eu\/de\/wp-json\/wp\/v2\/product"}],"about":[{"href":"https:\/\/www.fabioferro.eu\/de\/wp-json\/wp\/v2\/types\/product"}],"replies":[{"embeddable":true,"href":"https:\/\/www.fabioferro.eu\/de\/wp-json\/wp\/v2\/comments?post=125257"}],"version-history":[{"count":0,"href":"https:\/\/www.fabioferro.eu\/de\/wp-json\/wp\/v2\/product\/125257\/revisions"}],"wp:featuredmedia":[{"embeddable":true,"href":"https:\/\/www.fabioferro.eu\/de\/wp-json\/wp\/v2\/media\/125067"}],"wp:attachment":[{"href":"https:\/\/www.fabioferro.eu\/de\/wp-json\/wp\/v2\/media?parent=125257"}],"wp:term":[{"taxonomy":"product_brand","embeddable":true,"href":"https:\/\/www.fabioferro.eu\/de\/wp-json\/wp\/v2\/product_brand?post=125257"},{"taxonomy":"product_cat","embeddable":true,"href":"https:\/\/www.fabioferro.eu\/de\/wp-json\/wp\/v2\/product_cat?post=125257"},{"taxonomy":"product_tag","embeddable":true,"href":"https:\/\/www.fabioferro.eu\/de\/wp-json\/wp\/v2\/product_tag?post=125257"}],"curies":[{"name":"wp","href":"https:\/\/api.w.org\/{rel}","templated":true}]}}