{"id":126376,"date":"2024-02-23T08:19:54","date_gmt":"2024-02-23T07:19:54","guid":{"rendered":"https:\/\/www.fabioferro.eu\/giovanni-raspini-perlen-kristallarmband-gruen.html"},"modified":"2025-03-11T18:07:10","modified_gmt":"2025-03-11T17:07:10","slug":"giovanni-raspini-perlen-kristallarmband-gruen","status":"publish","type":"product","link":"https:\/\/www.fabioferro.eu\/de\/giovanni-raspini-perlen-kristallarmband-gruen.html","title":{"rendered":"Giovanni Raspini Perlen Kristallarmband Gr\u00fcn"},"content":{"rendered":"<p>Armband aus 925er Sterlingsilber und gr\u00fcnen Zirkonia.<\/p>\n<p>Die Gesamtl\u00e4nge betr\u00e4gt 20 cm.<\/p>\n<p>Sicherer Karabinerverschluss und Bris\u00e9-Ring.<\/p>\n<p>Handgefertigt, Made in Italy.<\/p>\n<p>Mit Box und offizieller Giovanni Raspini Garantie<\/p>\n","protected":false},"excerpt":{"rendered":"<p>Das zeitlose Schmuckst\u00fcck ist eine Ikone der handwerklichen Eleganz und verk\u00f6rpert die unverwechselbare Sch\u00f6nheit der mit Leidenschaft und Pr\u00e4zision von Hand ausgef\u00fchrten Details.<\/p>\n","protected":false},"featured_media":126361,"comment_status":"open","ping_status":"closed","template":"","meta":[],"product_brand":[],"product_cat":[7569,7620],"product_tag":[7442],"class_list":{"0":"post-126376","1":"product","2":"type-product","3":"status-publish","4":"has-post-thumbnail","6":"product_cat-armbander-giovanni-raspini","7":"product_cat-outlet-schmuck","8":"product_tag-verfugbar","10":"first","11":"instock","12":"sale","13":"taxable","14":"shipping-taxable","15":"purchasable","16":"product-type-simple"},"exclude_global_add_ons":[],"addons":[],"df_price":211.5,"df_sale_price":211.5,"df_regular_price":235,"df_image_link":"https:\/\/cdn02.fabioferro.eu\/wp-content\/uploads\/Bracciale-Giovanni-Raspini-Beads-Crystal-Verde.jpg","_links":{"self":[{"href":"https:\/\/www.fabioferro.eu\/de\/wp-json\/wp\/v2\/product\/126376","targetHints":{"allow":["GET"]}}],"collection":[{"href":"https:\/\/www.fabioferro.eu\/de\/wp-json\/wp\/v2\/product"}],"about":[{"href":"https:\/\/www.fabioferro.eu\/de\/wp-json\/wp\/v2\/types\/product"}],"replies":[{"embeddable":true,"href":"https:\/\/www.fabioferro.eu\/de\/wp-json\/wp\/v2\/comments?post=126376"}],"version-history":[{"count":0,"href":"https:\/\/www.fabioferro.eu\/de\/wp-json\/wp\/v2\/product\/126376\/revisions"}],"wp:featuredmedia":[{"embeddable":true,"href":"https:\/\/www.fabioferro.eu\/de\/wp-json\/wp\/v2\/media\/126361"}],"wp:attachment":[{"href":"https:\/\/www.fabioferro.eu\/de\/wp-json\/wp\/v2\/media?parent=126376"}],"wp:term":[{"taxonomy":"product_brand","embeddable":true,"href":"https:\/\/www.fabioferro.eu\/de\/wp-json\/wp\/v2\/product_brand?post=126376"},{"taxonomy":"product_cat","embeddable":true,"href":"https:\/\/www.fabioferro.eu\/de\/wp-json\/wp\/v2\/product_cat?post=126376"},{"taxonomy":"product_tag","embeddable":true,"href":"https:\/\/www.fabioferro.eu\/de\/wp-json\/wp\/v2\/product_tag?post=126376"}],"curies":[{"name":"wp","href":"https:\/\/api.w.org\/{rel}","templated":true}]}}