{"id":126390,"date":"2024-02-23T08:19:42","date_gmt":"2024-02-23T07:19:42","guid":{"rendered":"https:\/\/www.fabioferro.eu\/giovanni-raspini-ring-bluete.html"},"modified":"2025-06-06T16:01:38","modified_gmt":"2025-06-06T14:01:38","slug":"giovanni-raspini-ring-bluete","status":"publish","type":"product","link":"https:\/\/www.fabioferro.eu\/de\/giovanni-raspini-ring-bluete.html","title":{"rendered":"Giovanni Raspini Ring Bl\u00fcte"},"content":{"rendered":"<p>Ring aus 925er Silber mit einer nat\u00fcrlichen rosa Perle. Erh\u00e4ltlich in den Gr\u00f6\u00dfen 12 bis 19. Vollst\u00e4ndig in Handarbeit hergestellt, Made in Italy. Mit Box und offizieller Giovanni Raspini Garantie.<\/p>\n","protected":false},"excerpt":{"rendered":"<p>Ein Ring mit modernem Design und raffinierten Details, perfekt, um eine einzigartige Pers\u00f6nlichkeit zum Ausdruck zu bringen.<\/p>\n","protected":false},"featured_media":126341,"comment_status":"open","ping_status":"closed","template":"","meta":[],"product_brand":[],"product_cat":[7572],"product_tag":[],"class_list":{"0":"post-126390","1":"product","2":"type-product","3":"status-publish","4":"has-post-thumbnail","6":"product_cat-ringe-giovanni-raspini","8":"first","9":"instock","10":"sale","11":"taxable","12":"shipping-taxable","13":"purchasable","14":"product-type-variable","15":"has-default-attributes"},"exclude_global_add_ons":[],"addons":[],"df_price":238.5,"df_sale_price":"","df_regular_price":238.5,"df_image_link":"https:\/\/cdn02.fabioferro.eu\/wp-content\/uploads\/Anello-Giovanni-Raspini-Blossom.jpg","_links":{"self":[{"href":"https:\/\/www.fabioferro.eu\/de\/wp-json\/wp\/v2\/product\/126390","targetHints":{"allow":["GET"]}}],"collection":[{"href":"https:\/\/www.fabioferro.eu\/de\/wp-json\/wp\/v2\/product"}],"about":[{"href":"https:\/\/www.fabioferro.eu\/de\/wp-json\/wp\/v2\/types\/product"}],"replies":[{"embeddable":true,"href":"https:\/\/www.fabioferro.eu\/de\/wp-json\/wp\/v2\/comments?post=126390"}],"version-history":[{"count":0,"href":"https:\/\/www.fabioferro.eu\/de\/wp-json\/wp\/v2\/product\/126390\/revisions"}],"wp:featuredmedia":[{"embeddable":true,"href":"https:\/\/www.fabioferro.eu\/de\/wp-json\/wp\/v2\/media\/126341"}],"wp:attachment":[{"href":"https:\/\/www.fabioferro.eu\/de\/wp-json\/wp\/v2\/media?parent=126390"}],"wp:term":[{"taxonomy":"product_brand","embeddable":true,"href":"https:\/\/www.fabioferro.eu\/de\/wp-json\/wp\/v2\/product_brand?post=126390"},{"taxonomy":"product_cat","embeddable":true,"href":"https:\/\/www.fabioferro.eu\/de\/wp-json\/wp\/v2\/product_cat?post=126390"},{"taxonomy":"product_tag","embeddable":true,"href":"https:\/\/www.fabioferro.eu\/de\/wp-json\/wp\/v2\/product_tag?post=126390"}],"curies":[{"name":"wp","href":"https:\/\/api.w.org\/{rel}","templated":true}]}}