{"id":126446,"date":"2024-02-23T08:19:40","date_gmt":"2024-02-23T07:19:40","guid":{"rendered":"https:\/\/www.fabioferro.eu\/giovanni-raspini-ring-blossom-grande.html"},"modified":"2025-08-26T09:37:32","modified_gmt":"2025-08-26T07:37:32","slug":"giovanni-raspini-ring-blossom-grande","status":"publish","type":"product","link":"https:\/\/www.fabioferro.eu\/de\/giovanni-raspini-ring-blossom-grande.html","title":{"rendered":"Giovanni Raspini Ring Blossom Grande"},"content":{"rendered":"<p>Ring von Giovanni Raspini aus 925er Sterlingsilber. In dem Schmuckst\u00fcck ist eine nat\u00fcrliche rosa Perle gefasst. Handgefertigt von Meisterhand, Made in Italy. Erh\u00e4ltlich in verschiedenen Gr\u00f6\u00dfen, von Nummer 12 bis 19. Wird mit Box und offizieller Giovanni Raspini Garantie geliefert.<\/p>\n","protected":false},"excerpt":{"rendered":"<p>Ein Ring aus edlen Materialien, der zu jeder Gelegenheit einen Hauch von Eleganz und anspruchsvollem Stil verleiht.<\/p>\n","protected":false},"featured_media":126337,"comment_status":"open","ping_status":"closed","template":"","meta":[],"product_brand":[155],"product_cat":[7572],"product_tag":[],"class_list":{"0":"post-126446","1":"product","2":"type-product","3":"status-publish","4":"has-post-thumbnail","6":"product_brand-raspini","7":"product_cat-ringe-giovanni-raspini","9":"first","10":"instock","11":"sale","12":"taxable","13":"shipping-taxable","14":"purchasable","15":"product-type-variable","16":"has-default-attributes"},"exclude_global_add_ons":[],"addons":[],"df_price":279,"df_sale_price":"","df_regular_price":279,"df_image_link":"https:\/\/cdn02.fabioferro.eu\/wp-content\/uploads\/Anello-Giovanni-Raspini-Blossom-Grande.jpg","_links":{"self":[{"href":"https:\/\/www.fabioferro.eu\/de\/wp-json\/wp\/v2\/product\/126446","targetHints":{"allow":["GET"]}}],"collection":[{"href":"https:\/\/www.fabioferro.eu\/de\/wp-json\/wp\/v2\/product"}],"about":[{"href":"https:\/\/www.fabioferro.eu\/de\/wp-json\/wp\/v2\/types\/product"}],"replies":[{"embeddable":true,"href":"https:\/\/www.fabioferro.eu\/de\/wp-json\/wp\/v2\/comments?post=126446"}],"version-history":[{"count":1,"href":"https:\/\/www.fabioferro.eu\/de\/wp-json\/wp\/v2\/product\/126446\/revisions"}],"predecessor-version":[{"id":186905,"href":"https:\/\/www.fabioferro.eu\/de\/wp-json\/wp\/v2\/product\/126446\/revisions\/186905"}],"wp:featuredmedia":[{"embeddable":true,"href":"https:\/\/www.fabioferro.eu\/de\/wp-json\/wp\/v2\/media\/126337"}],"wp:attachment":[{"href":"https:\/\/www.fabioferro.eu\/de\/wp-json\/wp\/v2\/media?parent=126446"}],"wp:term":[{"taxonomy":"product_brand","embeddable":true,"href":"https:\/\/www.fabioferro.eu\/de\/wp-json\/wp\/v2\/product_brand?post=126446"},{"taxonomy":"product_cat","embeddable":true,"href":"https:\/\/www.fabioferro.eu\/de\/wp-json\/wp\/v2\/product_cat?post=126446"},{"taxonomy":"product_tag","embeddable":true,"href":"https:\/\/www.fabioferro.eu\/de\/wp-json\/wp\/v2\/product_tag?post=126446"}],"curies":[{"name":"wp","href":"https:\/\/api.w.org\/{rel}","templated":true}]}}