{"id":126447,"date":"2024-02-23T08:19:17","date_gmt":"2024-02-23T07:19:17","guid":{"rendered":"https:\/\/www.fabioferro.eu\/giovanni-raspini-mini-drops-armband.html"},"modified":"2025-03-11T18:08:18","modified_gmt":"2025-03-11T17:08:18","slug":"giovanni-raspini-mini-drops-armband","status":"publish","type":"product","link":"https:\/\/www.fabioferro.eu\/de\/giovanni-raspini-mini-drops-armband.html","title":{"rendered":"Giovanni Raspini Mini Drops Armband"},"content":{"rendered":"<p>Armband aus 925er Sterlingsilber.<\/p>\n<p>Vier nat\u00fcrliche Perlen befinden sich entlang des Armbands.<\/p>\n<p>Die L\u00e4nge des Schmuckst\u00fccks betr\u00e4gt 20,5 cm.<\/p>\n<p>Karabinerhakenverschluss mit verstellbaren Gliedern.<\/p>\n<p>Hergestellt von italienischen Handwerkern, Made in Italy.<\/p>\n<p>Geliefert mit offizieller Giovanni Raspini Box und Garantie.<\/p>\n","protected":false},"excerpt":{"rendered":"<p>Ein sorgf\u00e4ltig gearbeiteter Armreif wird zum Zeugnis einer kostbaren Kunst, die in der Seele weiterschwingt.<\/p>\n","protected":false},"featured_media":126301,"comment_status":"open","ping_status":"closed","template":"","meta":[],"product_brand":[155],"product_cat":[7569],"product_tag":[],"class_list":{"0":"post-126447","1":"product","2":"type-product","3":"status-publish","4":"has-post-thumbnail","6":"product_brand-raspini","7":"product_cat-armbander-giovanni-raspini","9":"first","10":"instock","11":"sale","12":"taxable","13":"shipping-taxable","14":"purchasable","15":"product-type-simple"},"exclude_global_add_ons":[],"addons":[],"df_price":234,"df_sale_price":234,"df_regular_price":260,"df_image_link":"https:\/\/cdn02.fabioferro.eu\/wp-content\/uploads\/Bracciale-Giovanni-Raspini-Mini-Drops.jpg","_links":{"self":[{"href":"https:\/\/www.fabioferro.eu\/de\/wp-json\/wp\/v2\/product\/126447","targetHints":{"allow":["GET"]}}],"collection":[{"href":"https:\/\/www.fabioferro.eu\/de\/wp-json\/wp\/v2\/product"}],"about":[{"href":"https:\/\/www.fabioferro.eu\/de\/wp-json\/wp\/v2\/types\/product"}],"replies":[{"embeddable":true,"href":"https:\/\/www.fabioferro.eu\/de\/wp-json\/wp\/v2\/comments?post=126447"}],"version-history":[{"count":0,"href":"https:\/\/www.fabioferro.eu\/de\/wp-json\/wp\/v2\/product\/126447\/revisions"}],"wp:featuredmedia":[{"embeddable":true,"href":"https:\/\/www.fabioferro.eu\/de\/wp-json\/wp\/v2\/media\/126301"}],"wp:attachment":[{"href":"https:\/\/www.fabioferro.eu\/de\/wp-json\/wp\/v2\/media?parent=126447"}],"wp:term":[{"taxonomy":"product_brand","embeddable":true,"href":"https:\/\/www.fabioferro.eu\/de\/wp-json\/wp\/v2\/product_brand?post=126447"},{"taxonomy":"product_cat","embeddable":true,"href":"https:\/\/www.fabioferro.eu\/de\/wp-json\/wp\/v2\/product_cat?post=126447"},{"taxonomy":"product_tag","embeddable":true,"href":"https:\/\/www.fabioferro.eu\/de\/wp-json\/wp\/v2\/product_tag?post=126447"}],"curies":[{"name":"wp","href":"https:\/\/api.w.org\/{rel}","templated":true}]}}