{"id":126460,"date":"2024-02-23T08:19:08","date_gmt":"2024-02-23T07:19:08","guid":{"rendered":"https:\/\/www.fabioferro.eu\/giovanni-raspini-koralle-dorata-kleines-armband.html"},"modified":"2025-03-11T18:08:16","modified_gmt":"2025-03-11T17:08:16","slug":"giovanni-raspini-koralle-dorata-kleines-armband","status":"publish","type":"product","link":"https:\/\/www.fabioferro.eu\/de\/giovanni-raspini-koralle-dorata-kleines-armband.html","title":{"rendered":"Giovanni Raspini Koralle Dorata Kleines Armband"},"content":{"rendered":"<p>Giovanni Raspini Armband aus 925er Sterlingsilber in einem Goldbad.<\/p>\n<p>Armbandl\u00e4nge 19,5 cm.<\/p>\n<p>Karabinerverschluss mit verstellbaren Gliedern.<\/p>\n<p>Hergestellt von Meisterhandwerkern, Made in Italy.<\/p>\n<p>Geliefert mit Garantie und offizieller Giovanni Raspini Box.<\/p>\n","protected":false},"excerpt":{"rendered":"<p>Ein Juwel, das hinter seiner Eleganz eine lebendige Pers\u00f6nlichkeit und au\u00dfergew\u00f6hnliche Sch\u00f6nheit verbirgt.<\/p>\n","protected":false},"featured_media":126271,"comment_status":"open","ping_status":"closed","template":"","meta":[],"product_brand":[155],"product_cat":[7569],"product_tag":[],"class_list":{"0":"post-126460","1":"product","2":"type-product","3":"status-publish","4":"has-post-thumbnail","6":"product_brand-raspini","7":"product_cat-armbander-giovanni-raspini","9":"first","10":"instock","11":"sale","12":"taxable","13":"shipping-taxable","14":"purchasable","15":"product-type-simple"},"exclude_global_add_ons":[],"addons":[],"df_price":418.5,"df_sale_price":418.5,"df_regular_price":465,"df_image_link":"https:\/\/cdn02.fabioferro.eu\/wp-content\/uploads\/Bracciale-Giovanni-Raspini-Coral-Dorata-Piccolo.jpg","_links":{"self":[{"href":"https:\/\/www.fabioferro.eu\/de\/wp-json\/wp\/v2\/product\/126460","targetHints":{"allow":["GET"]}}],"collection":[{"href":"https:\/\/www.fabioferro.eu\/de\/wp-json\/wp\/v2\/product"}],"about":[{"href":"https:\/\/www.fabioferro.eu\/de\/wp-json\/wp\/v2\/types\/product"}],"replies":[{"embeddable":true,"href":"https:\/\/www.fabioferro.eu\/de\/wp-json\/wp\/v2\/comments?post=126460"}],"version-history":[{"count":0,"href":"https:\/\/www.fabioferro.eu\/de\/wp-json\/wp\/v2\/product\/126460\/revisions"}],"wp:featuredmedia":[{"embeddable":true,"href":"https:\/\/www.fabioferro.eu\/de\/wp-json\/wp\/v2\/media\/126271"}],"wp:attachment":[{"href":"https:\/\/www.fabioferro.eu\/de\/wp-json\/wp\/v2\/media?parent=126460"}],"wp:term":[{"taxonomy":"product_brand","embeddable":true,"href":"https:\/\/www.fabioferro.eu\/de\/wp-json\/wp\/v2\/product_brand?post=126460"},{"taxonomy":"product_cat","embeddable":true,"href":"https:\/\/www.fabioferro.eu\/de\/wp-json\/wp\/v2\/product_cat?post=126460"},{"taxonomy":"product_tag","embeddable":true,"href":"https:\/\/www.fabioferro.eu\/de\/wp-json\/wp\/v2\/product_tag?post=126460"}],"curies":[{"name":"wp","href":"https:\/\/api.w.org\/{rel}","templated":true}]}}