{"id":126532,"date":"2024-02-22T19:33:42","date_gmt":"2024-02-22T18:33:42","guid":{"rendered":"https:\/\/www.fabioferro.eu\/giovanni-raspini-tartaruga-farbring.html"},"modified":"2025-06-06T15:47:38","modified_gmt":"2025-06-06T13:47:38","slug":"giovanni-raspini-tartaruga-farbring","status":"publish","type":"product","link":"https:\/\/www.fabioferro.eu\/de\/giovanni-raspini-tartaruga-farbring.html","title":{"rendered":"Giovanni Raspini Tartaruga Farbring"},"content":{"rendered":"<p>Ring aus 925er Silber mit einem 2,2 cm gro\u00dfen aquamarinfarbenen Quarz. Vollst\u00e4ndig in Handarbeit hergestellt, Made in Italy. Mit Box, Tragetasche und zweij\u00e4hriger offizieller Giovanni Raspini Garantie.<\/p>\n","protected":false},"excerpt":{"rendered":"<p>Ein Ring, der sich in die Natur einf\u00fcgt und seiner Tr\u00e4gerin Schlichtheit und Charakter verleiht.<\/p>\n","protected":false},"featured_media":126208,"comment_status":"open","ping_status":"closed","template":"","meta":[],"product_brand":[],"product_cat":[7572],"product_tag":[],"class_list":{"0":"post-126532","1":"product","2":"type-product","3":"status-publish","4":"has-post-thumbnail","6":"product_cat-ringe-giovanni-raspini","8":"first","9":"instock","10":"sale","11":"taxable","12":"shipping-taxable","13":"purchasable","14":"product-type-variable","15":"has-default-attributes"},"exclude_global_add_ons":[],"addons":[],"df_price":405,"df_sale_price":"","df_regular_price":405,"df_image_link":"https:\/\/cdn02.fabioferro.eu\/wp-content\/uploads\/Anello-Giovanni-Raspini-Tartaruga-Color.jpg","_links":{"self":[{"href":"https:\/\/www.fabioferro.eu\/de\/wp-json\/wp\/v2\/product\/126532","targetHints":{"allow":["GET"]}}],"collection":[{"href":"https:\/\/www.fabioferro.eu\/de\/wp-json\/wp\/v2\/product"}],"about":[{"href":"https:\/\/www.fabioferro.eu\/de\/wp-json\/wp\/v2\/types\/product"}],"replies":[{"embeddable":true,"href":"https:\/\/www.fabioferro.eu\/de\/wp-json\/wp\/v2\/comments?post=126532"}],"version-history":[{"count":0,"href":"https:\/\/www.fabioferro.eu\/de\/wp-json\/wp\/v2\/product\/126532\/revisions"}],"wp:featuredmedia":[{"embeddable":true,"href":"https:\/\/www.fabioferro.eu\/de\/wp-json\/wp\/v2\/media\/126208"}],"wp:attachment":[{"href":"https:\/\/www.fabioferro.eu\/de\/wp-json\/wp\/v2\/media?parent=126532"}],"wp:term":[{"taxonomy":"product_brand","embeddable":true,"href":"https:\/\/www.fabioferro.eu\/de\/wp-json\/wp\/v2\/product_brand?post=126532"},{"taxonomy":"product_cat","embeddable":true,"href":"https:\/\/www.fabioferro.eu\/de\/wp-json\/wp\/v2\/product_cat?post=126532"},{"taxonomy":"product_tag","embeddable":true,"href":"https:\/\/www.fabioferro.eu\/de\/wp-json\/wp\/v2\/product_tag?post=126532"}],"curies":[{"name":"wp","href":"https:\/\/api.w.org\/{rel}","templated":true}]}}