{"id":126617,"date":"2024-02-23T08:18:39","date_gmt":"2024-02-23T07:18:39","guid":{"rendered":"https:\/\/www.fabioferro.eu\/giovanni-raspini-halskette-coral-lunga.html"},"modified":"2025-03-11T18:08:00","modified_gmt":"2025-03-11T17:08:00","slug":"giovanni-raspini-halskette-coral-lunga","status":"publish","type":"product","link":"https:\/\/www.fabioferro.eu\/de\/giovanni-raspini-halskette-coral-lunga.html","title":{"rendered":"Giovanni Raspini Halskette Coral Lunga"},"content":{"rendered":"<p>Giovanni Raspini Halskette aus Sterlingsilber.<\/p>\n<p>Die Gesamtl\u00e4nge betr\u00e4gt 102 cm.<\/p>\n<p>Bequemer und sicherer Karabinerverschluss.<\/p>\n<p>Italienische Handwerkskunst, Made in Italy.<\/p>\n<p>Halskette wird mit Box und offizieller Giovanni Raspini Garantie geliefert.<\/p>\n","protected":false},"excerpt":{"rendered":"<p>Eine Symphonie der Gef\u00fchle, die sich dank der au\u00dfergew\u00f6hnlichen Sch\u00f6nheit dieser Halskette spontan manifestiert.<\/p>\n","protected":false},"featured_media":126226,"comment_status":"open","ping_status":"closed","template":"","meta":[],"product_brand":[155],"product_cat":[7568],"product_tag":[],"class_list":{"0":"post-126617","1":"product","2":"type-product","3":"status-publish","4":"has-post-thumbnail","6":"product_brand-raspini","7":"product_cat-giovanni-raspini-halsketten","9":"first","10":"instock","11":"sale","12":"taxable","13":"shipping-taxable","14":"purchasable","15":"product-type-simple"},"exclude_global_add_ons":[],"addons":[],"df_price":369,"df_sale_price":369,"df_regular_price":410,"df_image_link":"https:\/\/cdn02.fabioferro.eu\/wp-content\/uploads\/Collana-Giovanni-Raspini-Coral-Lunga.jpg","_links":{"self":[{"href":"https:\/\/www.fabioferro.eu\/de\/wp-json\/wp\/v2\/product\/126617","targetHints":{"allow":["GET"]}}],"collection":[{"href":"https:\/\/www.fabioferro.eu\/de\/wp-json\/wp\/v2\/product"}],"about":[{"href":"https:\/\/www.fabioferro.eu\/de\/wp-json\/wp\/v2\/types\/product"}],"replies":[{"embeddable":true,"href":"https:\/\/www.fabioferro.eu\/de\/wp-json\/wp\/v2\/comments?post=126617"}],"version-history":[{"count":0,"href":"https:\/\/www.fabioferro.eu\/de\/wp-json\/wp\/v2\/product\/126617\/revisions"}],"wp:featuredmedia":[{"embeddable":true,"href":"https:\/\/www.fabioferro.eu\/de\/wp-json\/wp\/v2\/media\/126226"}],"wp:attachment":[{"href":"https:\/\/www.fabioferro.eu\/de\/wp-json\/wp\/v2\/media?parent=126617"}],"wp:term":[{"taxonomy":"product_brand","embeddable":true,"href":"https:\/\/www.fabioferro.eu\/de\/wp-json\/wp\/v2\/product_brand?post=126617"},{"taxonomy":"product_cat","embeddable":true,"href":"https:\/\/www.fabioferro.eu\/de\/wp-json\/wp\/v2\/product_cat?post=126617"},{"taxonomy":"product_tag","embeddable":true,"href":"https:\/\/www.fabioferro.eu\/de\/wp-json\/wp\/v2\/product_tag?post=126617"}],"curies":[{"name":"wp","href":"https:\/\/api.w.org\/{rel}","templated":true}]}}