{"id":126633,"date":"2024-02-21T09:24:40","date_gmt":"2024-02-21T08:24:40","guid":{"rendered":"https:\/\/www.fabioferro.eu\/giovanni-raspini-cipolline-armband.html"},"modified":"2025-03-11T18:07:52","modified_gmt":"2025-03-11T17:07:52","slug":"giovanni-raspini-cipolline-armband","status":"publish","type":"product","link":"https:\/\/www.fabioferro.eu\/de\/giovanni-raspini-cipolline-armband.html","title":{"rendered":"Giovanni Raspini Cipolline-Armband"},"content":{"rendered":"<p>Armband aus 925er Sterlingsilber.<\/p>\n<p>Die L\u00e4nge betr\u00e4gt 23 cm.<\/p>\n<p>Sicherer Karabinerverschluss.<\/p>\n<p>Handgefertigt, Made in Italy.<\/p>\n<p>Mit Box und offizieller Giovanni Raspini Garantie<\/p>\n","protected":false},"excerpt":{"rendered":"<p>Ein einzigartiger Stil f\u00fcr ein Schmuckst\u00fcck mit einem eleganten und au\u00dferordentlich schlichten Design.<\/p>\n","protected":false},"featured_media":126127,"comment_status":"open","ping_status":"closed","template":"","meta":[],"product_brand":[155],"product_cat":[7569],"product_tag":[],"class_list":{"0":"post-126633","1":"product","2":"type-product","3":"status-publish","4":"has-post-thumbnail","6":"product_brand-raspini","7":"product_cat-armbander-giovanni-raspini","9":"first","10":"instock","11":"sale","12":"taxable","13":"shipping-taxable","14":"purchasable","15":"product-type-simple"},"exclude_global_add_ons":[],"addons":[],"df_price":184.5,"df_sale_price":184.5,"df_regular_price":205,"df_image_link":"https:\/\/cdn02.fabioferro.eu\/wp-content\/uploads\/Bracciale-Giovanni-Raspini-Cipolline.jpg","_links":{"self":[{"href":"https:\/\/www.fabioferro.eu\/de\/wp-json\/wp\/v2\/product\/126633","targetHints":{"allow":["GET"]}}],"collection":[{"href":"https:\/\/www.fabioferro.eu\/de\/wp-json\/wp\/v2\/product"}],"about":[{"href":"https:\/\/www.fabioferro.eu\/de\/wp-json\/wp\/v2\/types\/product"}],"replies":[{"embeddable":true,"href":"https:\/\/www.fabioferro.eu\/de\/wp-json\/wp\/v2\/comments?post=126633"}],"version-history":[{"count":0,"href":"https:\/\/www.fabioferro.eu\/de\/wp-json\/wp\/v2\/product\/126633\/revisions"}],"wp:featuredmedia":[{"embeddable":true,"href":"https:\/\/www.fabioferro.eu\/de\/wp-json\/wp\/v2\/media\/126127"}],"wp:attachment":[{"href":"https:\/\/www.fabioferro.eu\/de\/wp-json\/wp\/v2\/media?parent=126633"}],"wp:term":[{"taxonomy":"product_brand","embeddable":true,"href":"https:\/\/www.fabioferro.eu\/de\/wp-json\/wp\/v2\/product_brand?post=126633"},{"taxonomy":"product_cat","embeddable":true,"href":"https:\/\/www.fabioferro.eu\/de\/wp-json\/wp\/v2\/product_cat?post=126633"},{"taxonomy":"product_tag","embeddable":true,"href":"https:\/\/www.fabioferro.eu\/de\/wp-json\/wp\/v2\/product_tag?post=126633"}],"curies":[{"name":"wp","href":"https:\/\/api.w.org\/{rel}","templated":true}]}}