{"id":126933,"date":"2024-02-24T08:54:08","date_gmt":"2024-02-24T07:54:08","guid":{"rendered":"https:\/\/www.fabioferro.eu\/.html?post_type=product&#038;p=126933"},"modified":"2025-05-16T15:21:02","modified_gmt":"2025-05-16T13:21:02","slug":"fabio-ferro-tennisarmband-aus-weissgold-und-diamanten-203-karat","status":"publish","type":"product","link":"https:\/\/www.fabioferro.eu\/de\/fabio-ferro-tennisarmband-aus-weissgold-und-diamanten-203-karat.html","title":{"rendered":"Fabio Ferro Tennisarmband aus Wei\u00dfgold und Diamanten 2,03 Karat"},"content":{"rendered":"<p>Tennisarmband aus 18 Karat Wei\u00dfgold, vollst\u00e4ndig handgefertigt.<\/p>\n<p>Er ist 18,5 cm lang und wiegt 13,50 g.<\/p>\n<p>Diamanten im Brillantschliff von insgesamt 2,03 Karat sind gefasst. Farbe F und Reinheit VS1.<\/p>\n<p>Jeder Diamant ist fachm\u00e4nnisch von Hand zwischen vier Greifen gefasst.<\/p>\n<p>Der elegante Rahmen garantiert bequemes und sicheres Tragen, auch dank des Bajonettverschlusses und der beiden seitlichen Sicherungen.<\/p>\n<p>Der gelenkige Rahmen wird durch zentrale Stifte definiert, um zu verhindern, dass er beim Tragen am Handgelenk die Haut einklemmt.<\/p>\n<p>Bitte verlassen Sie sich auf die Beschreibung f\u00fcr die tats\u00e4chlichen Eigenschaften des Juwels, das Foto ist nur zu Demonstrationszwecken.<\/p>\n<p>Zusammen mit einer speziellen Verpackung und einer von Fabio Ferro unterzeichneten Qualit\u00e4tsgarantie.<\/p>\n<p><img decoding=\"async\" class=\"alignnone size-full wp-image-68675\" src=\"https:\/\/cdn02.fabioferro.eu\/wp-content\/uploads\/IGI-4cs-chart-IT-scaled.jpg\" alt=\"\" width=\"1864\" height=\"2560\" title=\"\" srcset=\"https:\/\/cdn02.fabioferro.eu\/wp-content\/uploads\/IGI-4cs-chart-IT-scaled.jpg 1864w, https:\/\/cdn02.fabioferro.eu\/wp-content\/uploads\/IGI-4cs-chart-IT-768x1055.jpg 768w, https:\/\/cdn02.fabioferro.eu\/wp-content\/uploads\/IGI-4cs-chart-IT-1119x1536.jpg 1119w, https:\/\/cdn02.fabioferro.eu\/wp-content\/uploads\/IGI-4cs-chart-IT-1491x2048.jpg 1491w, https:\/\/cdn02.fabioferro.eu\/wp-content\/uploads\/IGI-4cs-chart-IT-990x1359.jpg 990w, https:\/\/cdn02.fabioferro.eu\/wp-content\/uploads\/IGI-4cs-chart-IT-441x606.jpg 441w, https:\/\/cdn02.fabioferro.eu\/wp-content\/uploads\/IGI-4cs-chart-IT-600x824.jpg 600w, https:\/\/cdn02.fabioferro.eu\/wp-content\/uploads\/IGI-4cs-chart-IT-150x206.jpg 150w\" sizes=\"(max-width: 1864px) 100vw, 1864px\" \/><\/p>\n","protected":false},"excerpt":{"rendered":"<p>Eine erhabene Abfolge von reinwei\u00dfen Diamanten, die Sie in dieses zeitlose Schmuckst\u00fcck verlieben l\u00e4sst.<\/p>\n","protected":false},"featured_media":106314,"comment_status":"open","ping_status":"closed","template":"","meta":[],"product_brand":[152],"product_cat":[5933],"product_tag":[7442],"class_list":{"0":"post-126933","1":"product","2":"type-product","3":"status-publish","4":"has-post-thumbnail","6":"product_brand-fabio-ferro-i-gioielli","7":"product_cat-tennis-armbander","8":"product_tag-verfugbar","10":"first","11":"instock","12":"sale","13":"taxable","14":"shipping-taxable","15":"purchasable","16":"product-type-simple"},"exclude_global_add_ons":[],"addons":[],"df_price":5940,"df_sale_price":5940,"df_regular_price":7430,"df_image_link":"https:\/\/cdn02.fabioferro.eu\/wp-content\/uploads\/bracciale-tenbnis-fabio-ferro-in-oro-bianco-con-diamanti-2-carti-ff4812-205.jpg","_links":{"self":[{"href":"https:\/\/www.fabioferro.eu\/de\/wp-json\/wp\/v2\/product\/126933","targetHints":{"allow":["GET"]}}],"collection":[{"href":"https:\/\/www.fabioferro.eu\/de\/wp-json\/wp\/v2\/product"}],"about":[{"href":"https:\/\/www.fabioferro.eu\/de\/wp-json\/wp\/v2\/types\/product"}],"replies":[{"embeddable":true,"href":"https:\/\/www.fabioferro.eu\/de\/wp-json\/wp\/v2\/comments?post=126933"}],"version-history":[{"count":0,"href":"https:\/\/www.fabioferro.eu\/de\/wp-json\/wp\/v2\/product\/126933\/revisions"}],"wp:featuredmedia":[{"embeddable":true,"href":"https:\/\/www.fabioferro.eu\/de\/wp-json\/wp\/v2\/media\/106314"}],"wp:attachment":[{"href":"https:\/\/www.fabioferro.eu\/de\/wp-json\/wp\/v2\/media?parent=126933"}],"wp:term":[{"taxonomy":"product_brand","embeddable":true,"href":"https:\/\/www.fabioferro.eu\/de\/wp-json\/wp\/v2\/product_brand?post=126933"},{"taxonomy":"product_cat","embeddable":true,"href":"https:\/\/www.fabioferro.eu\/de\/wp-json\/wp\/v2\/product_cat?post=126933"},{"taxonomy":"product_tag","embeddable":true,"href":"https:\/\/www.fabioferro.eu\/de\/wp-json\/wp\/v2\/product_tag?post=126933"}],"curies":[{"name":"wp","href":"https:\/\/api.w.org\/{rel}","templated":true}]}}