{"id":127123,"date":"2024-01-27T08:32:36","date_gmt":"2024-01-27T07:32:36","guid":{"rendered":"https:\/\/www.fabioferro.eu\/giovanni-raspini-farfalle-armband.html"},"modified":"2025-03-11T18:10:24","modified_gmt":"2025-03-11T17:10:24","slug":"giovanni-raspini-farfalle-armband","status":"publish","type":"product","link":"https:\/\/www.fabioferro.eu\/de\/giovanni-raspini-farfalle-armband.html","title":{"rendered":"Giovanni Raspini Farfalle-Armband"},"content":{"rendered":"<p>Armband aus 925er Sterlingsilber.<\/p>\n<p>Bequemer und praktischer Karabinerverschluss mit verstellbaren Gliedern.<\/p>\n<p>Die Gesamtl\u00e4nge des Armbands betr\u00e4gt 21 cm.<\/p>\n<p>Handgefertigt, Made in Italy.<\/p>\n<p>Mit Verpackung und offizieller Giovanni Raspini Garantie.<\/p>\n","protected":false},"excerpt":{"rendered":"<p>Das leichte Flattern eines Schmetterlingsfl\u00fcgels f\u00fcgt sich harmonisch in die Perfektion dieses Schmuckst\u00fccks ein.<\/p>\n","protected":false},"featured_media":127065,"comment_status":"open","ping_status":"closed","template":"","meta":[],"product_brand":[155],"product_cat":[7569],"product_tag":[],"class_list":{"0":"post-127123","1":"product","2":"type-product","3":"status-publish","4":"has-post-thumbnail","6":"product_brand-raspini","7":"product_cat-armbander-giovanni-raspini","9":"first","10":"instock","11":"sale","12":"taxable","13":"shipping-taxable","14":"purchasable","15":"product-type-simple"},"exclude_global_add_ons":[],"addons":[],"df_price":310.5,"df_sale_price":310.5,"df_regular_price":345,"df_image_link":"https:\/\/cdn02.fabioferro.eu\/wp-content\/uploads\/Bracciale-Giovanni-Raspini-Farfalle.jpg","_links":{"self":[{"href":"https:\/\/www.fabioferro.eu\/de\/wp-json\/wp\/v2\/product\/127123","targetHints":{"allow":["GET"]}}],"collection":[{"href":"https:\/\/www.fabioferro.eu\/de\/wp-json\/wp\/v2\/product"}],"about":[{"href":"https:\/\/www.fabioferro.eu\/de\/wp-json\/wp\/v2\/types\/product"}],"replies":[{"embeddable":true,"href":"https:\/\/www.fabioferro.eu\/de\/wp-json\/wp\/v2\/comments?post=127123"}],"version-history":[{"count":0,"href":"https:\/\/www.fabioferro.eu\/de\/wp-json\/wp\/v2\/product\/127123\/revisions"}],"wp:featuredmedia":[{"embeddable":true,"href":"https:\/\/www.fabioferro.eu\/de\/wp-json\/wp\/v2\/media\/127065"}],"wp:attachment":[{"href":"https:\/\/www.fabioferro.eu\/de\/wp-json\/wp\/v2\/media?parent=127123"}],"wp:term":[{"taxonomy":"product_brand","embeddable":true,"href":"https:\/\/www.fabioferro.eu\/de\/wp-json\/wp\/v2\/product_brand?post=127123"},{"taxonomy":"product_cat","embeddable":true,"href":"https:\/\/www.fabioferro.eu\/de\/wp-json\/wp\/v2\/product_cat?post=127123"},{"taxonomy":"product_tag","embeddable":true,"href":"https:\/\/www.fabioferro.eu\/de\/wp-json\/wp\/v2\/product_tag?post=127123"}],"curies":[{"name":"wp","href":"https:\/\/api.w.org\/{rel}","templated":true}]}}