{"id":127180,"date":"2024-02-27T08:32:02","date_gmt":"2024-02-27T07:32:02","guid":{"rendered":"https:\/\/www.fabioferro.eu\/fope-vendome-collection-halskette-in-rose-und-weissgold.html"},"modified":"2026-01-09T16:22:56","modified_gmt":"2026-01-09T15:22:56","slug":"fope-vendome-collection-halskette-in-rose-und-weissgold","status":"publish","type":"product","link":"https:\/\/www.fabioferro.eu\/de\/fope-vendome-collection-halskette-in-rose-und-weissgold.html","title":{"rendered":"Fope Vendome Collection Halskette aus Ros\u00e9- und Wei\u00dfgold"},"content":{"rendered":"<p>Halskette n\u00fcchtern, aber elegant in seiner Schlichtheit. Sie wird von Hand gefertigt und besteht vollst\u00e4ndig aus 18 Karat Ros\u00e9- und Wei\u00dfgold sowie Diamanten.<span class=\"Apple-converted-space\"> <\/span><\/p>\n<p>Gesamtl\u00e4nge von 43 cm fest. Das zentrale Element ist eine bewegliche Unterlegscheibe aus Wei\u00dfgold. Er ist mit Diamanten im Brillantschliff von insgesamt 0,10 Karat besetzt.<span class=\"Apple-converted-space\"> <\/span>Die Steine zeichnen sich durch eine Farbe von G und einen Reinheitsgrad von VS2 aus.<\/p>\n<p>Klassischer, drehbarer Karabinerverschluss mit Fope-Logo, der daf\u00fcr sorgt, dass sich die Halskette beim Tragen nicht um sich selbst dreht.<\/p>\n<p>Halskette handgefertigt von Handwerkern aus Vicenza. Qualit\u00e4t Made in Italy. <\/p>\n<p>Mit einem eleganten Etui und internationaler Fope-Garantie.<\/p>\n<p><img decoding=\"async\" class=\"alignnone size-full wp-image-204889\" src=\"http:\/\/cdn02.fabioferro.eu\/wp-content\/uploads\/misure-collane-fope-internazionale.jpg\" alt=\"\" width=\"1500\" height=\"1875\" title=\"\" srcset=\"https:\/\/cdn02.fabioferro.eu\/wp-content\/uploads\/misure-collane-fope-internazionale.jpg 1500w, https:\/\/cdn02.fabioferro.eu\/wp-content\/uploads\/misure-collane-fope-internazionale-768x960.jpg 768w, https:\/\/cdn02.fabioferro.eu\/wp-content\/uploads\/misure-collane-fope-internazionale-1229x1536.jpg 1229w, https:\/\/cdn02.fabioferro.eu\/wp-content\/uploads\/misure-collane-fope-internazionale-990x1238.jpg 990w, https:\/\/cdn02.fabioferro.eu\/wp-content\/uploads\/misure-collane-fope-internazionale-441x551.jpg 441w, https:\/\/cdn02.fabioferro.eu\/wp-content\/uploads\/misure-collane-fope-internazionale-600x750.jpg 600w, https:\/\/cdn02.fabioferro.eu\/wp-content\/uploads\/misure-collane-fope-internazionale-150x188.jpg 150w\" sizes=\"(max-width: 1500px) 100vw, 1500px\" \/><\/p>\n","protected":false},"excerpt":{"rendered":"<p>Fope-Schmuck ist ein Synonym f\u00fcr Handwerkskunst, Luxus und Sch\u00f6nheit. Ganz aus Gold und Diamanten!<\/p>\n","protected":false},"featured_media":109035,"comment_status":"open","ping_status":"closed","template":"","meta":[],"product_brand":[154],"product_cat":[6203],"product_tag":[],"class_list":{"0":"post-127180","1":"product","2":"type-product","3":"status-publish","4":"has-post-thumbnail","6":"product_brand-fope","7":"product_cat-fope-halsketten","9":"first","10":"instock","11":"taxable","12":"shipping-taxable","13":"purchasable","14":"product-type-variable","15":"has-default-attributes"},"exclude_global_add_ons":[],"addons":[],"df_price":9400,"df_sale_price":"","df_regular_price":9400,"df_image_link":"https:\/\/cdn02.fabioferro.eu\/wp-content\/uploads\/collana-fope-collezione-vendome-in-oro-giallo-con-diamanti-560c-bbr-br.jpg","_links":{"self":[{"href":"https:\/\/www.fabioferro.eu\/de\/wp-json\/wp\/v2\/product\/127180","targetHints":{"allow":["GET"]}}],"collection":[{"href":"https:\/\/www.fabioferro.eu\/de\/wp-json\/wp\/v2\/product"}],"about":[{"href":"https:\/\/www.fabioferro.eu\/de\/wp-json\/wp\/v2\/types\/product"}],"replies":[{"embeddable":true,"href":"https:\/\/www.fabioferro.eu\/de\/wp-json\/wp\/v2\/comments?post=127180"}],"version-history":[{"count":2,"href":"https:\/\/www.fabioferro.eu\/de\/wp-json\/wp\/v2\/product\/127180\/revisions"}],"predecessor-version":[{"id":206450,"href":"https:\/\/www.fabioferro.eu\/de\/wp-json\/wp\/v2\/product\/127180\/revisions\/206450"}],"wp:featuredmedia":[{"embeddable":true,"href":"https:\/\/www.fabioferro.eu\/de\/wp-json\/wp\/v2\/media\/109035"}],"wp:attachment":[{"href":"https:\/\/www.fabioferro.eu\/de\/wp-json\/wp\/v2\/media?parent=127180"}],"wp:term":[{"taxonomy":"product_brand","embeddable":true,"href":"https:\/\/www.fabioferro.eu\/de\/wp-json\/wp\/v2\/product_brand?post=127180"},{"taxonomy":"product_cat","embeddable":true,"href":"https:\/\/www.fabioferro.eu\/de\/wp-json\/wp\/v2\/product_cat?post=127180"},{"taxonomy":"product_tag","embeddable":true,"href":"https:\/\/www.fabioferro.eu\/de\/wp-json\/wp\/v2\/product_tag?post=127180"}],"curies":[{"name":"wp","href":"https:\/\/api.w.org\/{rel}","templated":true}]}}