{"id":127181,"date":"2024-02-27T08:31:32","date_gmt":"2024-02-27T07:31:32","guid":{"rendered":"https:\/\/www.fabioferro.eu\/fope-vendome-collection-halskette-aus-gelb-und-weissgold-und-diamanten.html"},"modified":"2026-01-09T16:22:38","modified_gmt":"2026-01-09T15:22:38","slug":"fope-vendome-collection-halskette-aus-gelb-und-weissgold-und-diamanten","status":"publish","type":"product","link":"https:\/\/www.fabioferro.eu\/de\/fope-vendome-collection-halskette-aus-gelb-und-weissgold-und-diamanten.html","title":{"rendered":"Fope Vendome Collection Halskette aus Gelb- und Wei\u00dfgold und Diamanten"},"content":{"rendered":"<p>Fope Halskette aus der Kollektion Vendome, handgefertigt aus 18 Karat Gelb- und Wei\u00dfgold mit Diamanten.<span class=\"Apple-converted-space\"> <\/span><\/p>\n<p>Die Gesamtl\u00e4nge der Halskette betr\u00e4gt 43 cm. In der Mitte befindet sich eine bewegliche Scheibe aus Wei\u00dfgold, die mit Diamanten im Brillantschliff von insgesamt 0,10 Karat besetzt ist. Die Steine zeichnen sich durch eine Farbe von G und einen Reinheitsgrad von VS2 aus.<\/p>\n<p>Bequemer und zuverl\u00e4ssiger Karabinerverschluss mit eingraviertem Fope-Logo. Dank dieses Verschlusses dreht sich die Halskette beim Tragen nicht um sich selbst.<\/p>\n<p>Halskette handgefertigt von Handwerkern aus Vicenza. Qualit\u00e4t Made in Italy. <\/p>\n<p>Mit einem eleganten Etui und internationaler Fope-Garantie.<\/p>\n<p><img decoding=\"async\" class=\"alignnone size-full wp-image-204889\" src=\"http:\/\/cdn02.fabioferro.eu\/wp-content\/uploads\/misure-collane-fope-internazionale.jpg\" alt=\"\" width=\"1500\" height=\"1875\" title=\"\" srcset=\"https:\/\/cdn02.fabioferro.eu\/wp-content\/uploads\/misure-collane-fope-internazionale.jpg 1500w, https:\/\/cdn02.fabioferro.eu\/wp-content\/uploads\/misure-collane-fope-internazionale-768x960.jpg 768w, https:\/\/cdn02.fabioferro.eu\/wp-content\/uploads\/misure-collane-fope-internazionale-1229x1536.jpg 1229w, https:\/\/cdn02.fabioferro.eu\/wp-content\/uploads\/misure-collane-fope-internazionale-990x1238.jpg 990w, https:\/\/cdn02.fabioferro.eu\/wp-content\/uploads\/misure-collane-fope-internazionale-441x551.jpg 441w, https:\/\/cdn02.fabioferro.eu\/wp-content\/uploads\/misure-collane-fope-internazionale-600x750.jpg 600w, https:\/\/cdn02.fabioferro.eu\/wp-content\/uploads\/misure-collane-fope-internazionale-150x188.jpg 150w\" sizes=\"(max-width: 1500px) 100vw, 1500px\" \/><\/p>\n","protected":false},"excerpt":{"rendered":"<p>Eine Halskette der Marke Fope, die den Hals der Tr\u00e4gerin perfekt und zart zur Geltung bringt. Qualit\u00e4t made in Italy.<\/p>\n","protected":false},"featured_media":109037,"comment_status":"open","ping_status":"closed","template":"","meta":[],"product_brand":[154],"product_cat":[6203],"product_tag":[],"class_list":{"0":"post-127181","1":"product","2":"type-product","3":"status-publish","4":"has-post-thumbnail","6":"product_brand-fope","7":"product_cat-fope-halsketten","9":"first","10":"instock","11":"taxable","12":"shipping-taxable","13":"purchasable","14":"product-type-variable","15":"has-default-attributes"},"exclude_global_add_ons":[],"addons":[],"df_price":9400,"df_sale_price":"","df_regular_price":9400,"df_image_link":"https:\/\/cdn02.fabioferro.eu\/wp-content\/uploads\/collana-fope-collezione-vendome-in-oro-giallo-con-diamanti-560c-bbr-gb.jpg","_links":{"self":[{"href":"https:\/\/www.fabioferro.eu\/de\/wp-json\/wp\/v2\/product\/127181","targetHints":{"allow":["GET"]}}],"collection":[{"href":"https:\/\/www.fabioferro.eu\/de\/wp-json\/wp\/v2\/product"}],"about":[{"href":"https:\/\/www.fabioferro.eu\/de\/wp-json\/wp\/v2\/types\/product"}],"replies":[{"embeddable":true,"href":"https:\/\/www.fabioferro.eu\/de\/wp-json\/wp\/v2\/comments?post=127181"}],"version-history":[{"count":2,"href":"https:\/\/www.fabioferro.eu\/de\/wp-json\/wp\/v2\/product\/127181\/revisions"}],"predecessor-version":[{"id":206426,"href":"https:\/\/www.fabioferro.eu\/de\/wp-json\/wp\/v2\/product\/127181\/revisions\/206426"}],"wp:featuredmedia":[{"embeddable":true,"href":"https:\/\/www.fabioferro.eu\/de\/wp-json\/wp\/v2\/media\/109037"}],"wp:attachment":[{"href":"https:\/\/www.fabioferro.eu\/de\/wp-json\/wp\/v2\/media?parent=127181"}],"wp:term":[{"taxonomy":"product_brand","embeddable":true,"href":"https:\/\/www.fabioferro.eu\/de\/wp-json\/wp\/v2\/product_brand?post=127181"},{"taxonomy":"product_cat","embeddable":true,"href":"https:\/\/www.fabioferro.eu\/de\/wp-json\/wp\/v2\/product_cat?post=127181"},{"taxonomy":"product_tag","embeddable":true,"href":"https:\/\/www.fabioferro.eu\/de\/wp-json\/wp\/v2\/product_tag?post=127181"}],"curies":[{"name":"wp","href":"https:\/\/api.w.org\/{rel}","templated":true}]}}