{"id":127600,"date":"2024-02-28T18:54:01","date_gmt":"2024-02-28T17:54:01","guid":{"rendered":"https:\/\/www.fabioferro.eu\/fabio-ferro-tahiti-weissgold-9-mm-perlenring.html"},"modified":"2024-10-30T09:46:27","modified_gmt":"2024-10-30T08:46:27","slug":"fabio-ferro-tahiti-weissgold-9-mm-perlenring","status":"publish","type":"product","link":"https:\/\/www.fabioferro.eu\/de\/fabio-ferro-tahiti-weissgold-9-mm-perlenring.html","title":{"rendered":"Fabio Ferro Tahiti Wei\u00dfgold 9 mm Perlenring"},"content":{"rendered":"<p>Ring aus 18 Karat Wei\u00dfgold, in unserer Goldschmiedewerkstatt gefertigt, mit einer speziellen Fassung, die mit vier Zacken das Juwel des Meeres umschlie\u00dft. Die Tahiti-Perle mit einem Durchmesser von 9 mm ist eine nat\u00fcrliche Perle aus Mare. Das Gesamtgewicht betr\u00e4gt 5,10 g. Hergestellt in Italien. Begleitet von einer eleganten Geschenkbox und einer 2-Jahres-Qualit\u00e4tsgarantie, unterzeichnet von Fabio Ferro I Gioielli.<\/p>\n","protected":false},"excerpt":{"rendered":"<p>Ein Schmuckst\u00fcck, das die Geschichte der Tr\u00e4gerin erz\u00e4hlt, Schritt f\u00fcr Schritt zum Gl\u00fcck.<\/p>\n","protected":false},"featured_media":126855,"comment_status":"open","ping_status":"closed","template":"","meta":[],"product_brand":[152],"product_cat":[6425,5934],"product_tag":[],"class_list":{"0":"post-127600","1":"product","2":"type-product","3":"status-publish","4":"has-post-thumbnail","6":"product_brand-fabio-ferro-i-gioielli","7":"product_cat-armbander-und-perlenringe","8":"product_cat-ringe","10":"first","11":"instock","12":"sale","13":"taxable","14":"shipping-taxable","15":"purchasable","16":"product-type-variable","17":"has-default-attributes"},"exclude_global_add_ons":[],"addons":[],"df_price":1200,"df_sale_price":"","df_regular_price":1200,"df_image_link":"https:\/\/cdn02.fabioferro.eu\/wp-content\/uploads\/anello-perla-fabio-ferro-in-oro-bianco-tahitiff1304.jpg","_links":{"self":[{"href":"https:\/\/www.fabioferro.eu\/de\/wp-json\/wp\/v2\/product\/127600","targetHints":{"allow":["GET"]}}],"collection":[{"href":"https:\/\/www.fabioferro.eu\/de\/wp-json\/wp\/v2\/product"}],"about":[{"href":"https:\/\/www.fabioferro.eu\/de\/wp-json\/wp\/v2\/types\/product"}],"replies":[{"embeddable":true,"href":"https:\/\/www.fabioferro.eu\/de\/wp-json\/wp\/v2\/comments?post=127600"}],"version-history":[{"count":0,"href":"https:\/\/www.fabioferro.eu\/de\/wp-json\/wp\/v2\/product\/127600\/revisions"}],"wp:featuredmedia":[{"embeddable":true,"href":"https:\/\/www.fabioferro.eu\/de\/wp-json\/wp\/v2\/media\/126855"}],"wp:attachment":[{"href":"https:\/\/www.fabioferro.eu\/de\/wp-json\/wp\/v2\/media?parent=127600"}],"wp:term":[{"taxonomy":"product_brand","embeddable":true,"href":"https:\/\/www.fabioferro.eu\/de\/wp-json\/wp\/v2\/product_brand?post=127600"},{"taxonomy":"product_cat","embeddable":true,"href":"https:\/\/www.fabioferro.eu\/de\/wp-json\/wp\/v2\/product_cat?post=127600"},{"taxonomy":"product_tag","embeddable":true,"href":"https:\/\/www.fabioferro.eu\/de\/wp-json\/wp\/v2\/product_tag?post=127600"}],"curies":[{"name":"wp","href":"https:\/\/api.w.org\/{rel}","templated":true}]}}