{"id":127638,"date":"2024-02-27T17:31:54","date_gmt":"2024-02-27T16:31:54","guid":{"rendered":"https:\/\/www.fabioferro.eu\/fabio-ferro-pave-punto-luce-halskette-aus-weissgold-mit-diamanten.html"},"modified":"2025-06-06T15:54:10","modified_gmt":"2025-06-06T13:54:10","slug":"fabio-ferro-pave-punto-luce-halskette-aus-weissgold-mit-diamanten","status":"publish","type":"product","link":"https:\/\/www.fabioferro.eu\/de\/fabio-ferro-pave-punto-luce-halskette-aus-weissgold-mit-diamanten.html","title":{"rendered":"Fabio Ferro Pave Punto Luce Halskette aus Wei\u00dfgold mit Diamanten"},"content":{"rendered":"<p>Halskette aus 18 Karat Wei\u00dfgold, hergestellt in unserer Goldschmiedewerkstatt.<\/p>\n<p>Die L\u00e4nge betr\u00e4gt 45 cm, mit der M\u00f6glichkeit der Verk\u00fcrzung auf 42 cm. Rollo-Trikot.<\/p>\n<p>Sie sind mit Diamanten im Brillantschliff von insgesamt 0,17 Karat ausgefasst. Sie zeichnen sich durch eine F-Farbe und einen VS1-Reinheitsgrad aus.<\/p>\n<p>Das Gesamtgewicht betr\u00e4gt 2,75 g.<\/p>\n<p>Verschluss mit praktischem Karabinerhaken.<\/p>\n<p>Mit einer eleganten Verpackung und einer von Fabio Ferro I Gioielli unterzeichneten 2-j\u00e4hrigen Qualit\u00e4tsgarantie.<\/p>\n<p><img decoding=\"async\" class=\"alignnone size-full wp-image-68675\" src=\"https:\/\/cdn02.fabioferro.eu\/wp-content\/uploads\/IGI-4cs-chart-IT-scaled.jpg\" alt=\"\" width=\"1864\" height=\"2560\" title=\"\" srcset=\"https:\/\/cdn02.fabioferro.eu\/wp-content\/uploads\/IGI-4cs-chart-IT-scaled.jpg 1864w, https:\/\/cdn02.fabioferro.eu\/wp-content\/uploads\/IGI-4cs-chart-IT-768x1055.jpg 768w, https:\/\/cdn02.fabioferro.eu\/wp-content\/uploads\/IGI-4cs-chart-IT-1119x1536.jpg 1119w, https:\/\/cdn02.fabioferro.eu\/wp-content\/uploads\/IGI-4cs-chart-IT-1491x2048.jpg 1491w, https:\/\/cdn02.fabioferro.eu\/wp-content\/uploads\/IGI-4cs-chart-IT-990x1359.jpg 990w, https:\/\/cdn02.fabioferro.eu\/wp-content\/uploads\/IGI-4cs-chart-IT-441x606.jpg 441w, https:\/\/cdn02.fabioferro.eu\/wp-content\/uploads\/IGI-4cs-chart-IT-600x824.jpg 600w, https:\/\/cdn02.fabioferro.eu\/wp-content\/uploads\/IGI-4cs-chart-IT-150x206.jpg 150w\" sizes=\"(max-width: 1864px) 100vw, 1864px\" \/><\/p>\n","protected":false},"excerpt":{"rendered":"<p>Eine Halskette mit gewundenen und sehr einfachen Formen, die Sie dennoch verzaubern kann.<\/p>\n","protected":false},"featured_media":126804,"comment_status":"open","ping_status":"closed","template":"","meta":[],"product_brand":[152],"product_cat":[6016,6015],"product_tag":[7442],"class_list":{"0":"post-127638","1":"product","2":"type-product","3":"status-publish","4":"has-post-thumbnail","6":"product_brand-fabio-ferro-i-gioielli","7":"product_cat-dot-light-halsketten","8":"product_cat-halsketten","9":"product_tag-verfugbar","11":"first","12":"instock","13":"sale","14":"taxable","15":"shipping-taxable","16":"purchasable","17":"product-type-simple"},"exclude_global_add_ons":[],"addons":[],"df_price":1392,"df_sale_price":1392,"df_regular_price":1740,"df_image_link":"https:\/\/cdn02.fabioferro.eu\/wp-content\/uploads\/collana-puntoluce-fabio-ferro-pave-in-oro-bianco-con-diamanti-ff1295.jpg","_links":{"self":[{"href":"https:\/\/www.fabioferro.eu\/de\/wp-json\/wp\/v2\/product\/127638","targetHints":{"allow":["GET"]}}],"collection":[{"href":"https:\/\/www.fabioferro.eu\/de\/wp-json\/wp\/v2\/product"}],"about":[{"href":"https:\/\/www.fabioferro.eu\/de\/wp-json\/wp\/v2\/types\/product"}],"replies":[{"embeddable":true,"href":"https:\/\/www.fabioferro.eu\/de\/wp-json\/wp\/v2\/comments?post=127638"}],"version-history":[{"count":0,"href":"https:\/\/www.fabioferro.eu\/de\/wp-json\/wp\/v2\/product\/127638\/revisions"}],"wp:featuredmedia":[{"embeddable":true,"href":"https:\/\/www.fabioferro.eu\/de\/wp-json\/wp\/v2\/media\/126804"}],"wp:attachment":[{"href":"https:\/\/www.fabioferro.eu\/de\/wp-json\/wp\/v2\/media?parent=127638"}],"wp:term":[{"taxonomy":"product_brand","embeddable":true,"href":"https:\/\/www.fabioferro.eu\/de\/wp-json\/wp\/v2\/product_brand?post=127638"},{"taxonomy":"product_cat","embeddable":true,"href":"https:\/\/www.fabioferro.eu\/de\/wp-json\/wp\/v2\/product_cat?post=127638"},{"taxonomy":"product_tag","embeddable":true,"href":"https:\/\/www.fabioferro.eu\/de\/wp-json\/wp\/v2\/product_tag?post=127638"}],"curies":[{"name":"wp","href":"https:\/\/api.w.org\/{rel}","templated":true}]}}