{"id":127808,"date":"2024-01-29T16:09:49","date_gmt":"2024-01-29T15:09:49","guid":{"rendered":"https:\/\/www.fabioferro.eu\/giovanni-raspini-bizantina-armband-klein.html"},"modified":"2025-03-11T18:10:46","modified_gmt":"2025-03-11T17:10:46","slug":"giovanni-raspini-bizantina-armband-klein","status":"publish","type":"product","link":"https:\/\/www.fabioferro.eu\/de\/giovanni-raspini-bizantina-armband-klein.html","title":{"rendered":"Giovanni Raspini Bizantina Armband Klein"},"content":{"rendered":"<p>Handgefertigtes Armband aus 925er Silber in einem Goldbad.<\/p>\n<p>Die L\u00e4nge des Schmuckst\u00fccks betr\u00e4gt 20 cm.<\/p>\n<p>Praktischer und bequemer Karabinerverschluss.<\/p>\n<p>Mit Schachtel und offizieller Giovanni Raspini Garantie.<\/p>\n","protected":false},"excerpt":{"rendered":"<p>Die Ausdrucksformen des Silbers entwickeln sich im Einklang mit den aktuellen Trends.<\/p>\n","protected":false},"featured_media":127685,"comment_status":"open","ping_status":"closed","template":"","meta":[],"product_brand":[155],"product_cat":[7569],"product_tag":[],"class_list":{"0":"post-127808","1":"product","2":"type-product","3":"status-publish","4":"has-post-thumbnail","6":"product_brand-raspini","7":"product_cat-armbander-giovanni-raspini","9":"first","10":"instock","11":"sale","12":"taxable","13":"shipping-taxable","14":"purchasable","15":"product-type-simple"},"exclude_global_add_ons":[],"addons":[],"df_price":288,"df_sale_price":288,"df_regular_price":320,"df_image_link":"https:\/\/cdn02.fabioferro.eu\/wp-content\/uploads\/Bracciale-Giovanni-Raspini-Bizantina-Piccola.jpg","_links":{"self":[{"href":"https:\/\/www.fabioferro.eu\/de\/wp-json\/wp\/v2\/product\/127808","targetHints":{"allow":["GET"]}}],"collection":[{"href":"https:\/\/www.fabioferro.eu\/de\/wp-json\/wp\/v2\/product"}],"about":[{"href":"https:\/\/www.fabioferro.eu\/de\/wp-json\/wp\/v2\/types\/product"}],"replies":[{"embeddable":true,"href":"https:\/\/www.fabioferro.eu\/de\/wp-json\/wp\/v2\/comments?post=127808"}],"version-history":[{"count":0,"href":"https:\/\/www.fabioferro.eu\/de\/wp-json\/wp\/v2\/product\/127808\/revisions"}],"wp:featuredmedia":[{"embeddable":true,"href":"https:\/\/www.fabioferro.eu\/de\/wp-json\/wp\/v2\/media\/127685"}],"wp:attachment":[{"href":"https:\/\/www.fabioferro.eu\/de\/wp-json\/wp\/v2\/media?parent=127808"}],"wp:term":[{"taxonomy":"product_brand","embeddable":true,"href":"https:\/\/www.fabioferro.eu\/de\/wp-json\/wp\/v2\/product_brand?post=127808"},{"taxonomy":"product_cat","embeddable":true,"href":"https:\/\/www.fabioferro.eu\/de\/wp-json\/wp\/v2\/product_cat?post=127808"},{"taxonomy":"product_tag","embeddable":true,"href":"https:\/\/www.fabioferro.eu\/de\/wp-json\/wp\/v2\/product_tag?post=127808"}],"curies":[{"name":"wp","href":"https:\/\/api.w.org\/{rel}","templated":true}]}}