{"id":127827,"date":"2024-01-29T16:09:43","date_gmt":"2024-01-29T15:09:43","guid":{"rendered":"https:\/\/www.fabioferro.eu\/giovanni-raspini-ovale-gliederkette.html"},"modified":"2025-03-11T18:10:36","modified_gmt":"2025-03-11T17:10:36","slug":"giovanni-raspini-ovale-gliederkette","status":"publish","type":"product","link":"https:\/\/www.fabioferro.eu\/de\/giovanni-raspini-ovale-gliederkette.html","title":{"rendered":"Giovanni Raspini Ovale Gliederkette"},"content":{"rendered":"<p>Vergoldetes Collier aus 925er Silber.<\/p>\n<p>Gesamtl\u00e4nge 92 cm.<\/p>\n<p>Bequemer und sicherer Verschluss mit klassischem Karabiner.<\/p>\n<p>Handgefertigt, Made in Italy.<\/p>\n<p>Mit offizieller Giovanni Raspini Box und Garantie.<\/p>\n","protected":false},"excerpt":{"rendered":"<p>Ketten, die die zeitgen\u00f6ssische Tradition eines Silbers verk\u00f6rpern, das unendliche Bande der Sch\u00f6nheit manifestiert.<\/p>\n","protected":false},"featured_media":127707,"comment_status":"open","ping_status":"closed","template":"","meta":[],"product_brand":[155],"product_cat":[7568],"product_tag":[],"class_list":{"0":"post-127827","1":"product","2":"type-product","3":"status-publish","4":"has-post-thumbnail","6":"product_brand-raspini","7":"product_cat-giovanni-raspini-halsketten","9":"first","10":"instock","11":"sale","12":"taxable","13":"shipping-taxable","14":"purchasable","15":"product-type-simple"},"exclude_global_add_ons":[],"addons":[],"df_price":310.5,"df_sale_price":310.5,"df_regular_price":345,"df_image_link":"https:\/\/cdn02.fabioferro.eu\/wp-content\/uploads\/Collana-Giovanni-Raspini-Maglia-Ovale-Alternata.jpg","_links":{"self":[{"href":"https:\/\/www.fabioferro.eu\/de\/wp-json\/wp\/v2\/product\/127827","targetHints":{"allow":["GET"]}}],"collection":[{"href":"https:\/\/www.fabioferro.eu\/de\/wp-json\/wp\/v2\/product"}],"about":[{"href":"https:\/\/www.fabioferro.eu\/de\/wp-json\/wp\/v2\/types\/product"}],"replies":[{"embeddable":true,"href":"https:\/\/www.fabioferro.eu\/de\/wp-json\/wp\/v2\/comments?post=127827"}],"version-history":[{"count":0,"href":"https:\/\/www.fabioferro.eu\/de\/wp-json\/wp\/v2\/product\/127827\/revisions"}],"wp:featuredmedia":[{"embeddable":true,"href":"https:\/\/www.fabioferro.eu\/de\/wp-json\/wp\/v2\/media\/127707"}],"wp:attachment":[{"href":"https:\/\/www.fabioferro.eu\/de\/wp-json\/wp\/v2\/media?parent=127827"}],"wp:term":[{"taxonomy":"product_brand","embeddable":true,"href":"https:\/\/www.fabioferro.eu\/de\/wp-json\/wp\/v2\/product_brand?post=127827"},{"taxonomy":"product_cat","embeddable":true,"href":"https:\/\/www.fabioferro.eu\/de\/wp-json\/wp\/v2\/product_cat?post=127827"},{"taxonomy":"product_tag","embeddable":true,"href":"https:\/\/www.fabioferro.eu\/de\/wp-json\/wp\/v2\/product_tag?post=127827"}],"curies":[{"name":"wp","href":"https:\/\/api.w.org\/{rel}","templated":true}]}}