{"id":129453,"date":"2024-03-13T19:16:40","date_gmt":"2024-03-13T18:16:40","guid":{"rendered":"https:\/\/www.fabioferro.eu\/paar-fabio-eisenherz-trauringe-aus-weissgold-mit-diamanten-4-mm.html"},"modified":"2025-06-26T16:43:06","modified_gmt":"2025-06-26T14:43:06","slug":"paar-fabio-eisenherz-trauringe-aus-weissgold-mit-diamanten-4-mm","status":"publish","type":"product","link":"https:\/\/www.fabioferro.eu\/de\/paar-fabio-eisenherz-trauringe-aus-weissgold-mit-diamanten-4-mm.html","title":{"rendered":"Paar Herz Trauringe Fabio Ferro mit 4 mm Diamanten"},"content":{"rendered":"<p>Ein Paar Eheringe aus 18 und 9 Karat Wei\u00dfgold, Silber und Platin in dem Material Ihrer Wahl. Hergestellt in Italien.<\/p>\n<p>Besondere Kunstfertigkeit, die ein halbes Herz f\u00fcr den einen Glauben und die andere H\u00e4lfte f\u00fcr den zweiten Glauben vorsieht. Die weibliche Version enth\u00e4lt Diamanten, die m\u00e4nnliche Version nicht.<\/p>\n<p>Die Breite betr\u00e4gt 4 mm und die Dicke 2 mm.<\/p>\n<p>Au\u00dfen und innen gew\u00f6lbt, dadurch angenehm zu tragen.<\/p>\n<p>Freie Gravur von Namen und Datum, kurzen S\u00e4tzen und\/oder Zitaten.<\/p>\n<p>Es werden zwei Qualit\u00e4tszertifikate zur Verf\u00fcgung gestellt, die die Eigenschaften des Schmucks zusammenfassen.<\/p>\n<p>Mit einer eleganten Verpackung und einer 2-j\u00e4hrigen Qualit\u00e4tsgarantie.<\/p>\n","protected":false},"excerpt":{"rendered":"<p>Ein Paar Eheringe, die neben ihrer Bedeutung auch ein sch\u00f6nes Symbol f\u00fcr die Welt der Liebe darstellen.<\/p>\n","protected":false},"featured_media":129395,"comment_status":"open","ping_status":"closed","template":"","meta":[],"product_brand":[152],"product_cat":[7633],"product_tag":[],"class_list":{"0":"post-129453","1":"product","2":"type-product","3":"status-publish","4":"has-post-thumbnail","6":"product_brand-fabio-ferro-i-gioielli","7":"product_cat-eheringe-und-trauringe-nach-mas","9":"first","10":"instock","11":"featured","12":"taxable","13":"shipping-taxable","14":"purchasable","15":"product-type-simple"},"exclude_global_add_ons":[],"addons":[],"df_price":"","df_sale_price":"","df_regular_price":"","df_image_link":"https:\/\/cdn02.fabioferro.eu\/wp-content\/uploads\/coppia-fedi-nuziali-in-oro-bianco-fabio-ferro-con-diamanti-wewd436642bv.jpg","_links":{"self":[{"href":"https:\/\/www.fabioferro.eu\/de\/wp-json\/wp\/v2\/product\/129453","targetHints":{"allow":["GET"]}}],"collection":[{"href":"https:\/\/www.fabioferro.eu\/de\/wp-json\/wp\/v2\/product"}],"about":[{"href":"https:\/\/www.fabioferro.eu\/de\/wp-json\/wp\/v2\/types\/product"}],"replies":[{"embeddable":true,"href":"https:\/\/www.fabioferro.eu\/de\/wp-json\/wp\/v2\/comments?post=129453"}],"version-history":[{"count":1,"href":"https:\/\/www.fabioferro.eu\/de\/wp-json\/wp\/v2\/product\/129453\/revisions"}],"predecessor-version":[{"id":186918,"href":"https:\/\/www.fabioferro.eu\/de\/wp-json\/wp\/v2\/product\/129453\/revisions\/186918"}],"wp:featuredmedia":[{"embeddable":true,"href":"https:\/\/www.fabioferro.eu\/de\/wp-json\/wp\/v2\/media\/129395"}],"wp:attachment":[{"href":"https:\/\/www.fabioferro.eu\/de\/wp-json\/wp\/v2\/media?parent=129453"}],"wp:term":[{"taxonomy":"product_brand","embeddable":true,"href":"https:\/\/www.fabioferro.eu\/de\/wp-json\/wp\/v2\/product_brand?post=129453"},{"taxonomy":"product_cat","embeddable":true,"href":"https:\/\/www.fabioferro.eu\/de\/wp-json\/wp\/v2\/product_cat?post=129453"},{"taxonomy":"product_tag","embeddable":true,"href":"https:\/\/www.fabioferro.eu\/de\/wp-json\/wp\/v2\/product_tag?post=129453"}],"curies":[{"name":"wp","href":"https:\/\/api.w.org\/{rel}","templated":true}]}}