{"id":129458,"date":"2024-03-13T18:55:34","date_gmt":"2024-03-13T17:55:34","guid":{"rendered":"https:\/\/www.fabioferro.eu\/paar-eheringe-aus-eisen-von-fabio-in-weiss-und-rosegold-35-mm.html"},"modified":"2025-06-26T16:43:23","modified_gmt":"2025-06-26T14:43:23","slug":"paar-eheringe-aus-eisen-von-fabio-in-weiss-und-rosegold-35-mm","status":"publish","type":"product","link":"https:\/\/www.fabioferro.eu\/de\/paar-eheringe-aus-eisen-von-fabio-in-weiss-und-rosegold-35-mm.html","title":{"rendered":"Paar Trauringe Fabio Ferro Bin\u00e4r Wei\u00df und Rosa 3,5 mm"},"content":{"rendered":"<p>Ein Paar Eheringe aus 18 und 9 Karat Wei\u00dfgold, Silber und Platin in dem Material Ihrer Wahl. Hergestellt in Italien.<\/p>\n<p>Ein Paar Trauringe mit innovativem Design und viel Liebe zum Detail.<\/p>\n<p>Auf der Innenseite k\u00f6nnen Namen und das gew\u00fcnschte Datum eingraviert werden, aber auch kurze, nicht zu komplizierte Spr\u00fcche.<\/p>\n<p>Die Breite betr\u00e4gt 3,5 mm und die Dicke 2 mm.<\/p>\n<p>Hergestellt in Italien.<\/p>\n<p>Beide Ringe werden von zwei Garantiezertifikaten begleitet, die ihre Eigenschaften definieren.<\/p>\n<p>Ein elegantes Paket mit doppelten Fensterl\u00e4den zur Aufbewahrung ist ebenfalls vorhanden.<\/p>\n","protected":false},"excerpt":{"rendered":"<p>Ein innovatives Design, das Sie auf Schritt und Tritt in Erstaunen versetzen wird.<\/p>\n","protected":false},"featured_media":129334,"comment_status":"open","ping_status":"closed","template":"","meta":[],"product_brand":[152],"product_cat":[7633],"product_tag":[],"class_list":{"0":"post-129458","1":"product","2":"type-product","3":"status-publish","4":"has-post-thumbnail","6":"product_brand-fabio-ferro-i-gioielli","7":"product_cat-eheringe-und-trauringe-nach-mas","9":"first","10":"instock","11":"taxable","12":"shipping-taxable","13":"purchasable","14":"product-type-simple"},"exclude_global_add_ons":[],"addons":[],"df_price":"","df_sale_price":"","df_regular_price":"","df_image_link":"https:\/\/cdn02.fabioferro.eu\/wp-content\/uploads\/coppia-fedi-nuziali-in-oro-bianco-e-rosa-con-diamante-wdwe426235pv.jpg","_links":{"self":[{"href":"https:\/\/www.fabioferro.eu\/de\/wp-json\/wp\/v2\/product\/129458","targetHints":{"allow":["GET"]}}],"collection":[{"href":"https:\/\/www.fabioferro.eu\/de\/wp-json\/wp\/v2\/product"}],"about":[{"href":"https:\/\/www.fabioferro.eu\/de\/wp-json\/wp\/v2\/types\/product"}],"replies":[{"embeddable":true,"href":"https:\/\/www.fabioferro.eu\/de\/wp-json\/wp\/v2\/comments?post=129458"}],"version-history":[{"count":1,"href":"https:\/\/www.fabioferro.eu\/de\/wp-json\/wp\/v2\/product\/129458\/revisions"}],"predecessor-version":[{"id":186927,"href":"https:\/\/www.fabioferro.eu\/de\/wp-json\/wp\/v2\/product\/129458\/revisions\/186927"}],"wp:featuredmedia":[{"embeddable":true,"href":"https:\/\/www.fabioferro.eu\/de\/wp-json\/wp\/v2\/media\/129334"}],"wp:attachment":[{"href":"https:\/\/www.fabioferro.eu\/de\/wp-json\/wp\/v2\/media?parent=129458"}],"wp:term":[{"taxonomy":"product_brand","embeddable":true,"href":"https:\/\/www.fabioferro.eu\/de\/wp-json\/wp\/v2\/product_brand?post=129458"},{"taxonomy":"product_cat","embeddable":true,"href":"https:\/\/www.fabioferro.eu\/de\/wp-json\/wp\/v2\/product_cat?post=129458"},{"taxonomy":"product_tag","embeddable":true,"href":"https:\/\/www.fabioferro.eu\/de\/wp-json\/wp\/v2\/product_tag?post=129458"}],"curies":[{"name":"wp","href":"https:\/\/api.w.org\/{rel}","templated":true}]}}