{"id":129462,"date":"2024-03-13T19:17:37","date_gmt":"2024-03-13T18:17:37","guid":{"rendered":"https:\/\/www.fabioferro.eu\/paar-gehaemmerte-fabio-eisen-eheringe-in-weissgold-3-mm.html"},"modified":"2025-06-26T16:43:28","modified_gmt":"2025-06-26T14:43:28","slug":"paar-gehaemmerte-fabio-eisen-eheringe-in-weissgold-3-mm","status":"publish","type":"product","link":"https:\/\/www.fabioferro.eu\/de\/paar-gehaemmerte-fabio-eisen-eheringe-in-weissgold-3-mm.html","title":{"rendered":"Paar geh\u00e4mmerte Trauringe Fabio Ferro 3 mm"},"content":{"rendered":"<p>Ein Paar Eheringe aus 18 und 9 Karat Wei\u00dfgold, Silber und Platin in dem Material Ihrer Wahl. Hergestellt in Italien.<\/p>\n<p>Eindeutig unverwechselbare Verarbeitung, geh\u00e4mmert mit einer d\u00fcnnen, au\u00dfermittig verlaufenden Linie entlang des gesamten Au\u00dfenbereichs.<\/p>\n<p>Die Breite betr\u00e4gt 3 mm und die Dicke 2 mm. Sehr komfortabel in jeder Situation.<\/p>\n<p>Der Ehering f\u00fcr sie ist mit einem Brillanten besetzt.<\/p>\n<p>Freie Gravur von Namen und Datum, kurzen S\u00e4tzen und\/oder Zitaten m\u00f6glich.<\/p>\n<p>Es werden zwei Garantien gegeben, die die Eigenschaften der beiden Juwelen zusammenfassen.<\/p>\n<p>Begleitet von eleganten cpfanetto mit doppelter Steuer f\u00fcr die Lagerung.<\/p>\n","protected":false},"excerpt":{"rendered":"<p>Ein einzigartiges Paar Trauringe mit geh\u00e4mmerter Verarbeitung, das durch seine Sch\u00f6nheit zu \u00fcberzeugen wei\u00df.<\/p>\n","protected":false},"featured_media":129402,"comment_status":"open","ping_status":"closed","template":"","meta":[],"product_brand":[152],"product_cat":[7633],"product_tag":[],"class_list":{"0":"post-129462","1":"product","2":"type-product","3":"status-publish","4":"has-post-thumbnail","6":"product_brand-fabio-ferro-i-gioielli","7":"product_cat-eheringe-und-trauringe-nach-mas","9":"first","10":"instock","11":"featured","12":"taxable","13":"shipping-taxable","14":"purchasable","15":"product-type-simple"},"exclude_global_add_ons":[],"addons":[],"df_price":"","df_sale_price":"","df_regular_price":"","df_image_link":"https:\/\/cdn02.fabioferro.eu\/wp-content\/uploads\/coppia-fedi-nuziali-in-oro-bianco-con-diamante-fabio-ferro-martellate-wewd430332bz.jpg","_links":{"self":[{"href":"https:\/\/www.fabioferro.eu\/de\/wp-json\/wp\/v2\/product\/129462","targetHints":{"allow":["GET"]}}],"collection":[{"href":"https:\/\/www.fabioferro.eu\/de\/wp-json\/wp\/v2\/product"}],"about":[{"href":"https:\/\/www.fabioferro.eu\/de\/wp-json\/wp\/v2\/types\/product"}],"replies":[{"embeddable":true,"href":"https:\/\/www.fabioferro.eu\/de\/wp-json\/wp\/v2\/comments?post=129462"}],"version-history":[{"count":1,"href":"https:\/\/www.fabioferro.eu\/de\/wp-json\/wp\/v2\/product\/129462\/revisions"}],"predecessor-version":[{"id":186930,"href":"https:\/\/www.fabioferro.eu\/de\/wp-json\/wp\/v2\/product\/129462\/revisions\/186930"}],"wp:featuredmedia":[{"embeddable":true,"href":"https:\/\/www.fabioferro.eu\/de\/wp-json\/wp\/v2\/media\/129402"}],"wp:attachment":[{"href":"https:\/\/www.fabioferro.eu\/de\/wp-json\/wp\/v2\/media?parent=129462"}],"wp:term":[{"taxonomy":"product_brand","embeddable":true,"href":"https:\/\/www.fabioferro.eu\/de\/wp-json\/wp\/v2\/product_brand?post=129462"},{"taxonomy":"product_cat","embeddable":true,"href":"https:\/\/www.fabioferro.eu\/de\/wp-json\/wp\/v2\/product_cat?post=129462"},{"taxonomy":"product_tag","embeddable":true,"href":"https:\/\/www.fabioferro.eu\/de\/wp-json\/wp\/v2\/product_tag?post=129462"}],"curies":[{"name":"wp","href":"https:\/\/api.w.org\/{rel}","templated":true}]}}