{"id":129471,"date":"2024-03-13T19:03:17","date_gmt":"2024-03-13T18:03:17","guid":{"rendered":"https:\/\/www.fabioferro.eu\/fabio-ferro-doppelte-trauringe-aus-gelb-und-weissgold-4-mm.html"},"modified":"2025-06-26T16:43:33","modified_gmt":"2025-06-26T14:43:33","slug":"fabio-ferro-doppelte-trauringe-aus-gelb-und-weissgold-4-mm","status":"publish","type":"product","link":"https:\/\/www.fabioferro.eu\/de\/fabio-ferro-doppelte-trauringe-aus-gelb-und-weissgold-4-mm.html","title":{"rendered":"Paar doppelte Eheringe Fabio Ferro Gelb und Wei\u00df 4 mm"},"content":{"rendered":"<p>Ein Paar Eheringe aus 18 und 9 Karat Wei\u00dfgold, Silber und Platin in dem Material Ihrer Wahl. Hergestellt in Italien.<\/p>\n<p>Die Besonderheit dieses Modells besteht darin, dass f\u00fcr die einfache Farbe zwei Ringe ben\u00f6tigt werden, die dann zusammengef\u00fcgt werden, um die doppelte Farbe zu erhalten.<\/p>\n<p>In den Ring f\u00fcr sie ist oben ein Brillant eingefasst.<\/p>\n<p>Au\u00dfen abgerundet und innen bequem, ideal f\u00fcr das Tragen zu jeder Zeit.<\/p>\n<p>Die Breite betr\u00e4gt 4 mm und die Dicke 2 mm.<\/p>\n<p>Es werden zwei Garantien gegeben, die die Qualit\u00e4t und die jeweiligen Merkmale beschreiben.<\/p>\n<p>Begleitet von eleganten Box mit Doppelsteuer f\u00fcr die Lagerung.<\/p>\n","protected":false},"excerpt":{"rendered":"<p>Das Klassische verschmilzt mit dem Modernen und schafft einen Effekt von unvergleichlicher Leichtigkeit und Sch\u00f6nheit.<\/p>\n","protected":false},"featured_media":129405,"comment_status":"open","ping_status":"closed","template":"","meta":[],"product_brand":[152],"product_cat":[7633],"product_tag":[],"class_list":{"0":"post-129471","1":"product","2":"type-product","3":"status-publish","4":"has-post-thumbnail","6":"product_brand-fabio-ferro-i-gioielli","7":"product_cat-eheringe-und-trauringe-nach-mas","9":"first","10":"instock","11":"featured","12":"taxable","13":"shipping-taxable","14":"purchasable","15":"product-type-simple"},"exclude_global_add_ons":[],"addons":[],"df_price":"","df_sale_price":"","df_regular_price":"","df_image_link":"https:\/\/cdn02.fabioferro.eu\/wp-content\/uploads\/coppia-fedi-nuziali-in-oro-giallo-e-bianco-doppia-fabio-ferro-diamante-wewd427742la.jpg","_links":{"self":[{"href":"https:\/\/www.fabioferro.eu\/de\/wp-json\/wp\/v2\/product\/129471","targetHints":{"allow":["GET"]}}],"collection":[{"href":"https:\/\/www.fabioferro.eu\/de\/wp-json\/wp\/v2\/product"}],"about":[{"href":"https:\/\/www.fabioferro.eu\/de\/wp-json\/wp\/v2\/types\/product"}],"replies":[{"embeddable":true,"href":"https:\/\/www.fabioferro.eu\/de\/wp-json\/wp\/v2\/comments?post=129471"}],"version-history":[{"count":1,"href":"https:\/\/www.fabioferro.eu\/de\/wp-json\/wp\/v2\/product\/129471\/revisions"}],"predecessor-version":[{"id":186936,"href":"https:\/\/www.fabioferro.eu\/de\/wp-json\/wp\/v2\/product\/129471\/revisions\/186936"}],"wp:featuredmedia":[{"embeddable":true,"href":"https:\/\/www.fabioferro.eu\/de\/wp-json\/wp\/v2\/media\/129405"}],"wp:attachment":[{"href":"https:\/\/www.fabioferro.eu\/de\/wp-json\/wp\/v2\/media?parent=129471"}],"wp:term":[{"taxonomy":"product_brand","embeddable":true,"href":"https:\/\/www.fabioferro.eu\/de\/wp-json\/wp\/v2\/product_brand?post=129471"},{"taxonomy":"product_cat","embeddable":true,"href":"https:\/\/www.fabioferro.eu\/de\/wp-json\/wp\/v2\/product_cat?post=129471"},{"taxonomy":"product_tag","embeddable":true,"href":"https:\/\/www.fabioferro.eu\/de\/wp-json\/wp\/v2\/product_tag?post=129471"}],"curies":[{"name":"wp","href":"https:\/\/api.w.org\/{rel}","templated":true}]}}