{"id":129478,"date":"2024-03-13T19:31:00","date_gmt":"2024-03-13T18:31:00","guid":{"rendered":"https:\/\/www.fabioferro.eu\/paar-fabio-ferro-binario-modell-weissgold-trauringe-mit-diamanten-35-mm.html"},"modified":"2025-06-26T16:43:29","modified_gmt":"2025-06-26T14:43:29","slug":"paar-fabio-ferro-binario-modell-weissgold-trauringe-mit-diamanten-35-mm","status":"publish","type":"product","link":"https:\/\/www.fabioferro.eu\/de\/paar-fabio-ferro-binario-modell-weissgold-trauringe-mit-diamanten-35-mm.html","title":{"rendered":"Paar Trauringe Fabio Ferro Bin\u00e4res Modell mit 3,5 mm Diamanten"},"content":{"rendered":"<div id=\"cgkit-tab-description\" class=\"woocommerce-Tabs-panel commercekit-Tabs-panel--description panel entry-content\">\n<p>Ein Paar Eheringe aus 18 und 9 Karat Wei\u00dfgold, Silber und Platin in dem Material Ihrer Wahl. Hergestellt in Italien.<\/p>\n<p>Eine besondere Verarbeitung, die sich durch das gesamte Schmuckst\u00fcck zieht. In der weiblichen Version mit Diamanten und in der m\u00e4nnlichen Version mit einer kleinen sandgestrahlten Spur auf der Unterseite.<\/p>\n<p>Die Breite betr\u00e4gt 3,5 mm, w\u00e4hrend die Dicke 2 mm betr\u00e4gt. Die Innenseite ist gew\u00f6lbt und erm\u00f6glicht einen hohen Tragekomfort.<\/p>\n<p>Das Gewicht variiert je nach der gew\u00e4hlten Gr\u00f6\u00dfe, je gr\u00f6\u00dfer, desto schwerer ist es.<\/p>\n<p>Gravur von Namen und Datum, kurzen S\u00e4tzen oder Zitaten m\u00f6glich.<\/p>\n<p>Es werden zwei Garantien mit Beschreibungen des Schmucks und der jeweiligen Gewichte, Materialien und Verarbeitung gegeben.<\/p>\n<p>Begleitet von einer eleganten Box mit doppeltem Verschluss zur Aufbewahrung.<\/p>\n<\/div>\n","protected":false},"excerpt":{"rendered":"<p>Zwei Eheringe, die auch Schmuckst\u00fccke sind, die man jeden Tag tragen kann. Finden Sie Ihre Gr\u00f6\u00dfe heraus!<\/p>\n","protected":false},"featured_media":129313,"comment_status":"open","ping_status":"closed","template":"","meta":[],"product_brand":[152],"product_cat":[7633],"product_tag":[],"class_list":{"0":"post-129478","1":"product","2":"type-product","3":"status-publish","4":"has-post-thumbnail","6":"product_brand-fabio-ferro-i-gioielli","7":"product_cat-eheringe-und-trauringe-nach-mas","9":"first","10":"instock","11":"featured","12":"taxable","13":"shipping-taxable","14":"purchasable","15":"product-type-simple"},"exclude_global_add_ons":[],"addons":[],"df_price":"","df_sale_price":"","df_regular_price":"","df_image_link":"https:\/\/cdn02.fabioferro.eu\/wp-content\/uploads\/coppia-fedi-nuziali-fabio-ferro-binario-in-oro-bianco-wd445535baet.jpg","_links":{"self":[{"href":"https:\/\/www.fabioferro.eu\/de\/wp-json\/wp\/v2\/product\/129478","targetHints":{"allow":["GET"]}}],"collection":[{"href":"https:\/\/www.fabioferro.eu\/de\/wp-json\/wp\/v2\/product"}],"about":[{"href":"https:\/\/www.fabioferro.eu\/de\/wp-json\/wp\/v2\/types\/product"}],"replies":[{"embeddable":true,"href":"https:\/\/www.fabioferro.eu\/de\/wp-json\/wp\/v2\/comments?post=129478"}],"version-history":[{"count":1,"href":"https:\/\/www.fabioferro.eu\/de\/wp-json\/wp\/v2\/product\/129478\/revisions"}],"predecessor-version":[{"id":186932,"href":"https:\/\/www.fabioferro.eu\/de\/wp-json\/wp\/v2\/product\/129478\/revisions\/186932"}],"wp:featuredmedia":[{"embeddable":true,"href":"https:\/\/www.fabioferro.eu\/de\/wp-json\/wp\/v2\/media\/129313"}],"wp:attachment":[{"href":"https:\/\/www.fabioferro.eu\/de\/wp-json\/wp\/v2\/media?parent=129478"}],"wp:term":[{"taxonomy":"product_brand","embeddable":true,"href":"https:\/\/www.fabioferro.eu\/de\/wp-json\/wp\/v2\/product_brand?post=129478"},{"taxonomy":"product_cat","embeddable":true,"href":"https:\/\/www.fabioferro.eu\/de\/wp-json\/wp\/v2\/product_cat?post=129478"},{"taxonomy":"product_tag","embeddable":true,"href":"https:\/\/www.fabioferro.eu\/de\/wp-json\/wp\/v2\/product_tag?post=129478"}],"curies":[{"name":"wp","href":"https:\/\/api.w.org\/{rel}","templated":true}]}}