{"id":129484,"date":"2024-03-08T19:29:27","date_gmt":"2024-03-08T18:29:27","guid":{"rendered":"https:\/\/www.fabioferro.eu\/paar-fabio-eisen-eheringe-in-rose-gold-comode-light-3-mm.html"},"modified":"2025-06-26T16:43:20","modified_gmt":"2025-06-26T14:43:20","slug":"paar-fabio-eisen-eheringe-in-rose-gold-comode-light-3-mm","status":"publish","type":"product","link":"https:\/\/www.fabioferro.eu\/de\/paar-fabio-eisen-eheringe-in-rose-gold-comode-light-3-mm.html","title":{"rendered":"Paar Eheringe Fabio Ferro Rose Comfortable Light 3 mm"},"content":{"rendered":"<p>Ein Paar Eheringe aus 18 und 9 Karat Wei\u00dfgold, Silber und Platin in dem Material Ihrer Wahl. Hergestellt in Italien.<\/p>\n<p>Dieses Modell ist so konzipiert, dass es praktisch und in jeder Situation bequem zu tragen ist.<\/p>\n<p>Die Breite ist mit 3 mm schmal, und die Innenseite ist angenehm gew\u00f6lbt. Dicke 1,5 mm.<\/p>\n<p>Das Gewicht h\u00e4ngt von der gew\u00e4hlten Gr\u00f6\u00dfe ab, je gr\u00f6\u00dfer sie ist, desto mehr wird sie wiegen.<\/p>\n<p>Gravur von Namen und Datum, kurzen S\u00e4tzen oder Zitaten m\u00f6glich.<\/p>\n<p>Es werden zwei Garantien mit Beschreibungen des Schmucks und der jeweiligen Gewichte, Materialien und Verarbeitung gegeben.<\/p>\n<p>Begleitet von einer eleganten Box mit doppeltem Verschluss zur Aufbewahrung.<\/p>\n","protected":false},"excerpt":{"rendered":"<p>Ein Paar praktischer Eheringe, die durch ihre Sch\u00f6nheit die wahrhaftigsten Gef\u00fchle verbinden.<\/p>\n","protected":false},"featured_media":129287,"comment_status":"open","ping_status":"closed","template":"","meta":[],"product_brand":[152],"product_cat":[7633],"product_tag":[],"class_list":{"0":"post-129484","1":"product","2":"type-product","3":"status-publish","4":"has-post-thumbnail","6":"product_brand-fabio-ferro-i-gioielli","7":"product_cat-eheringe-und-trauringe-nach-mas","9":"first","10":"instock","11":"taxable","12":"shipping-taxable","13":"purchasable","14":"product-type-simple"},"exclude_global_add_ons":[],"addons":[],"df_price":"","df_sale_price":"","df_regular_price":"","df_image_link":"https:\/\/cdn02.fabioferro.eu\/wp-content\/uploads\/coppia-di-fedi-fabio-ferro-in-oro-rosa-light-weco30qa.jpg","_links":{"self":[{"href":"https:\/\/www.fabioferro.eu\/de\/wp-json\/wp\/v2\/product\/129484","targetHints":{"allow":["GET"]}}],"collection":[{"href":"https:\/\/www.fabioferro.eu\/de\/wp-json\/wp\/v2\/product"}],"about":[{"href":"https:\/\/www.fabioferro.eu\/de\/wp-json\/wp\/v2\/types\/product"}],"replies":[{"embeddable":true,"href":"https:\/\/www.fabioferro.eu\/de\/wp-json\/wp\/v2\/comments?post=129484"}],"version-history":[{"count":1,"href":"https:\/\/www.fabioferro.eu\/de\/wp-json\/wp\/v2\/product\/129484\/revisions"}],"predecessor-version":[{"id":186920,"href":"https:\/\/www.fabioferro.eu\/de\/wp-json\/wp\/v2\/product\/129484\/revisions\/186920"}],"wp:featuredmedia":[{"embeddable":true,"href":"https:\/\/www.fabioferro.eu\/de\/wp-json\/wp\/v2\/media\/129287"}],"wp:attachment":[{"href":"https:\/\/www.fabioferro.eu\/de\/wp-json\/wp\/v2\/media?parent=129484"}],"wp:term":[{"taxonomy":"product_brand","embeddable":true,"href":"https:\/\/www.fabioferro.eu\/de\/wp-json\/wp\/v2\/product_brand?post=129484"},{"taxonomy":"product_cat","embeddable":true,"href":"https:\/\/www.fabioferro.eu\/de\/wp-json\/wp\/v2\/product_cat?post=129484"},{"taxonomy":"product_tag","embeddable":true,"href":"https:\/\/www.fabioferro.eu\/de\/wp-json\/wp\/v2\/product_tag?post=129484"}],"curies":[{"name":"wp","href":"https:\/\/api.w.org\/{rel}","templated":true}]}}