{"id":129493,"date":"2024-03-08T18:48:11","date_gmt":"2024-03-08T17:48:11","guid":{"rendered":"https:\/\/www.fabioferro.eu\/paar-4-mm-gelbgold-trauringe-mit-zacken-fabio-eisen.html"},"modified":"2025-06-26T16:43:02","modified_gmt":"2025-06-26T14:43:02","slug":"paar-4-mm-gelbgold-trauringe-mit-zacken-fabio-eisen","status":"publish","type":"product","link":"https:\/\/www.fabioferro.eu\/de\/paar-4-mm-gelbgold-trauringe-mit-zacken-fabio-eisen.html","title":{"rendered":"Paar Eheringe Fabio Ferro Gelb gepunktet 4 mm"},"content":{"rendered":"<p>Ein Paar Eheringe aus 18 und 9 Karat Wei\u00dfgold, Silber und Platin in dem Material Ihrer Wahl. Hergestellt in Italien.<\/p>\n<p>Eine besondere zentrale Verarbeitung, die eine tiefe Bedeutung im Zusammenhang mit der Unendlichkeit hat.<\/p>\n<p>Die Breite betr\u00e4gt 4 mm, w\u00e4hrend die Dicke 2 mm betr\u00e4gt. Die Innenseite ist gew\u00f6lbt und erm\u00f6glicht einen hohen Tragekomfort.<\/p>\n<p>Das Gewicht variiert je nach der gew\u00e4hlten Gr\u00f6\u00dfe, je gr\u00f6\u00dfer, desto schwerer ist es.<\/p>\n<p>Gravur von Namen und Datum, kurzen S\u00e4tzen oder Zitaten m\u00f6glich.<\/p>\n<p>Es werden zwei Garantien mit Beschreibungen des Schmucks und der jeweiligen Gewichte, Materialien und Verarbeitung gegeben.<\/p>\n<p>Begleitet von einer eleganten Box mit doppeltem Verschluss zur Aufbewahrung.<\/p>\n","protected":false},"excerpt":{"rendered":"<p>Eine Verarbeitung, die an die Sch\u00f6nheit der grenzenlosen Liebe erinnert und diese beiden Schmuckst\u00fccke einzigartig macht.<\/p>\n","protected":false},"featured_media":129319,"comment_status":"open","ping_status":"closed","template":"","meta":[],"product_brand":[152],"product_cat":[7633],"product_tag":[],"class_list":{"0":"post-129493","1":"product","2":"type-product","3":"status-publish","4":"has-post-thumbnail","6":"product_brand-fabio-ferro-i-gioielli","7":"product_cat-eheringe-und-trauringe-nach-mas","9":"first","10":"instock","11":"featured","12":"taxable","13":"shipping-taxable","14":"purchasable","15":"product-type-simple"},"exclude_global_add_ons":[],"addons":[],"df_price":"","df_sale_price":"","df_regular_price":"","df_image_link":"https:\/\/cdn02.fabioferro.eu\/wp-content\/uploads\/coppia-fedi-polello-puntellate-fabio-ferro-in-oro-bianco-we437240ga-1.jpg","_links":{"self":[{"href":"https:\/\/www.fabioferro.eu\/de\/wp-json\/wp\/v2\/product\/129493","targetHints":{"allow":["GET"]}}],"collection":[{"href":"https:\/\/www.fabioferro.eu\/de\/wp-json\/wp\/v2\/product"}],"about":[{"href":"https:\/\/www.fabioferro.eu\/de\/wp-json\/wp\/v2\/types\/product"}],"replies":[{"embeddable":true,"href":"https:\/\/www.fabioferro.eu\/de\/wp-json\/wp\/v2\/comments?post=129493"}],"version-history":[{"count":1,"href":"https:\/\/www.fabioferro.eu\/de\/wp-json\/wp\/v2\/product\/129493\/revisions"}],"predecessor-version":[{"id":186916,"href":"https:\/\/www.fabioferro.eu\/de\/wp-json\/wp\/v2\/product\/129493\/revisions\/186916"}],"wp:featuredmedia":[{"embeddable":true,"href":"https:\/\/www.fabioferro.eu\/de\/wp-json\/wp\/v2\/media\/129319"}],"wp:attachment":[{"href":"https:\/\/www.fabioferro.eu\/de\/wp-json\/wp\/v2\/media?parent=129493"}],"wp:term":[{"taxonomy":"product_brand","embeddable":true,"href":"https:\/\/www.fabioferro.eu\/de\/wp-json\/wp\/v2\/product_brand?post=129493"},{"taxonomy":"product_cat","embeddable":true,"href":"https:\/\/www.fabioferro.eu\/de\/wp-json\/wp\/v2\/product_cat?post=129493"},{"taxonomy":"product_tag","embeddable":true,"href":"https:\/\/www.fabioferro.eu\/de\/wp-json\/wp\/v2\/product_tag?post=129493"}],"curies":[{"name":"wp","href":"https:\/\/api.w.org\/{rel}","templated":true}]}}