{"id":129519,"date":"2024-03-06T16:24:08","date_gmt":"2024-03-06T15:24:08","guid":{"rendered":"https:\/\/www.fabioferro.eu\/rue-des-mille-pave-ring-in-uebergroesse-mit-weissen-zirkonen.html"},"modified":"2025-06-06T15:46:13","modified_gmt":"2025-06-06T13:46:13","slug":"rue-des-mille-pave-ring-in-uebergroesse-mit-weissen-zirkonen","status":"publish","type":"product","link":"https:\/\/www.fabioferro.eu\/de\/rue-des-mille-pave-ring-in-uebergroesse-mit-weissen-zirkonen.html","title":{"rendered":"Rue Des Mille Pave Ring in \u00dcbergr\u00f6\u00dfe mit wei\u00dfen Zirkonen"},"content":{"rendered":"<p>Ring aus 925er Sterlingsilber mit einem \u00fcbergro\u00dfen Zirkonia-Pav\u00e9, das von einem kleinen glatten Kreis flankiert wird. Der Ring ist in den Gr\u00f6\u00dfen 13 und 16 erh\u00e4ltlich. Handgefertigt, Made in Italy. Wird von der offiziellen Rue des Mille Box und Garantie begleitet.<\/p>\n","protected":false},"excerpt":{"rendered":"<p>Dieser Ring ist klassisch und zeitlos und strahlt eine unvergleichliche Eleganz aus.<\/p>\n","protected":false},"featured_media":129095,"comment_status":"open","ping_status":"closed","template":"","meta":[],"product_brand":[205],"product_cat":[6207],"product_tag":[],"class_list":{"0":"post-129519","1":"product","2":"type-product","3":"status-publish","4":"has-post-thumbnail","6":"product_brand-rue-des-mille","7":"product_cat-ringe-rue-des-mille","9":"first","10":"outofstock","11":"taxable","12":"shipping-taxable","13":"product-type-simple"},"exclude_global_add_ons":[],"addons":[],"df_price":"","df_sale_price":"","df_regular_price":"","df_image_link":"https:\/\/cdn02.fabioferro.eu\/wp-content\/uploads\/Anello-Rue-Des-Mille-Cerchio-Pave-Oversized-con-Zirconi-Bianchi.webp","_links":{"self":[{"href":"https:\/\/www.fabioferro.eu\/de\/wp-json\/wp\/v2\/product\/129519","targetHints":{"allow":["GET"]}}],"collection":[{"href":"https:\/\/www.fabioferro.eu\/de\/wp-json\/wp\/v2\/product"}],"about":[{"href":"https:\/\/www.fabioferro.eu\/de\/wp-json\/wp\/v2\/types\/product"}],"replies":[{"embeddable":true,"href":"https:\/\/www.fabioferro.eu\/de\/wp-json\/wp\/v2\/comments?post=129519"}],"version-history":[{"count":0,"href":"https:\/\/www.fabioferro.eu\/de\/wp-json\/wp\/v2\/product\/129519\/revisions"}],"wp:featuredmedia":[{"embeddable":true,"href":"https:\/\/www.fabioferro.eu\/de\/wp-json\/wp\/v2\/media\/129095"}],"wp:attachment":[{"href":"https:\/\/www.fabioferro.eu\/de\/wp-json\/wp\/v2\/media?parent=129519"}],"wp:term":[{"taxonomy":"product_brand","embeddable":true,"href":"https:\/\/www.fabioferro.eu\/de\/wp-json\/wp\/v2\/product_brand?post=129519"},{"taxonomy":"product_cat","embeddable":true,"href":"https:\/\/www.fabioferro.eu\/de\/wp-json\/wp\/v2\/product_cat?post=129519"},{"taxonomy":"product_tag","embeddable":true,"href":"https:\/\/www.fabioferro.eu\/de\/wp-json\/wp\/v2\/product_tag?post=129519"}],"curies":[{"name":"wp","href":"https:\/\/api.w.org\/{rel}","templated":true}]}}