{"id":129531,"date":"2024-03-06T16:23:57","date_gmt":"2024-03-06T15:23:57","guid":{"rendered":"https:\/\/www.fabioferro.eu\/rue-des-mille-chevalier-tropfen-pave-ring-mit-rosa-zirkonen.html"},"modified":"2025-06-06T16:18:29","modified_gmt":"2025-06-06T14:18:29","slug":"rue-des-mille-chevalier-tropfen-pave-ring-mit-rosa-zirkonen","status":"publish","type":"product","link":"https:\/\/www.fabioferro.eu\/de\/rue-des-mille-chevalier-tropfen-pave-ring-mit-rosa-zirkonen.html","title":{"rendered":"Rue Des Mille Chevalier Tropfen Pave Ring mit rosa Zirkonen"},"content":{"rendered":"<p>Chevalier-Ring aus 925er Sterlingsilber mit 18-kar\u00e4tiger Gelbvergoldung und wei\u00dfem Zirkoniapav\u00e9. Offener Ring Gr\u00f6\u00dfe 9, so dass Sie die Gr\u00f6\u00dfe durch vorsichtiges Anfassen anpassen k\u00f6nnen. Handgefertigt, Hergestellt in Italien. Mit der Original-Garantie und -Verpackung von Rue des Mille.  &nbsp;<\/p>\n","protected":false},"excerpt":{"rendered":"<p>Ein Ring mit einem raffinierten und zeitlosen Design, ein echtes Schmuckst\u00fcck mit Klasse!<\/p>\n","protected":false},"featured_media":129058,"comment_status":"open","ping_status":"closed","template":"","meta":[],"product_brand":[205],"product_cat":[6207],"product_tag":[],"class_list":{"0":"post-129531","1":"product","2":"type-product","3":"status-publish","4":"has-post-thumbnail","6":"product_brand-rue-des-mille","7":"product_cat-ringe-rue-des-mille","9":"first","10":"outofstock","11":"sale","12":"taxable","13":"shipping-taxable","14":"purchasable","15":"product-type-simple"},"exclude_global_add_ons":[],"addons":[],"df_price":69,"df_sale_price":69,"df_regular_price":115,"df_image_link":"https:\/\/cdn02.fabioferro.eu\/wp-content\/uploads\/Anello-Rue-Des-Mille-Chevalier-Drop-Pave-con-Zirconi-Rosa.webp","_links":{"self":[{"href":"https:\/\/www.fabioferro.eu\/de\/wp-json\/wp\/v2\/product\/129531","targetHints":{"allow":["GET"]}}],"collection":[{"href":"https:\/\/www.fabioferro.eu\/de\/wp-json\/wp\/v2\/product"}],"about":[{"href":"https:\/\/www.fabioferro.eu\/de\/wp-json\/wp\/v2\/types\/product"}],"replies":[{"embeddable":true,"href":"https:\/\/www.fabioferro.eu\/de\/wp-json\/wp\/v2\/comments?post=129531"}],"version-history":[{"count":0,"href":"https:\/\/www.fabioferro.eu\/de\/wp-json\/wp\/v2\/product\/129531\/revisions"}],"wp:featuredmedia":[{"embeddable":true,"href":"https:\/\/www.fabioferro.eu\/de\/wp-json\/wp\/v2\/media\/129058"}],"wp:attachment":[{"href":"https:\/\/www.fabioferro.eu\/de\/wp-json\/wp\/v2\/media?parent=129531"}],"wp:term":[{"taxonomy":"product_brand","embeddable":true,"href":"https:\/\/www.fabioferro.eu\/de\/wp-json\/wp\/v2\/product_brand?post=129531"},{"taxonomy":"product_cat","embeddable":true,"href":"https:\/\/www.fabioferro.eu\/de\/wp-json\/wp\/v2\/product_cat?post=129531"},{"taxonomy":"product_tag","embeddable":true,"href":"https:\/\/www.fabioferro.eu\/de\/wp-json\/wp\/v2\/product_tag?post=129531"}],"curies":[{"name":"wp","href":"https:\/\/api.w.org\/{rel}","templated":true}]}}