{"id":129533,"date":"2024-03-06T16:23:59","date_gmt":"2024-03-06T15:23:59","guid":{"rendered":"https:\/\/www.fabioferro.eu\/rue-des-mille-chevalier-tropfen-pave-ring-mit-weissen-galvanischen-zirkonen.html"},"modified":"2024-09-18T17:01:49","modified_gmt":"2024-09-18T15:01:49","slug":"rue-des-mille-chevalier-tropfen-pave-ring-mit-weissen-galvanischen-zirkonen","status":"publish","type":"product","link":"https:\/\/www.fabioferro.eu\/de\/rue-des-mille-chevalier-tropfen-pave-ring-mit-weissen-galvanischen-zirkonen.html","title":{"rendered":"Rue Des Mille Chevalier Tropfen Pave Ring mit wei\u00dfen galvanischen Zirkonen"},"content":{"rendered":"<p>Ring aus 925er Sterlingsilber mit wei\u00dfem Zirkonpav\u00e9, der am kleinen Finger zu tragen ist. Offener Ring der Gr\u00f6\u00dfe 9, einstellbar durch vorsichtige Handhabung. Handgefertigt, Hergestellt in Italien. Mit Original-Garantie und -Verpackung der Rue des Mille.<\/p>\n","protected":false},"excerpt":{"rendered":"<p>Ring mit einem Stil, der sich durch zeitlose Eleganz und Klassizit\u00e4t auszeichnet.<\/p>\n","protected":false},"featured_media":129065,"comment_status":"open","ping_status":"closed","template":"","meta":[],"product_brand":[205],"product_cat":[6207],"product_tag":[],"class_list":{"0":"post-129533","1":"product","2":"type-product","3":"status-publish","4":"has-post-thumbnail","6":"product_brand-rue-des-mille","7":"product_cat-ringe-rue-des-mille","9":"first","10":"outofstock","11":"sale","12":"taxable","13":"shipping-taxable","14":"purchasable","15":"product-type-simple"},"exclude_global_add_ons":[],"addons":[],"df_price":69,"df_sale_price":69,"df_regular_price":115,"df_image_link":"https:\/\/cdn02.fabioferro.eu\/wp-content\/uploads\/Anello-Rue-Des-Mille-Chevalier-Drop-Pave-con-Zirconi-Bianchi-Galvanica-Bianca.webp","_links":{"self":[{"href":"https:\/\/www.fabioferro.eu\/de\/wp-json\/wp\/v2\/product\/129533","targetHints":{"allow":["GET"]}}],"collection":[{"href":"https:\/\/www.fabioferro.eu\/de\/wp-json\/wp\/v2\/product"}],"about":[{"href":"https:\/\/www.fabioferro.eu\/de\/wp-json\/wp\/v2\/types\/product"}],"replies":[{"embeddable":true,"href":"https:\/\/www.fabioferro.eu\/de\/wp-json\/wp\/v2\/comments?post=129533"}],"version-history":[{"count":0,"href":"https:\/\/www.fabioferro.eu\/de\/wp-json\/wp\/v2\/product\/129533\/revisions"}],"wp:featuredmedia":[{"embeddable":true,"href":"https:\/\/www.fabioferro.eu\/de\/wp-json\/wp\/v2\/media\/129065"}],"wp:attachment":[{"href":"https:\/\/www.fabioferro.eu\/de\/wp-json\/wp\/v2\/media?parent=129533"}],"wp:term":[{"taxonomy":"product_brand","embeddable":true,"href":"https:\/\/www.fabioferro.eu\/de\/wp-json\/wp\/v2\/product_brand?post=129533"},{"taxonomy":"product_cat","embeddable":true,"href":"https:\/\/www.fabioferro.eu\/de\/wp-json\/wp\/v2\/product_cat?post=129533"},{"taxonomy":"product_tag","embeddable":true,"href":"https:\/\/www.fabioferro.eu\/de\/wp-json\/wp\/v2\/product_tag?post=129533"}],"curies":[{"name":"wp","href":"https:\/\/api.w.org\/{rel}","templated":true}]}}