{"id":129534,"date":"2024-03-06T16:24:01","date_gmt":"2024-03-06T15:24:01","guid":{"rendered":"https:\/\/www.fabioferro.eu\/ring-rue-des-mille-chevalier-tropfen-glatt-galvanisch-gelb.html"},"modified":"2024-09-18T17:01:44","modified_gmt":"2024-09-18T15:01:44","slug":"ring-rue-des-mille-chevalier-tropfen-glatt-galvanisch-gelb","status":"publish","type":"product","link":"https:\/\/www.fabioferro.eu\/de\/ring-rue-des-mille-chevalier-tropfen-glatt-galvanisch-gelb.html","title":{"rendered":"Ring Rue Des Mille Chevalier Tropfen Glatt Galvanisch Gelb"},"content":{"rendered":"<p>Ring Rue Des Mille chevalier, der am kleinen Finger getragen wird. Schmuck aus 925er Sterlingsilber mit 18-kar\u00e4tiger Gelbgoldplattierung. Gr\u00f6\u00dfe 9, verstellbar durch vorsichtige Handhabung. Hergestellt in Italien, Hergestellt in Italien. Mit Original-Garantie und -Verpackung der Rue des Mille.<\/p>\n","protected":false},"excerpt":{"rendered":"<p>Ein Ring von zeitloser Eleganz, der mit seinem klassischen Design immer wieder \u00fcberzeugt.<\/p>\n","protected":false},"featured_media":129071,"comment_status":"open","ping_status":"closed","template":"","meta":[],"product_brand":[205],"product_cat":[6207],"product_tag":[],"class_list":{"0":"post-129534","1":"product","2":"type-product","3":"status-publish","4":"has-post-thumbnail","6":"product_brand-rue-des-mille","7":"product_cat-ringe-rue-des-mille","9":"first","10":"outofstock","11":"sale","12":"taxable","13":"shipping-taxable","14":"purchasable","15":"product-type-simple"},"exclude_global_add_ons":[],"addons":[],"df_price":42,"df_sale_price":42,"df_regular_price":70,"df_image_link":"https:\/\/cdn02.fabioferro.eu\/wp-content\/uploads\/Anello-Rue-Des-Mille-Chevalier-Drop-Liscio-Galvanica-Gialla.webp","_links":{"self":[{"href":"https:\/\/www.fabioferro.eu\/de\/wp-json\/wp\/v2\/product\/129534","targetHints":{"allow":["GET"]}}],"collection":[{"href":"https:\/\/www.fabioferro.eu\/de\/wp-json\/wp\/v2\/product"}],"about":[{"href":"https:\/\/www.fabioferro.eu\/de\/wp-json\/wp\/v2\/types\/product"}],"replies":[{"embeddable":true,"href":"https:\/\/www.fabioferro.eu\/de\/wp-json\/wp\/v2\/comments?post=129534"}],"version-history":[{"count":0,"href":"https:\/\/www.fabioferro.eu\/de\/wp-json\/wp\/v2\/product\/129534\/revisions"}],"wp:featuredmedia":[{"embeddable":true,"href":"https:\/\/www.fabioferro.eu\/de\/wp-json\/wp\/v2\/media\/129071"}],"wp:attachment":[{"href":"https:\/\/www.fabioferro.eu\/de\/wp-json\/wp\/v2\/media?parent=129534"}],"wp:term":[{"taxonomy":"product_brand","embeddable":true,"href":"https:\/\/www.fabioferro.eu\/de\/wp-json\/wp\/v2\/product_brand?post=129534"},{"taxonomy":"product_cat","embeddable":true,"href":"https:\/\/www.fabioferro.eu\/de\/wp-json\/wp\/v2\/product_cat?post=129534"},{"taxonomy":"product_tag","embeddable":true,"href":"https:\/\/www.fabioferro.eu\/de\/wp-json\/wp\/v2\/product_tag?post=129534"}],"curies":[{"name":"wp","href":"https:\/\/api.w.org\/{rel}","templated":true}]}}