{"id":129540,"date":"2024-03-06T16:24:05","date_gmt":"2024-03-06T15:24:05","guid":{"rendered":"https:\/\/www.fabioferro.eu\/rue-des-mille-pave-ring-stardust-ten-in-uebergroesse.html"},"modified":"2024-10-30T09:46:42","modified_gmt":"2024-10-30T08:46:42","slug":"rue-des-mille-pave-ring-stardust-ten-in-uebergroesse","status":"publish","type":"product","link":"https:\/\/www.fabioferro.eu\/de\/rue-des-mille-pave-ring-stardust-ten-in-uebergroesse.html","title":{"rendered":"Rue Des Mille Pave Ring Stardust Ten in \u00dcbergr\u00f6\u00dfe"},"content":{"rendered":"<p>Ring aus 925er Sterlingsilber, 18kt gelb plattiert, mit \u00fcbergro\u00dfem Pav\u00e9 aus wei\u00dfem Zirkonia. Der Ring ist in den Gr\u00f6\u00dfen 13 und 16 erh\u00e4ltlich. Handgefertigt, Made in Italy. Wird von der offiziellen Rue des Mille Box und Garantie begleitet.<\/p>\n","protected":false},"excerpt":{"rendered":"<p>Ein Ring, der durch seinen zeitlosen Stil und seine unvergleichliche Eleganz besticht.<\/p>\n","protected":false},"featured_media":129078,"comment_status":"open","ping_status":"closed","template":"","meta":[],"product_brand":[205],"product_cat":[6207],"product_tag":[],"class_list":{"0":"post-129540","1":"product","2":"type-product","3":"status-publish","4":"has-post-thumbnail","6":"product_brand-rue-des-mille","7":"product_cat-ringe-rue-des-mille","9":"first","10":"outofstock","11":"taxable","12":"shipping-taxable","13":"product-type-simple"},"exclude_global_add_ons":[],"addons":[],"df_price":"","df_sale_price":"","df_regular_price":"","df_image_link":"https:\/\/cdn02.fabioferro.eu\/wp-content\/uploads\/Anello-Rue-Des-Mille-Cerchio-Pave-Oversized-Stardust-Ten.webp","_links":{"self":[{"href":"https:\/\/www.fabioferro.eu\/de\/wp-json\/wp\/v2\/product\/129540","targetHints":{"allow":["GET"]}}],"collection":[{"href":"https:\/\/www.fabioferro.eu\/de\/wp-json\/wp\/v2\/product"}],"about":[{"href":"https:\/\/www.fabioferro.eu\/de\/wp-json\/wp\/v2\/types\/product"}],"replies":[{"embeddable":true,"href":"https:\/\/www.fabioferro.eu\/de\/wp-json\/wp\/v2\/comments?post=129540"}],"version-history":[{"count":0,"href":"https:\/\/www.fabioferro.eu\/de\/wp-json\/wp\/v2\/product\/129540\/revisions"}],"wp:featuredmedia":[{"embeddable":true,"href":"https:\/\/www.fabioferro.eu\/de\/wp-json\/wp\/v2\/media\/129078"}],"wp:attachment":[{"href":"https:\/\/www.fabioferro.eu\/de\/wp-json\/wp\/v2\/media?parent=129540"}],"wp:term":[{"taxonomy":"product_brand","embeddable":true,"href":"https:\/\/www.fabioferro.eu\/de\/wp-json\/wp\/v2\/product_brand?post=129540"},{"taxonomy":"product_cat","embeddable":true,"href":"https:\/\/www.fabioferro.eu\/de\/wp-json\/wp\/v2\/product_cat?post=129540"},{"taxonomy":"product_tag","embeddable":true,"href":"https:\/\/www.fabioferro.eu\/de\/wp-json\/wp\/v2\/product_tag?post=129540"}],"curies":[{"name":"wp","href":"https:\/\/api.w.org\/{rel}","templated":true}]}}