{"id":129545,"date":"2024-03-05T18:29:08","date_gmt":"2024-03-05T17:29:08","guid":{"rendered":"https:\/\/www.fabioferro.eu\/hamilton-ventura-quarz-gold-323-x-503-mm-uhr.html"},"modified":"2025-04-03T09:56:28","modified_gmt":"2025-04-03T07:56:28","slug":"hamilton-ventura-quarz-gold-323-x-503-mm-uhr","status":"publish","type":"product","link":"https:\/\/www.fabioferro.eu\/de\/hamilton-ventura-quarz-gold-323-x-503-mm-uhr.html","title":{"rendered":"Hamilton Ventura Quarz Gold H24301141"},"content":{"rendered":"<p>Hamilton Ventura H24301141 mit Quarzwerk Kaliber F05.115. Ventura Collection, bekannt als die Uhr von Elvis.<\/p>\n<p>Geh\u00e4use aus gelbem PVD-beschichtetem Edelstahl mit den Ma\u00dfen 32,3 x 50,3 mm. Die Dicke betr\u00e4gt 9,27 mm. Die Breite der Bandanst\u00f6\u00dfe betr\u00e4gt 17 mm.<\/p>\n<p>Wasserdicht bis zu 5 bar\/50 Meter.<\/p>\n<p>Spezielles blaues Zifferblatt mit goldenen Indexen und Zeigern, die sich von dem dunklen Hintergrund abheben.<\/p>\n<p>Geh\u00e4rtetes Mineralglas, widerstandsf\u00e4hig gegen St\u00f6\u00dfe und Schlieren.<\/p>\n<p>Gelbes PVD-Edelstahlarmband, elastisch und verstellbar.<\/p>\n<p>Mit offizieller Hamilton-Verpackung und 2 Jahren Garantie.<\/p>\n","protected":false},"excerpt":{"rendered":"<p>Die Hamilton Ventura H24301141 ist die erste elektrische Uhr der Welt, die einen futuristischen und modernen Touch hat. Finden Sie es heraus!<\/p>\n","protected":false},"featured_media":129017,"comment_status":"open","ping_status":"closed","template":"","meta":[],"product_brand":[161],"product_cat":[5975,5974],"product_tag":[],"class_list":{"0":"post-129545","1":"product","2":"type-product","3":"status-publish","4":"has-post-thumbnail","6":"product_brand-hamilton","7":"product_cat-hamilton-damenuhren","8":"product_cat-hamilton-herrenuhren","9":"pa_collezione-hamilton-ventura-de","11":"first","12":"instock","13":"sale","14":"taxable","15":"shipping-taxable","16":"purchasable","17":"product-type-simple"},"exclude_global_add_ons":[],"addons":[],"df_price":820,"df_sale_price":820,"df_regular_price":1025,"df_image_link":"https:\/\/cdn02.fabioferro.eu\/wp-content\/uploads\/orologio-hamilton-ventura-quartz-gold-h24301141-4.jpg","_links":{"self":[{"href":"https:\/\/www.fabioferro.eu\/de\/wp-json\/wp\/v2\/product\/129545","targetHints":{"allow":["GET"]}}],"collection":[{"href":"https:\/\/www.fabioferro.eu\/de\/wp-json\/wp\/v2\/product"}],"about":[{"href":"https:\/\/www.fabioferro.eu\/de\/wp-json\/wp\/v2\/types\/product"}],"replies":[{"embeddable":true,"href":"https:\/\/www.fabioferro.eu\/de\/wp-json\/wp\/v2\/comments?post=129545"}],"version-history":[{"count":0,"href":"https:\/\/www.fabioferro.eu\/de\/wp-json\/wp\/v2\/product\/129545\/revisions"}],"wp:featuredmedia":[{"embeddable":true,"href":"https:\/\/www.fabioferro.eu\/de\/wp-json\/wp\/v2\/media\/129017"}],"wp:attachment":[{"href":"https:\/\/www.fabioferro.eu\/de\/wp-json\/wp\/v2\/media?parent=129545"}],"wp:term":[{"taxonomy":"product_brand","embeddable":true,"href":"https:\/\/www.fabioferro.eu\/de\/wp-json\/wp\/v2\/product_brand?post=129545"},{"taxonomy":"product_cat","embeddable":true,"href":"https:\/\/www.fabioferro.eu\/de\/wp-json\/wp\/v2\/product_cat?post=129545"},{"taxonomy":"product_tag","embeddable":true,"href":"https:\/\/www.fabioferro.eu\/de\/wp-json\/wp\/v2\/product_tag?post=129545"}],"curies":[{"name":"wp","href":"https:\/\/api.w.org\/{rel}","templated":true}]}}