{"id":129561,"date":"2024-03-07T16:20:24","date_gmt":"2024-03-07T15:20:24","guid":{"rendered":"https:\/\/www.fabioferro.eu\/ring-rue-des-mille-pave-coloured-oversized-zirkone.html"},"modified":"2024-10-30T09:46:43","modified_gmt":"2024-10-30T08:46:43","slug":"ring-rue-des-mille-pave-coloured-oversized-zirkone","status":"publish","type":"product","link":"https:\/\/www.fabioferro.eu\/de\/ring-rue-des-mille-pave-coloured-oversized-zirkone.html","title":{"rendered":"Ring Rue des Mille Pave Coloured Oversized Zirkone"},"content":{"rendered":"<p>Ring aus 925er Sterlingsilber, 18kt gelb plattiert, mit \u00fcbergro\u00dfem Pav\u00e9 aus farbigen Zirkonia. Erh\u00e4ltlich in den Gr\u00f6\u00dfen 13 und 16. Handgefertigt, Made in Italy. Wird mit offizieller Rue des Mille Garantie und Box geliefert.<\/p>\n","protected":false},"excerpt":{"rendered":"<p>Seine unvergleichliche Eleganz und sein zeitloser Stil machen diesen Ring zu etwas ganz Besonderem.<\/p>\n","protected":false},"featured_media":129131,"comment_status":"open","ping_status":"closed","template":"","meta":[],"product_brand":[205],"product_cat":[6207],"product_tag":[],"class_list":{"0":"post-129561","1":"product","2":"type-product","3":"status-publish","4":"has-post-thumbnail","6":"product_brand-rue-des-mille","7":"product_cat-ringe-rue-des-mille","9":"first","10":"outofstock","11":"taxable","12":"shipping-taxable","13":"product-type-simple"},"exclude_global_add_ons":[],"addons":[],"df_price":"","df_sale_price":"","df_regular_price":"","df_image_link":"https:\/\/cdn02.fabioferro.eu\/wp-content\/uploads\/anello-rue-des-mille-pave-colorato-oversized-zirconi-colorati.webp","_links":{"self":[{"href":"https:\/\/www.fabioferro.eu\/de\/wp-json\/wp\/v2\/product\/129561","targetHints":{"allow":["GET"]}}],"collection":[{"href":"https:\/\/www.fabioferro.eu\/de\/wp-json\/wp\/v2\/product"}],"about":[{"href":"https:\/\/www.fabioferro.eu\/de\/wp-json\/wp\/v2\/types\/product"}],"replies":[{"embeddable":true,"href":"https:\/\/www.fabioferro.eu\/de\/wp-json\/wp\/v2\/comments?post=129561"}],"version-history":[{"count":0,"href":"https:\/\/www.fabioferro.eu\/de\/wp-json\/wp\/v2\/product\/129561\/revisions"}],"wp:featuredmedia":[{"embeddable":true,"href":"https:\/\/www.fabioferro.eu\/de\/wp-json\/wp\/v2\/media\/129131"}],"wp:attachment":[{"href":"https:\/\/www.fabioferro.eu\/de\/wp-json\/wp\/v2\/media?parent=129561"}],"wp:term":[{"taxonomy":"product_brand","embeddable":true,"href":"https:\/\/www.fabioferro.eu\/de\/wp-json\/wp\/v2\/product_brand?post=129561"},{"taxonomy":"product_cat","embeddable":true,"href":"https:\/\/www.fabioferro.eu\/de\/wp-json\/wp\/v2\/product_cat?post=129561"},{"taxonomy":"product_tag","embeddable":true,"href":"https:\/\/www.fabioferro.eu\/de\/wp-json\/wp\/v2\/product_tag?post=129561"}],"curies":[{"name":"wp","href":"https:\/\/api.w.org\/{rel}","templated":true}]}}