{"id":129573,"date":"2024-03-05T11:20:55","date_gmt":"2024-03-05T10:20:55","guid":{"rendered":"https:\/\/www.fabioferro.eu\/rue-des-mille-double-drops-pave-ring-mit-weissen-zirkonen.html"},"modified":"2025-06-06T16:04:19","modified_gmt":"2025-06-06T14:04:19","slug":"rue-des-mille-double-drops-pave-ring-mit-weissen-zirkonen","status":"publish","type":"product","link":"https:\/\/www.fabioferro.eu\/de\/rue-des-mille-double-drops-pave-ring-mit-weissen-zirkonen.html","title":{"rendered":"Rue des Mille Double Drops Pave Ring mit wei\u00dfen Zirkonen"},"content":{"rendered":"<p>Ring Contrari\u00e8 aus Sterlingsilber mit doppeltem Tropfen aus wei\u00dfem Kubikzirconium. Der Ring ist offen, so dass Sie die Gr\u00f6\u00dfe durch vorsichtiges Anfassen anpassen k\u00f6nnen. Handgefertigt, Hergestellt in Italien. Mit offizieller Rue des Mille-Box und Garantie.<\/p>\n","protected":false},"excerpt":{"rendered":"<p>Ein Juwel von raffinierter Eleganz und raffinierter Schlichtheit, die in Harmonie miteinander verschmelzen.<\/p>\n","protected":false},"featured_media":128850,"comment_status":"open","ping_status":"closed","template":"","meta":[],"product_brand":[205],"product_cat":[6207],"product_tag":[],"class_list":{"0":"post-129573","1":"product","2":"type-product","3":"status-publish","4":"has-post-thumbnail","6":"product_brand-rue-des-mille","7":"product_cat-ringe-rue-des-mille","9":"first","10":"outofstock","11":"sale","12":"taxable","13":"shipping-taxable","14":"purchasable","15":"product-type-simple"},"exclude_global_add_ons":[],"addons":[],"df_price":51,"df_sale_price":51,"df_regular_price":85,"df_image_link":"https:\/\/cdn02.fabioferro.eu\/wp-content\/uploads\/Anello-Rue-des-Mille-Double-Drops-Pave-con-Zirconi-Bianchi.webp","_links":{"self":[{"href":"https:\/\/www.fabioferro.eu\/de\/wp-json\/wp\/v2\/product\/129573","targetHints":{"allow":["GET"]}}],"collection":[{"href":"https:\/\/www.fabioferro.eu\/de\/wp-json\/wp\/v2\/product"}],"about":[{"href":"https:\/\/www.fabioferro.eu\/de\/wp-json\/wp\/v2\/types\/product"}],"replies":[{"embeddable":true,"href":"https:\/\/www.fabioferro.eu\/de\/wp-json\/wp\/v2\/comments?post=129573"}],"version-history":[{"count":0,"href":"https:\/\/www.fabioferro.eu\/de\/wp-json\/wp\/v2\/product\/129573\/revisions"}],"wp:featuredmedia":[{"embeddable":true,"href":"https:\/\/www.fabioferro.eu\/de\/wp-json\/wp\/v2\/media\/128850"}],"wp:attachment":[{"href":"https:\/\/www.fabioferro.eu\/de\/wp-json\/wp\/v2\/media?parent=129573"}],"wp:term":[{"taxonomy":"product_brand","embeddable":true,"href":"https:\/\/www.fabioferro.eu\/de\/wp-json\/wp\/v2\/product_brand?post=129573"},{"taxonomy":"product_cat","embeddable":true,"href":"https:\/\/www.fabioferro.eu\/de\/wp-json\/wp\/v2\/product_cat?post=129573"},{"taxonomy":"product_tag","embeddable":true,"href":"https:\/\/www.fabioferro.eu\/de\/wp-json\/wp\/v2\/product_tag?post=129573"}],"curies":[{"name":"wp","href":"https:\/\/api.w.org\/{rel}","templated":true}]}}