{"id":129583,"date":"2024-03-05T11:20:39","date_gmt":"2024-03-05T10:20:39","guid":{"rendered":"https:\/\/www.fabioferro.eu\/rue-des-mille-concave-drop-pave-ring-mit-rosa-zirkonen.html"},"modified":"2024-09-18T17:02:05","modified_gmt":"2024-09-18T15:02:05","slug":"rue-des-mille-concave-drop-pave-ring-mit-rosa-zirkonen","status":"publish","type":"product","link":"https:\/\/www.fabioferro.eu\/de\/rue-des-mille-concave-drop-pave-ring-mit-rosa-zirkonen.html","title":{"rendered":"Rue des Mille Concave Drop Pave Ring mit rosa Zirkonen"},"content":{"rendered":"<p>Ring aus 925er Sterlingsilber mit 18-kar\u00e4tiger Goldplattierung und rosafarbenen Zirkonia. Gr\u00f6\u00dfe 14, einstellbar mit interner Feder. Tropfengr\u00f6\u00dfe 1,5 cm. Hergestellt in Italien, Hergestellt in Italien. Mit Original-Garantie und -Verpackung der Rue des Mille.<\/p>\n","protected":false},"excerpt":{"rendered":"<p>Ein Schmuckst\u00fcck von filigraner Eleganz und elementarer Raffinesse.<\/p>\n","protected":false},"featured_media":128824,"comment_status":"open","ping_status":"closed","template":"","meta":[],"product_brand":[205],"product_cat":[6207],"product_tag":[],"class_list":{"0":"post-129583","1":"product","2":"type-product","3":"status-publish","4":"has-post-thumbnail","6":"product_brand-rue-des-mille","7":"product_cat-ringe-rue-des-mille","9":"first","10":"outofstock","11":"sale","12":"taxable","13":"shipping-taxable","14":"purchasable","15":"product-type-simple"},"exclude_global_add_ons":[],"addons":[],"df_price":84,"df_sale_price":84,"df_regular_price":140,"df_image_link":"https:\/\/cdn02.fabioferro.eu\/wp-content\/uploads\/Anello-Rue-des-Mille-Concave-Drop-Pave-con-Zirconi-Rosa.webp","_links":{"self":[{"href":"https:\/\/www.fabioferro.eu\/de\/wp-json\/wp\/v2\/product\/129583","targetHints":{"allow":["GET"]}}],"collection":[{"href":"https:\/\/www.fabioferro.eu\/de\/wp-json\/wp\/v2\/product"}],"about":[{"href":"https:\/\/www.fabioferro.eu\/de\/wp-json\/wp\/v2\/types\/product"}],"replies":[{"embeddable":true,"href":"https:\/\/www.fabioferro.eu\/de\/wp-json\/wp\/v2\/comments?post=129583"}],"version-history":[{"count":0,"href":"https:\/\/www.fabioferro.eu\/de\/wp-json\/wp\/v2\/product\/129583\/revisions"}],"wp:featuredmedia":[{"embeddable":true,"href":"https:\/\/www.fabioferro.eu\/de\/wp-json\/wp\/v2\/media\/128824"}],"wp:attachment":[{"href":"https:\/\/www.fabioferro.eu\/de\/wp-json\/wp\/v2\/media?parent=129583"}],"wp:term":[{"taxonomy":"product_brand","embeddable":true,"href":"https:\/\/www.fabioferro.eu\/de\/wp-json\/wp\/v2\/product_brand?post=129583"},{"taxonomy":"product_cat","embeddable":true,"href":"https:\/\/www.fabioferro.eu\/de\/wp-json\/wp\/v2\/product_cat?post=129583"},{"taxonomy":"product_tag","embeddable":true,"href":"https:\/\/www.fabioferro.eu\/de\/wp-json\/wp\/v2\/product_tag?post=129583"}],"curies":[{"name":"wp","href":"https:\/\/api.w.org\/{rel}","templated":true}]}}