{"id":129589,"date":"2024-03-06T16:24:05","date_gmt":"2024-03-06T15:24:05","guid":{"rendered":"https:\/\/www.fabioferro.eu\/rue-des-mille-pave-pink-uebergrosser-stardust-ten-ring.html"},"modified":"2025-06-06T15:48:02","modified_gmt":"2025-06-06T13:48:02","slug":"rue-des-mille-pave-pink-uebergrosser-stardust-ten-ring","status":"publish","type":"product","link":"https:\/\/www.fabioferro.eu\/de\/rue-des-mille-pave-pink-uebergrosser-stardust-ten-ring.html","title":{"rendered":"Rue Des Mille Pave Pink \u00dcbergro\u00dfer Stardust Ten Ring"},"content":{"rendered":"<p>Ring aus 925er Sterlingsilber mit 18-kar\u00e4tiger Gelbplattierung und rosafarbenen Zirkonen. Der Ring ist in den Gr\u00f6\u00dfen 13 und 16 erh\u00e4ltlich. Handgefertigt, Made in Italy. Wird von der offiziellen Rue des Mille-Box und Garantie begleitet.<\/p>\n","protected":false},"excerpt":{"rendered":"<p>Zeitloser Stil und Eleganz vereinen sich in diesem klassisch gestalteten Ring.<\/p>\n","protected":false},"featured_media":129087,"comment_status":"open","ping_status":"closed","template":"","meta":[],"product_brand":[205],"product_cat":[6207],"product_tag":[],"class_list":{"0":"post-129589","1":"product","2":"type-product","3":"status-publish","4":"has-post-thumbnail","6":"product_brand-rue-des-mille","7":"product_cat-ringe-rue-des-mille","9":"first","10":"outofstock","11":"taxable","12":"shipping-taxable","13":"product-type-simple"},"exclude_global_add_ons":[],"addons":[],"df_price":"","df_sale_price":"","df_regular_price":"","df_image_link":"https:\/\/cdn02.fabioferro.eu\/wp-content\/uploads\/Anello-Rue-Des-Mille-Pave-Rosa-Oversized-Stardust-Ten.webp","_links":{"self":[{"href":"https:\/\/www.fabioferro.eu\/de\/wp-json\/wp\/v2\/product\/129589","targetHints":{"allow":["GET"]}}],"collection":[{"href":"https:\/\/www.fabioferro.eu\/de\/wp-json\/wp\/v2\/product"}],"about":[{"href":"https:\/\/www.fabioferro.eu\/de\/wp-json\/wp\/v2\/types\/product"}],"replies":[{"embeddable":true,"href":"https:\/\/www.fabioferro.eu\/de\/wp-json\/wp\/v2\/comments?post=129589"}],"version-history":[{"count":0,"href":"https:\/\/www.fabioferro.eu\/de\/wp-json\/wp\/v2\/product\/129589\/revisions"}],"wp:featuredmedia":[{"embeddable":true,"href":"https:\/\/www.fabioferro.eu\/de\/wp-json\/wp\/v2\/media\/129087"}],"wp:attachment":[{"href":"https:\/\/www.fabioferro.eu\/de\/wp-json\/wp\/v2\/media?parent=129589"}],"wp:term":[{"taxonomy":"product_brand","embeddable":true,"href":"https:\/\/www.fabioferro.eu\/de\/wp-json\/wp\/v2\/product_brand?post=129589"},{"taxonomy":"product_cat","embeddable":true,"href":"https:\/\/www.fabioferro.eu\/de\/wp-json\/wp\/v2\/product_cat?post=129589"},{"taxonomy":"product_tag","embeddable":true,"href":"https:\/\/www.fabioferro.eu\/de\/wp-json\/wp\/v2\/product_tag?post=129589"}],"curies":[{"name":"wp","href":"https:\/\/api.w.org\/{rel}","templated":true}]}}