{"id":130547,"date":"2024-03-26T09:26:55","date_gmt":"2024-03-26T08:26:55","guid":{"rendered":"https:\/\/www.fabioferro.eu\/rue-des-mille-doppelstraengige-pfeil-zirkon-halskette.html"},"modified":"2024-08-08T08:54:20","modified_gmt":"2024-08-08T06:54:20","slug":"rue-des-mille-doppelstraengige-pfeil-zirkon-halskette","status":"publish","type":"product","link":"https:\/\/www.fabioferro.eu\/de\/rue-des-mille-doppelstraengige-pfeil-zirkon-halskette.html","title":{"rendered":"Rue des Mille Doppelstr\u00e4ngige Pfeil-Zirkon-Halskette"},"content":{"rendered":"<p>Halskette aus vergoldetem 18-kar\u00e4tigem Sterlingsilber mit wei\u00dfem Zirkoniumdioxid. Juwelenl\u00e4nge 35 cm + 5 cm. Bequemer Karabinerhakenverschluss. Handgefertigt von Kunsthandwerkern, Made in Italy. Mit einer Garantie und einer offiziellen Rue des Mille-Box.<\/p>\n","protected":false},"excerpt":{"rendered":"<p>Ein Juwel, das sich durch lebendige Farben und unvergleichlich leuchtende Reflexe auszeichnet.<\/p>\n","protected":false},"featured_media":130260,"comment_status":"open","ping_status":"closed","template":"","meta":[],"product_brand":[205],"product_cat":[6204],"product_tag":[7442],"class_list":{"0":"post-130547","1":"product","2":"type-product","3":"status-publish","4":"has-post-thumbnail","6":"product_brand-rue-des-mille","7":"product_cat-rue-des-mille-halsketten","8":"product_tag-verfugbar","10":"first","11":"instock","12":"sale","13":"taxable","14":"shipping-taxable","15":"purchasable","16":"product-type-simple"},"exclude_global_add_ons":[],"addons":[],"df_price":54,"df_sale_price":54,"df_regular_price":90,"df_image_link":"https:\/\/cdn02.fabioferro.eu\/wp-content\/uploads\/girocollo-rue-des-mille-doppio-filo-freccia-zirconi.webp","_links":{"self":[{"href":"https:\/\/www.fabioferro.eu\/de\/wp-json\/wp\/v2\/product\/130547","targetHints":{"allow":["GET"]}}],"collection":[{"href":"https:\/\/www.fabioferro.eu\/de\/wp-json\/wp\/v2\/product"}],"about":[{"href":"https:\/\/www.fabioferro.eu\/de\/wp-json\/wp\/v2\/types\/product"}],"replies":[{"embeddable":true,"href":"https:\/\/www.fabioferro.eu\/de\/wp-json\/wp\/v2\/comments?post=130547"}],"version-history":[{"count":0,"href":"https:\/\/www.fabioferro.eu\/de\/wp-json\/wp\/v2\/product\/130547\/revisions"}],"wp:featuredmedia":[{"embeddable":true,"href":"https:\/\/www.fabioferro.eu\/de\/wp-json\/wp\/v2\/media\/130260"}],"wp:attachment":[{"href":"https:\/\/www.fabioferro.eu\/de\/wp-json\/wp\/v2\/media?parent=130547"}],"wp:term":[{"taxonomy":"product_brand","embeddable":true,"href":"https:\/\/www.fabioferro.eu\/de\/wp-json\/wp\/v2\/product_brand?post=130547"},{"taxonomy":"product_cat","embeddable":true,"href":"https:\/\/www.fabioferro.eu\/de\/wp-json\/wp\/v2\/product_cat?post=130547"},{"taxonomy":"product_tag","embeddable":true,"href":"https:\/\/www.fabioferro.eu\/de\/wp-json\/wp\/v2\/product_tag?post=130547"}],"curies":[{"name":"wp","href":"https:\/\/api.w.org\/{rel}","templated":true}]}}