{"id":130568,"date":"2024-03-26T09:26:08","date_gmt":"2024-03-26T08:26:08","guid":{"rendered":"https:\/\/www.fabioferro.eu\/rue-des-mille-halskette-mit-mikrosteinen-und-gemischten-motiven.html"},"modified":"2025-06-06T16:15:15","modified_gmt":"2025-06-06T14:15:15","slug":"rue-des-mille-halskette-mit-mikrosteinen-und-gemischten-motiven","status":"publish","type":"product","link":"https:\/\/www.fabioferro.eu\/de\/rue-des-mille-halskette-mit-mikrosteinen-und-gemischten-motiven.html","title":{"rendered":"Rue des Mille Halskette mit Mikrosteinen und gemischten Motiven"},"content":{"rendered":"<p>Halskette aus 925er Sterlingsilber mit 18 kt Ros\u00e9vergoldung und wei\u00dfen Steinen. Einheitsgr\u00f6\u00dfe, 42cm + 3cm. Handgefertigt von Kunsthandwerkern, Made in Italy. Mit einer Garantie und einer offiziellen Rue des Mille-Box.<\/p>\n","protected":false},"excerpt":{"rendered":"<p>Rundhalsausschnitt mit dezentem und praktischem Design, das sich nat\u00fcrlich in jedes Outfit einf\u00fcgt.<\/p>\n","protected":false},"featured_media":130240,"comment_status":"open","ping_status":"closed","template":"","meta":[],"product_brand":[205],"product_cat":[6204],"product_tag":[],"class_list":{"0":"post-130568","1":"product","2":"type-product","3":"status-publish","4":"has-post-thumbnail","6":"product_brand-rue-des-mille","7":"product_cat-rue-des-mille-halsketten","9":"first","10":"outofstock","11":"sale","12":"taxable","13":"shipping-taxable","14":"purchasable","15":"product-type-simple"},"exclude_global_add_ons":[],"addons":[],"df_price":66,"df_sale_price":66,"df_regular_price":110,"df_image_link":"https:\/\/cdn02.fabioferro.eu\/wp-content\/uploads\/girocollo-rue-des-mille-con-micro-pietre-e-soggetti-misti.webp","_links":{"self":[{"href":"https:\/\/www.fabioferro.eu\/de\/wp-json\/wp\/v2\/product\/130568","targetHints":{"allow":["GET"]}}],"collection":[{"href":"https:\/\/www.fabioferro.eu\/de\/wp-json\/wp\/v2\/product"}],"about":[{"href":"https:\/\/www.fabioferro.eu\/de\/wp-json\/wp\/v2\/types\/product"}],"replies":[{"embeddable":true,"href":"https:\/\/www.fabioferro.eu\/de\/wp-json\/wp\/v2\/comments?post=130568"}],"version-history":[{"count":0,"href":"https:\/\/www.fabioferro.eu\/de\/wp-json\/wp\/v2\/product\/130568\/revisions"}],"wp:featuredmedia":[{"embeddable":true,"href":"https:\/\/www.fabioferro.eu\/de\/wp-json\/wp\/v2\/media\/130240"}],"wp:attachment":[{"href":"https:\/\/www.fabioferro.eu\/de\/wp-json\/wp\/v2\/media?parent=130568"}],"wp:term":[{"taxonomy":"product_brand","embeddable":true,"href":"https:\/\/www.fabioferro.eu\/de\/wp-json\/wp\/v2\/product_brand?post=130568"},{"taxonomy":"product_cat","embeddable":true,"href":"https:\/\/www.fabioferro.eu\/de\/wp-json\/wp\/v2\/product_cat?post=130568"},{"taxonomy":"product_tag","embeddable":true,"href":"https:\/\/www.fabioferro.eu\/de\/wp-json\/wp\/v2\/product_tag?post=130568"}],"curies":[{"name":"wp","href":"https:\/\/api.w.org\/{rel}","templated":true}]}}