{"id":130638,"date":"2024-03-21T09:36:40","date_gmt":"2024-03-21T08:36:40","guid":{"rendered":"https:\/\/www.fabioferro.eu\/rue-des-mille-castoni-quadrifoglio-kleine-elektrogeformte-halskette.html"},"modified":"2025-06-06T15:54:27","modified_gmt":"2025-06-06T13:54:27","slug":"rue-des-mille-castoni-quadrifoglio-kleine-elektrogeformte-halskette","status":"publish","type":"product","link":"https:\/\/www.fabioferro.eu\/de\/rue-des-mille-castoni-quadrifoglio-kleine-elektrogeformte-halskette.html","title":{"rendered":"Rue Des Mille Castoni Quadrifoglio Kleine elektrogeformte Halskette"},"content":{"rendered":"<p>Collier Rue des Mille aus ros\u00e9vergoldetem Sterlingsilber mit wei\u00dfem Zirkoniumdioxid. L\u00e4nge 76 cm + 5 cm und Gr\u00f6\u00dfe des Anh\u00e4ngers 3 cm. Handgefertigt von Handwerkern, Made in Italy. Lieferung mit Original-Garantie und -Verpackung der Rue des Mille.<\/p>\n","protected":false},"excerpt":{"rendered":"<p>Eine Gl\u00fccksbringer-Halskette, die mit ihrer raffinierten Eleganz verzaubert.<\/p>\n","protected":false},"featured_media":129972,"comment_status":"open","ping_status":"closed","template":"","meta":[],"product_brand":[205],"product_cat":[6204],"product_tag":[],"class_list":{"0":"post-130638","1":"product","2":"type-product","3":"status-publish","4":"has-post-thumbnail","6":"product_brand-rue-des-mille","7":"product_cat-rue-des-mille-halsketten","9":"first","10":"outofstock","11":"sale","12":"taxable","13":"shipping-taxable","14":"purchasable","15":"product-type-simple"},"exclude_global_add_ons":[],"addons":[],"df_price":105,"df_sale_price":105,"df_regular_price":175,"df_image_link":"https:\/\/cdn02.fabioferro.eu\/wp-content\/uploads\/collana-rue-des-mille-castoni-quadrifoglio-small-elettroformato.webp","_links":{"self":[{"href":"https:\/\/www.fabioferro.eu\/de\/wp-json\/wp\/v2\/product\/130638","targetHints":{"allow":["GET"]}}],"collection":[{"href":"https:\/\/www.fabioferro.eu\/de\/wp-json\/wp\/v2\/product"}],"about":[{"href":"https:\/\/www.fabioferro.eu\/de\/wp-json\/wp\/v2\/types\/product"}],"replies":[{"embeddable":true,"href":"https:\/\/www.fabioferro.eu\/de\/wp-json\/wp\/v2\/comments?post=130638"}],"version-history":[{"count":0,"href":"https:\/\/www.fabioferro.eu\/de\/wp-json\/wp\/v2\/product\/130638\/revisions"}],"wp:featuredmedia":[{"embeddable":true,"href":"https:\/\/www.fabioferro.eu\/de\/wp-json\/wp\/v2\/media\/129972"}],"wp:attachment":[{"href":"https:\/\/www.fabioferro.eu\/de\/wp-json\/wp\/v2\/media?parent=130638"}],"wp:term":[{"taxonomy":"product_brand","embeddable":true,"href":"https:\/\/www.fabioferro.eu\/de\/wp-json\/wp\/v2\/product_brand?post=130638"},{"taxonomy":"product_cat","embeddable":true,"href":"https:\/\/www.fabioferro.eu\/de\/wp-json\/wp\/v2\/product_cat?post=130638"},{"taxonomy":"product_tag","embeddable":true,"href":"https:\/\/www.fabioferro.eu\/de\/wp-json\/wp\/v2\/product_tag?post=130638"}],"curies":[{"name":"wp","href":"https:\/\/api.w.org\/{rel}","templated":true}]}}