{"id":130653,"date":"2024-03-19T18:58:32","date_gmt":"2024-03-19T17:58:32","guid":{"rendered":"https:\/\/www.fabioferro.eu\/rue-des-mille-perlenkette-mit-stern-anhaenger.html"},"modified":"2024-09-18T17:01:10","modified_gmt":"2024-09-18T15:01:10","slug":"rue-des-mille-perlenkette-mit-stern-anhaenger","status":"publish","type":"product","link":"https:\/\/www.fabioferro.eu\/de\/rue-des-mille-perlenkette-mit-stern-anhaenger.html","title":{"rendered":"Rue des Mille Perlenkette mit Stern-Anh\u00e4nger"},"content":{"rendered":"<p>Perlenkette aus 925er Sterlingsilber mit 18 kt Ros\u00e9vergoldung. Gr\u00f6\u00dfe des Anh\u00e4ngers 4,5 cm. L\u00e4nge der Halskette 90cm + 3cm. Mit Original-Garantie und -Verpackung der Rue des Mille.<\/p>\n","protected":false},"excerpt":{"rendered":"<p>Eine Halskette mit einem Stern, der mit der gr\u00f6\u00dften Helligkeit am Firmament leuchtet.<\/p>\n","protected":false},"featured_media":129837,"comment_status":"open","ping_status":"closed","template":"","meta":[],"product_brand":[205],"product_cat":[6204],"product_tag":[],"class_list":{"0":"post-130653","1":"product","2":"type-product","3":"status-publish","4":"has-post-thumbnail","6":"product_brand-rue-des-mille","7":"product_cat-rue-des-mille-halsketten","9":"first","10":"outofstock","11":"sale","12":"taxable","13":"shipping-taxable","14":"purchasable","15":"product-type-simple"},"exclude_global_add_ons":[],"addons":[],"df_price":87,"df_sale_price":87,"df_regular_price":145,"df_image_link":"https:\/\/cdn02.fabioferro.eu\/wp-content\/uploads\/collana-rue-des-mille-a-pallini-con-ciondolo-stella.webp","_links":{"self":[{"href":"https:\/\/www.fabioferro.eu\/de\/wp-json\/wp\/v2\/product\/130653","targetHints":{"allow":["GET"]}}],"collection":[{"href":"https:\/\/www.fabioferro.eu\/de\/wp-json\/wp\/v2\/product"}],"about":[{"href":"https:\/\/www.fabioferro.eu\/de\/wp-json\/wp\/v2\/types\/product"}],"replies":[{"embeddable":true,"href":"https:\/\/www.fabioferro.eu\/de\/wp-json\/wp\/v2\/comments?post=130653"}],"version-history":[{"count":0,"href":"https:\/\/www.fabioferro.eu\/de\/wp-json\/wp\/v2\/product\/130653\/revisions"}],"wp:featuredmedia":[{"embeddable":true,"href":"https:\/\/www.fabioferro.eu\/de\/wp-json\/wp\/v2\/media\/129837"}],"wp:attachment":[{"href":"https:\/\/www.fabioferro.eu\/de\/wp-json\/wp\/v2\/media?parent=130653"}],"wp:term":[{"taxonomy":"product_brand","embeddable":true,"href":"https:\/\/www.fabioferro.eu\/de\/wp-json\/wp\/v2\/product_brand?post=130653"},{"taxonomy":"product_cat","embeddable":true,"href":"https:\/\/www.fabioferro.eu\/de\/wp-json\/wp\/v2\/product_cat?post=130653"},{"taxonomy":"product_tag","embeddable":true,"href":"https:\/\/www.fabioferro.eu\/de\/wp-json\/wp\/v2\/product_tag?post=130653"}],"curies":[{"name":"wp","href":"https:\/\/api.w.org\/{rel}","templated":true}]}}