{"id":130659,"date":"2024-03-21T09:36:24","date_gmt":"2024-03-21T08:36:24","guid":{"rendered":"https:\/\/www.fabioferro.eu\/rue-des-mille-lange-halskette-froschkoenig-elektrogeformt.html"},"modified":"2025-06-06T16:21:45","modified_gmt":"2025-06-06T14:21:45","slug":"rue-des-mille-lange-halskette-froschkoenig-elektrogeformt","status":"publish","type":"product","link":"https:\/\/www.fabioferro.eu\/de\/rue-des-mille-lange-halskette-froschkoenig-elektrogeformt.html","title":{"rendered":"Rue des Mille Lange Halskette Froschk\u00f6nig Elektrogeformt"},"content":{"rendered":"<p>Halskette aus 925er Sterlingsilber mit 18-kar\u00e4tiger Gelbvergoldung, mit wei\u00dfem Zirkon. Gesamtl\u00e4nge des Schmuckst\u00fccks von 80 cm mit Anh\u00e4ngergr\u00f6\u00dfe 3,5\/4 cm. Handgefertigt von Handwerkern, Made in Italy. Lieferung mit Original-Garantie und -Verpackung der Rue des Mille.<\/p>\n","protected":false},"excerpt":{"rendered":"<p>Eine Halskette, die verzaubert und eine Geschichte von lebendigen und tiefen Gef\u00fchlen erz\u00e4hlt.<\/p>\n","protected":false},"featured_media":129920,"comment_status":"open","ping_status":"closed","template":"","meta":[],"product_brand":[205],"product_cat":[6204],"product_tag":[],"class_list":{"0":"post-130659","1":"product","2":"type-product","3":"status-publish","4":"has-post-thumbnail","6":"product_brand-rue-des-mille","7":"product_cat-rue-des-mille-halsketten","9":"first","10":"outofstock","11":"sale","12":"taxable","13":"shipping-taxable","14":"purchasable","15":"product-type-simple"},"exclude_global_add_ons":[],"addons":[],"df_price":150,"df_sale_price":150,"df_regular_price":250,"df_image_link":"https:\/\/cdn02.fabioferro.eu\/wp-content\/uploads\/collana-rue-des-mille-lunga-principe-ranocchio-elettroformato.webp","_links":{"self":[{"href":"https:\/\/www.fabioferro.eu\/de\/wp-json\/wp\/v2\/product\/130659","targetHints":{"allow":["GET"]}}],"collection":[{"href":"https:\/\/www.fabioferro.eu\/de\/wp-json\/wp\/v2\/product"}],"about":[{"href":"https:\/\/www.fabioferro.eu\/de\/wp-json\/wp\/v2\/types\/product"}],"replies":[{"embeddable":true,"href":"https:\/\/www.fabioferro.eu\/de\/wp-json\/wp\/v2\/comments?post=130659"}],"version-history":[{"count":0,"href":"https:\/\/www.fabioferro.eu\/de\/wp-json\/wp\/v2\/product\/130659\/revisions"}],"wp:featuredmedia":[{"embeddable":true,"href":"https:\/\/www.fabioferro.eu\/de\/wp-json\/wp\/v2\/media\/129920"}],"wp:attachment":[{"href":"https:\/\/www.fabioferro.eu\/de\/wp-json\/wp\/v2\/media?parent=130659"}],"wp:term":[{"taxonomy":"product_brand","embeddable":true,"href":"https:\/\/www.fabioferro.eu\/de\/wp-json\/wp\/v2\/product_brand?post=130659"},{"taxonomy":"product_cat","embeddable":true,"href":"https:\/\/www.fabioferro.eu\/de\/wp-json\/wp\/v2\/product_cat?post=130659"},{"taxonomy":"product_tag","embeddable":true,"href":"https:\/\/www.fabioferro.eu\/de\/wp-json\/wp\/v2\/product_tag?post=130659"}],"curies":[{"name":"wp","href":"https:\/\/api.w.org\/{rel}","templated":true}]}}