{"id":131152,"date":"2024-03-27T19:18:10","date_gmt":"2024-03-27T18:18:10","guid":{"rendered":"https:\/\/www.fabioferro.eu\/.html?post_type=product&#038;p=131152"},"modified":"2025-06-06T15:56:16","modified_gmt":"2025-06-06T13:56:16","slug":"hamilton-jazzmaster-offenes-herz-40mm-h32675570","status":"publish","type":"product","link":"https:\/\/www.fabioferro.eu\/de\/hamilton-jazzmaster-offenes-herz-40mm-h32675570.html","title":{"rendered":"Hamilton Jazzmaster Offenes Herz 40mm H32675570"},"content":{"rendered":"<p>Hamilton Jazzmaster Open Heart 40mm H32675570. Dreizeigerwerk mit Datum und 80 Stunden Gangreserve, mechanisch automatisch. Kaliber H-10 mit aufw\u00e4ndigen Perlmuttmotiven.<\/p>\n<p>Gew\u00f6lbtes Saphirkristallglas, beidseitig gegen Reflexionen behandelt.<\/p>\n<p>Seitlich satiniertes Edelstahlgeh\u00e4use mit einem Durchmesser von 40 mm, ger\u00e4ndelte Rastkrone mit Hamilton-Logo, Geh\u00e4useboden, der einen Blick auf den Mechanismus erlaubt, durch Druck geschlossen.<\/p>\n<p>Wasserdicht bis zu 5 bar\/50 Meter.<\/p>\n<p>Rotes Zifferblatt mit hervorgehobenen Markierungen. Es ist m\u00f6glich, einen gro\u00dfen Teil des Uhrwerks zu betrachten, einschlie\u00dflich der Unruh, der Schublade und der oberen Platine.<\/p>\n<p>Hamilton Viewmatic&#8221;-Logo bei 9 Uhr.<\/p>\n<p>Braunes gealtertes Rindslederband. Klassische Dornschlie\u00dfe.<\/p>\n<p>Die Uhr wird von einer Schachtel und einer offiziellen 2-Jahres-Garantie von Hamilton begleitet.<\/p>\n","protected":false},"excerpt":{"rendered":"<p>Hamilton Jazzmaster Open Heart 40mm H32675570. Ein schattiertes rotes Zifferblatt, das Sie noch nie gesehen haben.<\/p>\n","protected":false},"featured_media":132086,"comment_status":"open","ping_status":"closed","template":"","meta":[],"product_brand":[161],"product_cat":[5974],"product_tag":[7442],"class_list":{"0":"post-131152","1":"product","2":"type-product","3":"status-publish","4":"has-post-thumbnail","6":"product_brand-hamilton","7":"product_cat-hamilton-herrenuhren","8":"product_tag-verfugbar","10":"first","11":"instock","12":"sale","13":"taxable","14":"shipping-taxable","15":"purchasable","16":"product-type-simple"},"exclude_global_add_ons":[],"addons":[],"df_price":916,"df_sale_price":916,"df_regular_price":1145,"df_image_link":"https:\/\/cdn02.fabioferro.eu\/wp-content\/uploads\/orologio-hamilton-jazzmaster-open-heart-rosso-h32675570.jpg","_links":{"self":[{"href":"https:\/\/www.fabioferro.eu\/de\/wp-json\/wp\/v2\/product\/131152","targetHints":{"allow":["GET"]}}],"collection":[{"href":"https:\/\/www.fabioferro.eu\/de\/wp-json\/wp\/v2\/product"}],"about":[{"href":"https:\/\/www.fabioferro.eu\/de\/wp-json\/wp\/v2\/types\/product"}],"replies":[{"embeddable":true,"href":"https:\/\/www.fabioferro.eu\/de\/wp-json\/wp\/v2\/comments?post=131152"}],"version-history":[{"count":0,"href":"https:\/\/www.fabioferro.eu\/de\/wp-json\/wp\/v2\/product\/131152\/revisions"}],"wp:featuredmedia":[{"embeddable":true,"href":"https:\/\/www.fabioferro.eu\/de\/wp-json\/wp\/v2\/media\/132086"}],"wp:attachment":[{"href":"https:\/\/www.fabioferro.eu\/de\/wp-json\/wp\/v2\/media?parent=131152"}],"wp:term":[{"taxonomy":"product_brand","embeddable":true,"href":"https:\/\/www.fabioferro.eu\/de\/wp-json\/wp\/v2\/product_brand?post=131152"},{"taxonomy":"product_cat","embeddable":true,"href":"https:\/\/www.fabioferro.eu\/de\/wp-json\/wp\/v2\/product_cat?post=131152"},{"taxonomy":"product_tag","embeddable":true,"href":"https:\/\/www.fabioferro.eu\/de\/wp-json\/wp\/v2\/product_tag?post=131152"}],"curies":[{"name":"wp","href":"https:\/\/api.w.org\/{rel}","templated":true}]}}