{"id":131157,"date":"2024-03-27T19:21:55","date_gmt":"2024-03-27T18:21:55","guid":{"rendered":"https:\/\/www.fabioferro.eu\/.html?post_type=product&#038;p=131157"},"modified":"2025-05-16T17:01:37","modified_gmt":"2025-05-16T15:01:37","slug":"hamilton-jazzmaster-offenes-herz-40mm-h32675170","status":"publish","type":"product","link":"https:\/\/www.fabioferro.eu\/de\/hamilton-jazzmaster-offenes-herz-40mm-h32675170.html","title":{"rendered":"Hamilton Jazzmaster Offenes Herz 40mm H32675170"},"content":{"rendered":"<p>Hamilton Jazzmaster Open Heart 40mm H32675170. Dreizeigerwerk mit Datum und 80 Stunden Gangreserve, mechanisch automatisch. Kaliber H-10 mit aufw\u00e4ndigen Perlmuttmotiven.<\/p>\n<p>Gew\u00f6lbtes Saphirkristallglas, beidseitig gegen Reflexionen behandelt.<\/p>\n<p>Seitlich satiniertes Edelstahlgeh\u00e4use mit einem Durchmesser von 40 mm, ger\u00e4ndelte Rastkrone mit Hamilton-Logo, Geh\u00e4useboden, der einen Blick auf den Mechanismus erlaubt, durch Druck geschlossen.<\/p>\n<p>Wasserdicht bis zu 5 bar\/50 Meter.<\/p>\n<p>Rotes Zifferblatt mit hervorgehobenen Markierungen. Es ist m\u00f6glich, einen gro\u00dfen Teil des Uhrwerks zu betrachten, einschlie\u00dflich der Unruh, der Schublade und der oberen Platine.<\/p>\n<p>Hamilton Viewmatic&#8221;-Logo bei 9 Uhr.<\/p>\n<p>Verstellbares Edelstahlarmband mit polierten und satinierten Gliedern.<\/p>\n<p>Die Uhr wird von einer Schachtel und einer offiziellen 2-Jahres-Garantie von Hamilton begleitet.<\/p>\n","protected":false},"excerpt":{"rendered":"<p>Hamilton Jazzmaster Open Heart 40mm H32675170. Ein schattiertes rotes Zifferblatt, das Sie noch nie gesehen haben.<\/p>\n","protected":false},"featured_media":132041,"comment_status":"open","ping_status":"closed","template":"","meta":[],"product_brand":[161],"product_cat":[5974],"product_tag":[],"class_list":{"0":"post-131157","1":"product","2":"type-product","3":"status-publish","4":"has-post-thumbnail","6":"product_brand-hamilton","7":"product_cat-hamilton-herrenuhren","9":"first","10":"instock","11":"sale","12":"taxable","13":"shipping-taxable","14":"purchasable","15":"product-type-simple"},"exclude_global_add_ons":false,"addons":[{"name":"Gurtl\u00e4nge","type":"multiple_choice","position":0,"required":false,"title_format":"label","default":"","description_enable":false,"description":"","placeholder_enable":false,"placeholder":"","display":"select","restrictions_type":"any_text","adjust_price":false,"price":"","price_type":"flat_fee","restrictions":false,"min":"0","max":"0","options":[{"label":"Keine Anpassung","price":"","price_type":"flat_fee","image":0,"visibility":true},{"label":"15,0 cm","price":"","price_type":"flat_fee","image":0,"visibility":true},{"label":"15,5 cm","price":"","price_type":"flat_fee","image":0,"visibility":true},{"label":"16,0 cm","price":"","price_type":"flat_fee","image":0,"visibility":true},{"label":"16,5 cm","price":"","price_type":"flat_fee","image":0,"visibility":true},{"label":"17,0 cm","price":"","price_type":"flat_fee","image":0,"visibility":true},{"label":"17,5 cm","price":"","price_type":"flat_fee","image":0,"visibility":true},{"label":"18,0 cm","price":"","price_type":"flat_fee","image":0,"visibility":true},{"label":"18,5 cm","price":"","price_type":"flat_fee","image":0,"visibility":true},{"label":"19,0 cm","price":"","price_type":"flat_fee","image":0,"visibility":true},{"label":"19,5 cm","price":"","price_type":"flat_fee","image":0,"visibility":true},{"label":"20.0 cm","price":"","price_type":"flat_fee","image":0,"visibility":true},{"label":"20,5 cm","price":"","price_type":"flat_fee","image":0,"visibility":true},{"label":"21.0 cm","price":"","price_type":"flat_fee","image":0,"visibility":true},{"label":"21,5 cm","price":"","price_type":"flat_fee","image":0,"visibility":true},{"label":"22.0 cm","price":"","price_type":"flat_fee","image":0,"visibility":true}],"id":1715677973},{"name":"Choose the size for her","type":"multiple_choice","position":0,"required":false,"title_format":"label","default":"","description_enable":false,"description":"","placeholder_enable":false,"placeholder":"","display":"select","restrictions_type":"any_text","adjust_price":false,"price":"","price_type":"flat_fee","restrictions":false,"min":"0","max":"0","options":[{"label":"8","price":"","price_type":"flat_fee","image":0,"visibility":true},{"label":"9","price":"","price_type":"flat_fee","image":0,"visibility":true},{"label":"10","price":"","price_type":"flat_fee","image":0,"visibility":true},{"label":"11","price":"","price_type":"flat_fee","image":0,"visibility":true},{"label":"12","price":"","price_type":"flat_fee","image":0,"visibility":true},{"label":"13","price":"","price_type":"flat_fee","image":0,"visibility":true},{"label":"14","price":"","price_type":"flat_fee","image":0,"visibility":true},{"label":"15","price":"","price_type":"flat_fee","image":0,"visibility":true},{"label":"16","price":"","price_type":"flat_fee","image":0,"visibility":true},{"label":"17","price":"","price_type":"flat_fee","image":0,"visibility":true},{"label":"18","price":"","price_type":"flat_fee","image":0,"visibility":true},{"label":"19","price":"","price_type":"flat_fee","image":0,"visibility":true},{"label":"20","price":"","price_type":"flat_fee","image":0,"visibility":true},{"label":"21","price":"","price_type":"flat_fee","image":0,"visibility":true},{"label":"22","price":"","price_type":"flat_fee","image":0,"visibility":true},{"label":"23","price":"","price_type":"flat_fee","image":0,"visibility":true},{"label":"24","price":"","price_type":"flat_fee","image":0,"visibility":true},{"label":"25","price":"","price_type":"flat_fee","image":0,"visibility":true},{"label":"26","price":"","price_type":"flat_fee","image":0,"visibility":true},{"label":"27","price":"","price_type":"flat_fee","image":0,"visibility":true},{"label":"28","price":"","price_type":"flat_fee","image":0,"visibility":true}],"id":1706806906},{"name":"Choose the size for him","type":"multiple_choice","position":0,"required":false,"title_format":"label","default":"","description_enable":false,"description":"","placeholder_enable":false,"placeholder":"","display":"select","restrictions_type":"any_text","adjust_price":false,"price":"","price_type":"flat_fee","restrictions":false,"min":"0","max":"0","options":[{"label":"8","price":"","price_type":"flat_fee","image":0,"visibility":true},{"label":"9","price":"","price_type":"flat_fee","image":0,"visibility":true},{"label":"10","price":"","price_type":"flat_fee","image":0,"visibility":true},{"label":"11","price":"","price_type":"flat_fee","image":0,"visibility":true},{"label":"12","price":"","price_type":"flat_fee","image":0,"visibility":true},{"label":"13","price":"","price_type":"flat_fee","image":0,"visibility":true},{"label":"14","price":"","price_type":"flat_fee","image":0,"visibility":true},{"label":"15","price":"","price_type":"flat_fee","image":0,"visibility":true},{"label":"16","price":"","price_type":"flat_fee","image":0,"visibility":true},{"label":"17","price":"","price_type":"flat_fee","image":0,"visibility":true},{"label":"18","price":"","price_type":"flat_fee","image":0,"visibility":true},{"label":"19","price":"","price_type":"flat_fee","image":0,"visibility":true},{"label":"20","price":"","price_type":"flat_fee","image":0,"visibility":true},{"label":"21","price":"","price_type":"flat_fee","image":0,"visibility":true},{"label":"22","price":"","price_type":"flat_fee","image":0,"visibility":true},{"label":"23","price":"","price_type":"flat_fee","image":0,"visibility":true},{"label":"24","price":"","price_type":"flat_fee","image":0,"visibility":true},{"label":"25","price":"","price_type":"flat_fee","image":0,"visibility":true},{"label":"26","price":"","price_type":"flat_fee","image":0,"visibility":true},{"label":"27","price":"","price_type":"flat_fee","image":0,"visibility":true},{"label":"28","price":"","price_type":"flat_fee","image":0,"visibility":true}],"id":1706806872},{"name":"Engraving","type":"custom_text","position":0,"required":false,"title_format":"label","default":"","description_enable":false,"description":"","placeholder_enable":false,"placeholder":"","display":"select","restrictions_type":"any_text","adjust_price":false,"price":"","price_type":"flat_fee","restrictions":false,"min":"0","max":"0","options":[],"id":1706718952}],"df_price":980,"df_sale_price":980,"df_regular_price":1225,"df_image_link":"https:\/\/cdn02.fabioferro.eu\/wp-content\/uploads\/orologio-hamilton-jazzmaster-auto-nero-acciaio-rosso-h32675170.jpg","_links":{"self":[{"href":"https:\/\/www.fabioferro.eu\/de\/wp-json\/wp\/v2\/product\/131157","targetHints":{"allow":["GET"]}}],"collection":[{"href":"https:\/\/www.fabioferro.eu\/de\/wp-json\/wp\/v2\/product"}],"about":[{"href":"https:\/\/www.fabioferro.eu\/de\/wp-json\/wp\/v2\/types\/product"}],"replies":[{"embeddable":true,"href":"https:\/\/www.fabioferro.eu\/de\/wp-json\/wp\/v2\/comments?post=131157"}],"version-history":[{"count":0,"href":"https:\/\/www.fabioferro.eu\/de\/wp-json\/wp\/v2\/product\/131157\/revisions"}],"wp:featuredmedia":[{"embeddable":true,"href":"https:\/\/www.fabioferro.eu\/de\/wp-json\/wp\/v2\/media\/132041"}],"wp:attachment":[{"href":"https:\/\/www.fabioferro.eu\/de\/wp-json\/wp\/v2\/media?parent=131157"}],"wp:term":[{"taxonomy":"product_brand","embeddable":true,"href":"https:\/\/www.fabioferro.eu\/de\/wp-json\/wp\/v2\/product_brand?post=131157"},{"taxonomy":"product_cat","embeddable":true,"href":"https:\/\/www.fabioferro.eu\/de\/wp-json\/wp\/v2\/product_cat?post=131157"},{"taxonomy":"product_tag","embeddable":true,"href":"https:\/\/www.fabioferro.eu\/de\/wp-json\/wp\/v2\/product_tag?post=131157"}],"curies":[{"name":"wp","href":"https:\/\/api.w.org\/{rel}","templated":true}]}}