{"id":134158,"date":"2023-04-10T19:21:56","date_gmt":"2023-04-10T17:21:56","guid":{"rendered":"https:\/\/www.fabioferro.eu\/giovanni-raspini-milchstrassen-anhaenger-halskette.html"},"modified":"2025-03-11T18:34:31","modified_gmt":"2025-03-11T17:34:31","slug":"giovanni-raspini-milchstrassen-anhaenger-halskette","status":"publish","type":"product","link":"https:\/\/www.fabioferro.eu\/de\/giovanni-raspini-milchstrassen-anhaenger-halskette.html","title":{"rendered":"Giovanni Raspini Milchstra\u00dfen-Anh\u00e4nger Halskette"},"content":{"rendered":"<p>Halskette aus 925er Sterlingsilber und Labradorit.<\/p>\n<p>Kettenl\u00e4nge 80 cm.<\/p>\n<p>Anh\u00e4ngerl\u00e4nge 5,5 cm<\/p>\n<p>Bequemer und sicherer Karabinerhakenverschluss.<\/p>\n<p>Handgefertigt von Kunsthandwerkern, Made in Italy.<\/p>\n<p>Mit Verpackung und offizieller Giovanni Raspini Garantie.<\/p>\n","protected":false},"excerpt":{"rendered":"<p>Eine Halskette mit einem Anh\u00e4nger, der die Milchstra\u00dfe in ein kleines Juwel von kosmischer Bedeutung einschlie\u00dft.<\/p>\n","protected":false},"featured_media":133390,"comment_status":"open","ping_status":"closed","template":"","meta":[],"product_brand":[155],"product_cat":[7568],"product_tag":[],"class_list":{"0":"post-134158","1":"product","2":"type-product","3":"status-publish","4":"has-post-thumbnail","6":"product_brand-raspini","7":"product_cat-giovanni-raspini-halsketten","9":"first","10":"instock","11":"sale","12":"taxable","13":"shipping-taxable","14":"purchasable","15":"product-type-simple"},"exclude_global_add_ons":[],"addons":[],"df_price":441,"df_sale_price":441,"df_regular_price":490,"df_image_link":"https:\/\/cdn02.fabioferro.eu\/wp-content\/uploads\/collana-giovanni-raspini-pendente-via-lattea.jpg","_links":{"self":[{"href":"https:\/\/www.fabioferro.eu\/de\/wp-json\/wp\/v2\/product\/134158","targetHints":{"allow":["GET"]}}],"collection":[{"href":"https:\/\/www.fabioferro.eu\/de\/wp-json\/wp\/v2\/product"}],"about":[{"href":"https:\/\/www.fabioferro.eu\/de\/wp-json\/wp\/v2\/types\/product"}],"replies":[{"embeddable":true,"href":"https:\/\/www.fabioferro.eu\/de\/wp-json\/wp\/v2\/comments?post=134158"}],"version-history":[{"count":0,"href":"https:\/\/www.fabioferro.eu\/de\/wp-json\/wp\/v2\/product\/134158\/revisions"}],"wp:featuredmedia":[{"embeddable":true,"href":"https:\/\/www.fabioferro.eu\/de\/wp-json\/wp\/v2\/media\/133390"}],"wp:attachment":[{"href":"https:\/\/www.fabioferro.eu\/de\/wp-json\/wp\/v2\/media?parent=134158"}],"wp:term":[{"taxonomy":"product_brand","embeddable":true,"href":"https:\/\/www.fabioferro.eu\/de\/wp-json\/wp\/v2\/product_brand?post=134158"},{"taxonomy":"product_cat","embeddable":true,"href":"https:\/\/www.fabioferro.eu\/de\/wp-json\/wp\/v2\/product_cat?post=134158"},{"taxonomy":"product_tag","embeddable":true,"href":"https:\/\/www.fabioferro.eu\/de\/wp-json\/wp\/v2\/product_tag?post=134158"}],"curies":[{"name":"wp","href":"https:\/\/api.w.org\/{rel}","templated":true}]}}