{"id":134160,"date":"2023-04-10T19:21:31","date_gmt":"2023-04-10T17:21:31","guid":{"rendered":"https:\/\/www.fabioferro.eu\/giovanni-raspini-suedsee-halskette-gross.html"},"modified":"2025-03-11T18:34:16","modified_gmt":"2025-03-11T17:34:16","slug":"giovanni-raspini-suedsee-halskette-gross","status":"publish","type":"product","link":"https:\/\/www.fabioferro.eu\/de\/giovanni-raspini-suedsee-halskette-gross.html","title":{"rendered":"Giovanni Raspini S\u00fcdsee Halskette gro\u00df"},"content":{"rendered":"<p>Halskette aus 925er Sterlingsilber und nat\u00fcrlichen Perlen.<\/p>\n<p>Gesamtl\u00e4nge des Schmuckst\u00fccks: 44 cm.<\/p>\n<p>Karabinerverschluss mit verstellbaren Gliedern.<\/p>\n<p>Handgefertigt von Kunsthandwerkern, Made in Italy.<\/p>\n<p>Mit Verpackung und offizieller Giovanni Raspini Garantie.<\/p>\n","protected":false},"excerpt":{"rendered":"<p>Eine Halskette, die durch ihre maritime Sch\u00f6nheit und tadellose Handwerkskunst bezaubert.<\/p>\n","protected":false},"featured_media":133910,"comment_status":"open","ping_status":"closed","template":"","meta":[],"product_brand":[155],"product_cat":[7568],"product_tag":[],"class_list":{"0":"post-134160","1":"product","2":"type-product","3":"status-publish","4":"has-post-thumbnail","6":"product_brand-raspini","7":"product_cat-giovanni-raspini-halsketten","9":"first","10":"instock","11":"sale","12":"taxable","13":"shipping-taxable","14":"purchasable","15":"product-type-simple"},"exclude_global_add_ons":[],"addons":[],"df_price":801,"df_sale_price":801,"df_regular_price":890,"df_image_link":"https:\/\/cdn02.fabioferro.eu\/wp-content\/uploads\/collana-giovanni-raspini-mari-del-sud-grande.jpg","_links":{"self":[{"href":"https:\/\/www.fabioferro.eu\/de\/wp-json\/wp\/v2\/product\/134160","targetHints":{"allow":["GET"]}}],"collection":[{"href":"https:\/\/www.fabioferro.eu\/de\/wp-json\/wp\/v2\/product"}],"about":[{"href":"https:\/\/www.fabioferro.eu\/de\/wp-json\/wp\/v2\/types\/product"}],"replies":[{"embeddable":true,"href":"https:\/\/www.fabioferro.eu\/de\/wp-json\/wp\/v2\/comments?post=134160"}],"version-history":[{"count":0,"href":"https:\/\/www.fabioferro.eu\/de\/wp-json\/wp\/v2\/product\/134160\/revisions"}],"wp:featuredmedia":[{"embeddable":true,"href":"https:\/\/www.fabioferro.eu\/de\/wp-json\/wp\/v2\/media\/133910"}],"wp:attachment":[{"href":"https:\/\/www.fabioferro.eu\/de\/wp-json\/wp\/v2\/media?parent=134160"}],"wp:term":[{"taxonomy":"product_brand","embeddable":true,"href":"https:\/\/www.fabioferro.eu\/de\/wp-json\/wp\/v2\/product_brand?post=134160"},{"taxonomy":"product_cat","embeddable":true,"href":"https:\/\/www.fabioferro.eu\/de\/wp-json\/wp\/v2\/product_cat?post=134160"},{"taxonomy":"product_tag","embeddable":true,"href":"https:\/\/www.fabioferro.eu\/de\/wp-json\/wp\/v2\/product_tag?post=134160"}],"curies":[{"name":"wp","href":"https:\/\/api.w.org\/{rel}","templated":true}]}}