{"id":134176,"date":"2023-04-10T19:21:33","date_gmt":"2023-04-10T17:21:33","guid":{"rendered":"https:\/\/www.fabioferro.eu\/giovanni-raspini-suedsee-halskette.html"},"modified":"2025-03-11T18:34:15","modified_gmt":"2025-03-11T17:34:15","slug":"giovanni-raspini-suedsee-halskette","status":"publish","type":"product","link":"https:\/\/www.fabioferro.eu\/de\/giovanni-raspini-suedsee-halskette.html","title":{"rendered":"Giovanni Raspini S\u00fcdsee-Halskette"},"content":{"rendered":"<p>Halskette aus 925er Sterlingsilber und nat\u00fcrlichen Perlen.<\/p>\n<p>Gesamtl\u00e4nge 46 cm.<\/p>\n<p>Karabinerverschluss mit regulierbaren Gliedern.<\/p>\n<p>Handgefertigt von Kunsthandwerkern, Made in Italy.<\/p>\n<p>Mit Verpackung und offizieller Giovanni Raspini Garantie.<\/p>\n","protected":false},"excerpt":{"rendered":"<p>Ein Schmuckst\u00fcck mit nat\u00fcrlichen Perlen, das die Essenz von Anmut und Reinheit verk\u00f6rpert und f\u00fcr jeden Anlass geeignet ist.<\/p>\n","protected":false},"featured_media":133917,"comment_status":"open","ping_status":"closed","template":"","meta":[],"product_brand":[155],"product_cat":[7568],"product_tag":[],"class_list":{"0":"post-134176","1":"product","2":"type-product","3":"status-publish","4":"has-post-thumbnail","6":"product_brand-raspini","7":"product_cat-giovanni-raspini-halsketten","9":"first","10":"instock","11":"sale","12":"taxable","13":"shipping-taxable","14":"purchasable","15":"product-type-simple"},"exclude_global_add_ons":[],"addons":[],"df_price":657,"df_sale_price":657,"df_regular_price":730,"df_image_link":"https:\/\/cdn02.fabioferro.eu\/wp-content\/uploads\/collana-giovanni-raspini-mari-del-sud.jpg","_links":{"self":[{"href":"https:\/\/www.fabioferro.eu\/de\/wp-json\/wp\/v2\/product\/134176","targetHints":{"allow":["GET"]}}],"collection":[{"href":"https:\/\/www.fabioferro.eu\/de\/wp-json\/wp\/v2\/product"}],"about":[{"href":"https:\/\/www.fabioferro.eu\/de\/wp-json\/wp\/v2\/types\/product"}],"replies":[{"embeddable":true,"href":"https:\/\/www.fabioferro.eu\/de\/wp-json\/wp\/v2\/comments?post=134176"}],"version-history":[{"count":0,"href":"https:\/\/www.fabioferro.eu\/de\/wp-json\/wp\/v2\/product\/134176\/revisions"}],"wp:featuredmedia":[{"embeddable":true,"href":"https:\/\/www.fabioferro.eu\/de\/wp-json\/wp\/v2\/media\/133917"}],"wp:attachment":[{"href":"https:\/\/www.fabioferro.eu\/de\/wp-json\/wp\/v2\/media?parent=134176"}],"wp:term":[{"taxonomy":"product_brand","embeddable":true,"href":"https:\/\/www.fabioferro.eu\/de\/wp-json\/wp\/v2\/product_brand?post=134176"},{"taxonomy":"product_cat","embeddable":true,"href":"https:\/\/www.fabioferro.eu\/de\/wp-json\/wp\/v2\/product_cat?post=134176"},{"taxonomy":"product_tag","embeddable":true,"href":"https:\/\/www.fabioferro.eu\/de\/wp-json\/wp\/v2\/product_tag?post=134176"}],"curies":[{"name":"wp","href":"https:\/\/api.w.org\/{rel}","templated":true}]}}