{"id":134635,"date":"2023-04-11T08:58:04","date_gmt":"2023-04-11T06:58:04","guid":{"rendered":"https:\/\/www.fabioferro.eu\/giovanni-raspini-petit-perlage-piccolo-ring.html"},"modified":"2025-06-06T16:09:41","modified_gmt":"2025-06-06T14:09:41","slug":"giovanni-raspini-petit-perlage-piccolo-ring","status":"publish","type":"product","link":"https:\/\/www.fabioferro.eu\/de\/giovanni-raspini-petit-perlage-piccolo-ring.html","title":{"rendered":"Giovanni Raspini Petit Perlage Piccolo Ring"},"content":{"rendered":"<p>Ring komplett aus 925er Silber. Erh\u00e4ltlich in den Gr\u00f6\u00dfen 12 bis 19. Handgefertigt in Italien, Made in Italy. Wird mit offizieller Giovanni Raspini Box und Garantie geliefert.<\/p>\n","protected":false},"excerpt":{"rendered":"<p>Ein schlichter, vielseitiger Ring mit einem einzigartigen Stil, der Sie jeden Tag begleitet.<\/p>\n","protected":false},"featured_media":134210,"comment_status":"open","ping_status":"closed","template":"","meta":[],"product_brand":[],"product_cat":[7572],"product_tag":[],"class_list":{"0":"post-134635","1":"product","2":"type-product","3":"status-publish","4":"has-post-thumbnail","6":"product_cat-ringe-giovanni-raspini","8":"first","9":"instock","10":"sale","11":"taxable","12":"shipping-taxable","13":"purchasable","14":"product-type-variable","15":"has-default-attributes"},"exclude_global_add_ons":[],"addons":[],"df_price":135,"df_sale_price":"","df_regular_price":135,"df_image_link":"https:\/\/cdn02.fabioferro.eu\/wp-content\/uploads\/anello-giovanni-raspini-petit-perlage-piccolo.jpg","_links":{"self":[{"href":"https:\/\/www.fabioferro.eu\/de\/wp-json\/wp\/v2\/product\/134635","targetHints":{"allow":["GET"]}}],"collection":[{"href":"https:\/\/www.fabioferro.eu\/de\/wp-json\/wp\/v2\/product"}],"about":[{"href":"https:\/\/www.fabioferro.eu\/de\/wp-json\/wp\/v2\/types\/product"}],"replies":[{"embeddable":true,"href":"https:\/\/www.fabioferro.eu\/de\/wp-json\/wp\/v2\/comments?post=134635"}],"version-history":[{"count":0,"href":"https:\/\/www.fabioferro.eu\/de\/wp-json\/wp\/v2\/product\/134635\/revisions"}],"wp:featuredmedia":[{"embeddable":true,"href":"https:\/\/www.fabioferro.eu\/de\/wp-json\/wp\/v2\/media\/134210"}],"wp:attachment":[{"href":"https:\/\/www.fabioferro.eu\/de\/wp-json\/wp\/v2\/media?parent=134635"}],"wp:term":[{"taxonomy":"product_brand","embeddable":true,"href":"https:\/\/www.fabioferro.eu\/de\/wp-json\/wp\/v2\/product_brand?post=134635"},{"taxonomy":"product_cat","embeddable":true,"href":"https:\/\/www.fabioferro.eu\/de\/wp-json\/wp\/v2\/product_cat?post=134635"},{"taxonomy":"product_tag","embeddable":true,"href":"https:\/\/www.fabioferro.eu\/de\/wp-json\/wp\/v2\/product_tag?post=134635"}],"curies":[{"name":"wp","href":"https:\/\/api.w.org\/{rel}","templated":true}]}}