{"id":135162,"date":"2023-04-16T11:47:47","date_gmt":"2023-04-16T09:47:47","guid":{"rendered":"https:\/\/www.fabioferro.eu\/giovanni-raspini-ovales-gliederarmband.html"},"modified":"2025-03-11T18:22:25","modified_gmt":"2025-03-11T17:22:25","slug":"giovanni-raspini-ovales-gliederarmband","status":"publish","type":"product","link":"https:\/\/www.fabioferro.eu\/de\/giovanni-raspini-ovales-gliederarmband.html","title":{"rendered":"Giovanni Raspini Ovales Gliederarmband"},"content":{"rendered":"<p>Armband aus 925er Sterlingsilber.<\/p>\n<p>Die L\u00e4nge des Schmuckst\u00fccks betr\u00e4gt 22,5 cm.<\/p>\n<p>Karabinerverschluss.<\/p>\n<p>Hergestellt von Kunsthandwerkern, Made in Italy.<\/p>\n<p>Geliefert mit offizieller Giovanni Raspini Box und Garantie.<\/p>\n","protected":false},"excerpt":{"rendered":"<p>Ein Armband, das dank seiner schimmernden Reflexe vor Eleganz schimmert und Ihrem Handgelenk einen Hauch von raffinierter Pracht verleiht.<\/p>\n","protected":false},"featured_media":135028,"comment_status":"open","ping_status":"closed","template":"","meta":[],"product_brand":[155],"product_cat":[7569],"product_tag":[7442],"class_list":{"0":"post-135162","1":"product","2":"type-product","3":"status-publish","4":"has-post-thumbnail","6":"product_brand-raspini","7":"product_cat-armbander-giovanni-raspini","8":"product_tag-verfugbar","10":"first","11":"instock","12":"sale","13":"taxable","14":"shipping-taxable","15":"purchasable","16":"product-type-simple"},"exclude_global_add_ons":[],"addons":[],"df_price":139.5,"df_sale_price":139.5,"df_regular_price":155,"df_image_link":"https:\/\/cdn02.fabioferro.eu\/wp-content\/uploads\/bracciale-giovanni-raspini-maglia-ovale-alternata.jpg","_links":{"self":[{"href":"https:\/\/www.fabioferro.eu\/de\/wp-json\/wp\/v2\/product\/135162","targetHints":{"allow":["GET"]}}],"collection":[{"href":"https:\/\/www.fabioferro.eu\/de\/wp-json\/wp\/v2\/product"}],"about":[{"href":"https:\/\/www.fabioferro.eu\/de\/wp-json\/wp\/v2\/types\/product"}],"replies":[{"embeddable":true,"href":"https:\/\/www.fabioferro.eu\/de\/wp-json\/wp\/v2\/comments?post=135162"}],"version-history":[{"count":0,"href":"https:\/\/www.fabioferro.eu\/de\/wp-json\/wp\/v2\/product\/135162\/revisions"}],"wp:featuredmedia":[{"embeddable":true,"href":"https:\/\/www.fabioferro.eu\/de\/wp-json\/wp\/v2\/media\/135028"}],"wp:attachment":[{"href":"https:\/\/www.fabioferro.eu\/de\/wp-json\/wp\/v2\/media?parent=135162"}],"wp:term":[{"taxonomy":"product_brand","embeddable":true,"href":"https:\/\/www.fabioferro.eu\/de\/wp-json\/wp\/v2\/product_brand?post=135162"},{"taxonomy":"product_cat","embeddable":true,"href":"https:\/\/www.fabioferro.eu\/de\/wp-json\/wp\/v2\/product_cat?post=135162"},{"taxonomy":"product_tag","embeddable":true,"href":"https:\/\/www.fabioferro.eu\/de\/wp-json\/wp\/v2\/product_tag?post=135162"}],"curies":[{"name":"wp","href":"https:\/\/api.w.org\/{rel}","templated":true}]}}