{"id":135168,"date":"2023-04-16T11:47:46","date_gmt":"2023-04-16T09:47:46","guid":{"rendered":"https:\/\/www.fabioferro.eu\/giovanni-raspini-beeren-armband.html"},"modified":"2025-03-11T18:26:40","modified_gmt":"2025-03-11T17:26:40","slug":"giovanni-raspini-beeren-armband","status":"publish","type":"product","link":"https:\/\/www.fabioferro.eu\/de\/giovanni-raspini-beeren-armband.html","title":{"rendered":"Giovanni Raspini Beeren-Armband"},"content":{"rendered":"<p>Armband komplett aus 925er Sterlingsilber.<\/p>\n<p>Die L\u00e4nge des Schmuckst\u00fccks betr\u00e4gt 20 cm.<\/p>\n<p>Karabinerverschluss mit verstellbaren Gliedern.<\/p>\n<p>Hergestellt von italienischen Handwerkern, Made in Italy.<\/p>\n<p>Geliefert mit offizieller Giovanni Raspini Box und Garantie.<\/p>\n","protected":false},"excerpt":{"rendered":"<p>Ein Armband, das durch seine schlichte Sch\u00f6nheit besticht. Klare Linien und subtile Details sorgen f\u00fcr einen zeitlosen Look.<\/p>\n","protected":false},"featured_media":135022,"comment_status":"open","ping_status":"closed","template":"","meta":[],"product_brand":[155],"product_cat":[7569],"product_tag":[],"class_list":{"0":"post-135168","1":"product","2":"type-product","3":"status-publish","4":"has-post-thumbnail","6":"product_brand-raspini","7":"product_cat-armbander-giovanni-raspini","9":"first","10":"instock","11":"sale","12":"taxable","13":"shipping-taxable","14":"purchasable","15":"product-type-simple"},"exclude_global_add_ons":[],"addons":[],"df_price":198,"df_sale_price":198,"df_regular_price":220,"df_image_link":"https:\/\/cdn02.fabioferro.eu\/wp-content\/uploads\/bracciale-giovanni-raspini-berries.jpg","_links":{"self":[{"href":"https:\/\/www.fabioferro.eu\/de\/wp-json\/wp\/v2\/product\/135168","targetHints":{"allow":["GET"]}}],"collection":[{"href":"https:\/\/www.fabioferro.eu\/de\/wp-json\/wp\/v2\/product"}],"about":[{"href":"https:\/\/www.fabioferro.eu\/de\/wp-json\/wp\/v2\/types\/product"}],"replies":[{"embeddable":true,"href":"https:\/\/www.fabioferro.eu\/de\/wp-json\/wp\/v2\/comments?post=135168"}],"version-history":[{"count":0,"href":"https:\/\/www.fabioferro.eu\/de\/wp-json\/wp\/v2\/product\/135168\/revisions"}],"wp:featuredmedia":[{"embeddable":true,"href":"https:\/\/www.fabioferro.eu\/de\/wp-json\/wp\/v2\/media\/135022"}],"wp:attachment":[{"href":"https:\/\/www.fabioferro.eu\/de\/wp-json\/wp\/v2\/media?parent=135168"}],"wp:term":[{"taxonomy":"product_brand","embeddable":true,"href":"https:\/\/www.fabioferro.eu\/de\/wp-json\/wp\/v2\/product_brand?post=135168"},{"taxonomy":"product_cat","embeddable":true,"href":"https:\/\/www.fabioferro.eu\/de\/wp-json\/wp\/v2\/product_cat?post=135168"},{"taxonomy":"product_tag","embeddable":true,"href":"https:\/\/www.fabioferro.eu\/de\/wp-json\/wp\/v2\/product_tag?post=135168"}],"curies":[{"name":"wp","href":"https:\/\/api.w.org\/{rel}","templated":true}]}}