{"id":135563,"date":"2024-04-18T17:27:56","date_gmt":"2024-04-18T15:27:56","guid":{"rendered":"https:\/\/www.fabioferro.eu\/fope-solo-flex-it-collection-armband-aus-weissgold-mit-barrel-und-diamanten.html"},"modified":"2026-01-09T16:21:02","modified_gmt":"2026-01-09T15:21:02","slug":"fope-solo-flex-it-collection-armband-aus-weissgold-mit-barrel-und-diamanten","status":"publish","type":"product","link":"https:\/\/www.fabioferro.eu\/de\/fope-solo-flex-it-collection-armband-aus-weissgold-mit-barrel-und-diamanten.html","title":{"rendered":"Fope Solo Flex It Collection Armband aus Wei\u00dfgold mit Barrel und Diamanten"},"content":{"rendered":"<p>Dieses Armband wird dank jahrelanger Erfahrung und wichtiger Maschinen mit h\u00f6chster Qualit\u00e4t und Pr\u00e4zision hergestellt.<\/p>\n<p>Das Gestrick, aus dem dieses Juwel besteht, ist das SOLO, ein Unikat und das R\u00fcckgrat des Unternehmens Fope.<\/p>\n<p>Der Star dieses Schmuckst\u00fccks ist das mit 0,29 Karat Brillanten besetzte Wei\u00dfgoldfass. Farbe G und Reinheit VS1.<\/p>\n<p>Das Besondere an diesem Schmuckst\u00fcck ist, dass es ein Flex&#8217;it-Glied hat, d.h. aus Goldfedern besteht. Dadurch ist es verschlusslos und \u00e4u\u00dferst angenehm zu tragen.<\/p>\n<p>W\u00e4hrend der Produktion wird jedes flex&#8217;it-Juwel mit 12.000 Z\u00fcgen getestet.<\/p>\n<p>Hergestellt in Italien, Vicenza.<\/p>\n<p>Mit eleganter Geschenkbox und offizieller internationaler Fope-Garantie.<\/p>\n<p><img decoding=\"async\" class=\"alignnone size-full wp-image-205465\" src=\"http:\/\/cdn02.fabioferro.eu\/wp-content\/uploads\/tabelle-misure-bracciali.jpg\" alt=\"\" width=\"1900\" height=\"153\" title=\"\" srcset=\"https:\/\/cdn02.fabioferro.eu\/wp-content\/uploads\/tabelle-misure-bracciali.jpg 1900w, https:\/\/cdn02.fabioferro.eu\/wp-content\/uploads\/tabelle-misure-bracciali-768x62.jpg 768w, https:\/\/cdn02.fabioferro.eu\/wp-content\/uploads\/tabelle-misure-bracciali-1536x124.jpg 1536w, https:\/\/cdn02.fabioferro.eu\/wp-content\/uploads\/tabelle-misure-bracciali-990x80.jpg 990w, https:\/\/cdn02.fabioferro.eu\/wp-content\/uploads\/tabelle-misure-bracciali-441x36.jpg 441w, https:\/\/cdn02.fabioferro.eu\/wp-content\/uploads\/tabelle-misure-bracciali-600x48.jpg 600w, https:\/\/cdn02.fabioferro.eu\/wp-content\/uploads\/tabelle-misure-bracciali-150x12.jpg 150w\" sizes=\"(max-width: 1900px) 100vw, 1900px\" \/><\/p>\n","protected":false},"excerpt":{"rendered":"<p>Fope Solo ist der Inbegriff von hochwertigem Schmuck Made in Italy. Entdecken Sie die gesamte Flex&#8217;it-Kollektion!<\/p>\n","protected":false},"featured_media":135509,"comment_status":"open","ping_status":"closed","template":"","meta":[],"product_brand":[154],"product_cat":[6161],"product_tag":[],"class_list":{"0":"post-135563","1":"product","2":"type-product","3":"status-publish","4":"has-post-thumbnail","6":"product_brand-fope","7":"product_cat-fope-armbander","9":"first","10":"instock","11":"taxable","12":"shipping-taxable","13":"purchasable","14":"product-type-variable","15":"has-default-attributes"},"exclude_global_add_ons":[],"addons":[],"df_price":6110,"df_sale_price":"","df_regular_price":6110,"df_image_link":"https:\/\/cdn02.fabioferro.eu\/wp-content\/uploads\/bracciale-fope-collezione-solo-flexit-in-oro-bianco-con-diamanti-63406bx_pb_b_xbx.jpg","_links":{"self":[{"href":"https:\/\/www.fabioferro.eu\/de\/wp-json\/wp\/v2\/product\/135563","targetHints":{"allow":["GET"]}}],"collection":[{"href":"https:\/\/www.fabioferro.eu\/de\/wp-json\/wp\/v2\/product"}],"about":[{"href":"https:\/\/www.fabioferro.eu\/de\/wp-json\/wp\/v2\/types\/product"}],"replies":[{"embeddable":true,"href":"https:\/\/www.fabioferro.eu\/de\/wp-json\/wp\/v2\/comments?post=135563"}],"version-history":[{"count":2,"href":"https:\/\/www.fabioferro.eu\/de\/wp-json\/wp\/v2\/product\/135563\/revisions"}],"predecessor-version":[{"id":206282,"href":"https:\/\/www.fabioferro.eu\/de\/wp-json\/wp\/v2\/product\/135563\/revisions\/206282"}],"wp:featuredmedia":[{"embeddable":true,"href":"https:\/\/www.fabioferro.eu\/de\/wp-json\/wp\/v2\/media\/135509"}],"wp:attachment":[{"href":"https:\/\/www.fabioferro.eu\/de\/wp-json\/wp\/v2\/media?parent=135563"}],"wp:term":[{"taxonomy":"product_brand","embeddable":true,"href":"https:\/\/www.fabioferro.eu\/de\/wp-json\/wp\/v2\/product_brand?post=135563"},{"taxonomy":"product_cat","embeddable":true,"href":"https:\/\/www.fabioferro.eu\/de\/wp-json\/wp\/v2\/product_cat?post=135563"},{"taxonomy":"product_tag","embeddable":true,"href":"https:\/\/www.fabioferro.eu\/de\/wp-json\/wp\/v2\/product_tag?post=135563"}],"curies":[{"name":"wp","href":"https:\/\/api.w.org\/{rel}","templated":true}]}}